{"id":18785,"date":"2023-11-02T13:14:54","date_gmt":"2023-11-02T12:14:54","guid":{"rendered":"https:\/\/pawz.rs\/?post_type=product&#038;p=18785"},"modified":"2025-01-29T09:59:34","modified_gmt":"2025-01-29T08:59:34","slug":"tauro-pro-line-pure-nature-calming-elixir-no-3-30ml","status":"publish","type":"product","link":"https:\/\/pawz.rs\/en\/tauro-pro-line-pure-nature-calming-elixir-no-3-30ml\/","title":{"rendered":"Tauro Pro Line Pure Nature Calming Elixir No.3 &#8211; 30ml"},"content":{"rendered":"<p class=\"my-3 tamnozelena2\"><strong>Tauro Pro Line Pure Nature Calming Elixir No.3 &#8211; 30ml<\/strong><\/p>\n<p>Hranljivi eliksir koji ubla\u017euje iritacije ko\u017ee, umanjuje svrab i \u010dini dlaku i ko\u017eu zdravim.<\/p>\n<p><strong>Benefiti:<\/strong><\/p>\n<ul>\n<li>18 aktivnih sastojaka<\/li>\n<li>Bogat esencijalnim i prirodnim uljima<\/li>\n<li>Pogodan za pse i ma\u010dke svih rasa<\/li>\n<li>Ne sadr\u017ei silokone, SLS i parabene<\/li>\n<li>Napravljen u saradnji sa odgajiva\u010dima<\/li>\n<\/ul>\n<p><strong>Klju\u010dni sastojci:<\/strong><\/p>\n<ul>\n<li>Esencijalno ulje Kedra &#8211; ima anti-upalno i anti-fungalno dejstvo<\/li>\n<li>Esencijalno ulje Lavande &#8211; spre\u010dava svrab ko\u017ee i pojavu peruti<\/li>\n<li>Limunova trava &#8211; bori se protiv peruti<\/li>\n<li>Esencijalno ulje Anisa &#8211; poma\u017ee rast dlake<\/li>\n<li>Ulje Sladi\u0107a &#8211; stimuli\u0161e rast dlake<\/li>\n<li>Ulje Orhideje &#8211; ima anti-upalna i anti-bakterijska dejstva<\/li>\n<li>Ulje semena Baobaba &#8211; hidrira i oja\u010dava suvu dlaku<\/li>\n<li>Esencijalno ulje Kopaibe &#8211; balansira masno\u0107u ko\u017ee<\/li>\n<li>Esencijalno ulje Nane &#8211; Spre\u010dava suvo\u0107u ko\u017ee i \u010de\u0161anje<\/li>\n<li>Ulje Konoplje &#8211; pobolj\u0161ava rast dlake<\/li>\n<li>Ulje Crnog Kima &#8211; \u010dini dlaku hidriranom<\/li>\n<li>Ulje pirin\u010danih mekinja &#8211; hrani dlaku<\/li>\n<li>Ulje \u0160i oraha &#8211; hrani i vla\u017ei dlaku i ko\u017eu<\/li>\n<li>Esencijalnu ulje Ruzmarina &#8211; ima anti-upalna svojstva<\/li>\n<li>Esencijalno ulje drveta \u010cajevca &#8211; odr\u017eava vla\u017enost i zdravlje dlake<\/li>\n<li>Kokosovo ulje &#8211; hidrira dlaku<\/li>\n<li>Ulje semena Kamelije &#8211; hrani folikule dlake<\/li>\n<\/ul>\n<p><strong>Sastav:<\/strong><br \/>\nLauri\u010dna kiselina, Ulje Cannabis Sativa (Konoplja), PEG-40 Hidrogenizovano ricinusovo ulje, Ulje Oryza Sativa (p\u0161eni\u010dne mekinje), Ulje Nigella Sativa (crni kim), Ulje Glycyrrhiza Glabra (Sladi\u0107) Absolute, Ulje bobice Euterpe Oleracea (Akai), Ulje semena Adansonia Digitata (Baobab), Ulje oraha Butyrospermum Parkii (\u0160i), Ulje Anacamptis Morio (Orhideja), Esencijalno ulje Rosmarinus Officinalis (Ruzmarin), Esencijalno ulje Juniperus Mexicana (teksa\u0161ki Kedar), Esencijalno ulje Lavandula Angustifolia (Lavanda), Esencijalno ulje Cymbopogon Flexuosus (Limunova trava), Ulje Cocos Nucifera (Kokoks), Esencijalno ulje Pimpinella Anisum (Anis), Esencijalno ulje Copaifera Officinalis (Copaiba Oleoresin),Ulje semena\u00a0 Camellia Sinensis (Kamelija), Esencijalno ulje Melaleuca Alternifolia (drvo \u010cajevca) Essentia, Esencijalno ulje Mentha x Piperita (Nana).<\/p>\n<p><strong>Uputstvo za upotrebu:<br \/>\n<\/strong>Dodati 10-15 kapi eliksira u \u0161ampon ili kondicioner.<\/p>\n<p>Umasirati u ko\u017eu i dlaku od korena do krajeva. Ostaviti da deluje 3-5 minuta i isprati.<\/p>\n<p>Koristite ovaj eliksir i kao uljanu masku: umasirati u dlaku, ostaviti da deluje 20-30 minuta i isprati \u0161amponom.<\/p>\n<p>Proizvo\u0111a\u010d: AKVATERA LT, UAB; EU<br \/>\nZemlja porekla: Litvanija<\/p>\n\n    <div class=\"xs_social_share_widget xs_share_url after_content \t\tmain_content  wslu-style-1 wslu-share-box-shaped wslu-fill-colored wslu-none wslu-share-horizontal wslu-theme-font-no wslu-main_content\">\n\n\t\t\n        <ul>\n\t\t\t        <\/ul>\n    <\/div>","protected":false},"excerpt":{"rendered":"<p>Hranljivi eliksir koji ubla\u017euje iritacije ko\u017ee, umanjuje svrab i \u010dini dlaku i ko\u017eu zdravim.<\/p>","protected":false},"featured_media":18773,"comment_status":"open","ping_status":"closed","template":"","meta":{"_acf_changed":false},"pwb-brand":[374],"product_cat":[344,80,104,389,47,368],"product_tag":[],"class_list":{"0":"post-18785","1":"product","2":"type-product","3":"status-publish","4":"has-post-thumbnail","6":"pwb-brand-tauro-pro-line","7":"product_cat-regeneratori-za-macke","8":"product_cat-higijena-nega-macaka","9":"product_cat-higijena-i-nega-pasa","10":"product_cat-higijenski-proizvodi-higijena-i-nega-pasa","11":"product_cat-psi","12":"product_cat-regeneratori-za-pse","14":"first","15":"instock","16":"taxable","17":"shipping-taxable","18":"purchasable","19":"product-type-simple"},"acf":[],"brands":[{"id":374,"name":"Tauro Pro Line","slug":"tauro-pro-line"}],"_links":{"self":[{"href":"https:\/\/pawz.rs\/en\/wp-json\/wp\/v2\/product\/18785","targetHints":{"allow":["GET"]}}],"collection":[{"href":"https:\/\/pawz.rs\/en\/wp-json\/wp\/v2\/product"}],"about":[{"href":"https:\/\/pawz.rs\/en\/wp-json\/wp\/v2\/types\/product"}],"replies":[{"embeddable":true,"href":"https:\/\/pawz.rs\/en\/wp-json\/wp\/v2\/comments?post=18785"}],"wp:featuredmedia":[{"embeddable":true,"href":"https:\/\/pawz.rs\/en\/wp-json\/wp\/v2\/media\/18773"}],"wp:attachment":[{"href":"https:\/\/pawz.rs\/en\/wp-json\/wp\/v2\/media?parent=18785"}],"wp:term":[{"taxonomy":"pwb-brand","embeddable":true,"href":"https:\/\/pawz.rs\/en\/wp-json\/wp\/v2\/pwb-brand?post=18785"},{"taxonomy":"product_cat","embeddable":true,"href":"https:\/\/pawz.rs\/en\/wp-json\/wp\/v2\/product_cat?post=18785"},{"taxonomy":"product_tag","embeddable":true,"href":"https:\/\/pawz.rs\/en\/wp-json\/wp\/v2\/product_tag?post=18785"}],"curies":[{"name":"wp","href":"https:\/\/api.w.org\/{rel}","templated":true}]}}