{"id":18786,"date":"2023-11-02T13:14:52","date_gmt":"2023-11-02T12:14:52","guid":{"rendered":"https:\/\/pawz.rs\/?post_type=product&#038;p=18786"},"modified":"2025-01-27T08:48:36","modified_gmt":"2025-01-27T07:48:36","slug":"tauro-pro-line-pure-nature-energizing-elixir-no-4-30ml","status":"publish","type":"product","link":"https:\/\/pawz.rs\/en\/tauro-pro-line-pure-nature-energizing-elixir-no-4-30ml\/","title":{"rendered":"Tauro Pro Line Pure Nature Energizing Elixir No.4 &#8211; 30ml"},"content":{"rendered":"<p class=\"my-3 tamnozelena2\"><strong>Tauro Pro Line Pure NatureEnergizing Elixir No.4 &#8211; 30ml<\/strong><\/p>\n<p>Hranljivi eliksir koji stimuli\u0161e rast dlake, oja\u010dava kako samu dlaku tako i njen folikul o obnavlja oslabljenu strukturu dlake.<\/p>\n<p><strong>Benefiti:<\/strong><\/p>\n<ul>\n<li>18 aktivnih sastojaka<\/li>\n<li>Bogat esencijalnim i prirodnim uljima<\/li>\n<li>Pogodan za pse i ma\u010dke svih rasa<\/li>\n<li>Ne sadr\u017ei silokone, SLS i parabene<\/li>\n<li>Napravljen u saradnji sa odgajiva\u010dima<\/li>\n<\/ul>\n<p><strong>Klju\u010dni sastojci:<\/strong><\/p>\n<ul>\n<li>Esencijalno ulje Lavande &#8211; spre\u010dava svrab ko\u017ee i pojavu peruti<\/li>\n<li>Esencijalno ulje Kedra &#8211; ima anti-upalno i anti-fungalno dejstvo<\/li>\n<li>Esencijalno ulje Eukaliptusa &#8211; ima anti-upalna dejstva<\/li>\n<li>Limunova trava &#8211; bori se protiv peruti<\/li>\n<li>Esencijalno ulje lista Kedra &#8211; stimuli\u0161e rast dlake<\/li>\n<li>Citronela &#8211; poma\u017ee u kontoli lu\u010denja sebuma<\/li>\n<li>Esencijalno ulje Limunske Maj\u010dine du\u0161ice<\/li>\n<li>Esencijalnu ulje Ruzmarina &#8211; ima anti-upalna svojstva<\/li>\n<li>Esencijalno ulje \u017dalfije &#8211; pobolj\u0161ava rast dlake i oja\u010dava je<\/li>\n<li>Esencijalno ulje Mu\u0161katnog ora\u0161\u010di\u0107a &#8211; ima anti-mirkobna svojstva<\/li>\n<li>Esencijalno ulje Ylang Ylang &#8211; nagla\u0161ava strukturu dlake<\/li>\n<li>Esencijalno ulje Cimeta &#8211; pobolj\u0161ava cirkulaciju krvi<\/li>\n<li>Manuka &#8211; oja\u010dava koren dlake<\/li>\n<li>Esencijalno ulje balzama Limuna &#8211; smanjuje gubitak dlake<\/li>\n<li>Esencijalno ulje drveta \u010cajevca &#8211; odr\u017eava vla\u017enost i zdravlje dlake<\/li>\n<\/ul>\n<p><strong>Sastav:<\/strong><br \/>\nEsencijalno ulje Lavandula Angustifolia (Lavanda), Esencijalno ulje Cedrus Atlantica (Kedar), Esencijalno ulje Eucalyptus Globulus (Eucalyptus Globulus), Esencijalno ulje Cymbopogon Flexuosus (limunova trava), Esencijalno ulje Thuja Occidentalis (lict Kedra), Esencijalno ulje Cymbopogon Winterianus (Citronela), Esencijalno ulje Thymus Citriodorus (Limunska maj\u010dina du\u0161ica), Esencijalno ulje Rosmarinus Officinalis (Ruzmarin),Esencijalno ulje Salvia Sclarea (\u017ealfija),Esencijalno ulje Myristica Fragrans (Mu\u0161katni ora\u0161\u010di\u0107), Esencijalno ulje Mentha x Piperita (Nana), Esencijalno ulje Cananga Odorata var. Macrophylla (Kananga),Esencijalno ulje Cinnamomum Cassia (Cimet), Esencijalno ulje Leptospermum Scoparium (Manuka), Esencijalno ulje Melissa Officinalis (Limunski balsam), Esencijalno ulje Melaleuca Alternifolia (drvo \u010dajevca).<\/p>\n<p><strong>Uputstvo za upotrebu:<br \/>\n<\/strong>Dodati 10-15 kapi eliksira u \u0161ampon ili kondicioner.<\/p>\n<p>Umasirati u ko\u017eu i dlaku od korena do krajeva. Ostaviti da deluje 3-5 minuta i isprati.<\/p>\n<p>Koristite ovaj eliksir i kao uljanu masku: umasirati u dlaku, ostaviti da deluje 20-30 minuta i isprati \u0161amponom.<\/p>\n<p>Proizvo\u0111a\u010d: AKVATERA LT, UAB; EU<br \/>\nZemlja porekla: Litvanija<\/p>\n\n    <div class=\"xs_social_share_widget xs_share_url after_content \t\tmain_content  wslu-style-1 wslu-share-box-shaped wslu-fill-colored wslu-none wslu-share-horizontal wslu-theme-font-no wslu-main_content\">\n\n\t\t\n        <ul>\n\t\t\t        <\/ul>\n    <\/div>","protected":false},"excerpt":{"rendered":"<p>Hranljivi eliksir koji stimuli\u0161e rast dlake, oja\u010dava kako samu dlaku tako i njen folikul o obnavlja oslabljenu strukturu dlake.<\/p>","protected":false},"featured_media":18772,"comment_status":"open","ping_status":"closed","template":"","meta":{"_acf_changed":false},"pwb-brand":[374],"product_cat":[344,80,47,104,368,389],"product_tag":[],"class_list":{"0":"post-18786","1":"product","2":"type-product","3":"status-publish","4":"has-post-thumbnail","6":"pwb-brand-tauro-pro-line","7":"product_cat-regeneratori-za-macke","8":"product_cat-higijena-nega-macaka","9":"product_cat-psi","10":"product_cat-higijena-i-nega-pasa","11":"product_cat-regeneratori-za-pse","12":"product_cat-higijenski-proizvodi-higijena-i-nega-pasa","14":"first","15":"instock","16":"taxable","17":"shipping-taxable","18":"purchasable","19":"product-type-simple"},"acf":[],"brands":[{"id":374,"name":"Tauro Pro Line","slug":"tauro-pro-line"}],"_links":{"self":[{"href":"https:\/\/pawz.rs\/en\/wp-json\/wp\/v2\/product\/18786","targetHints":{"allow":["GET"]}}],"collection":[{"href":"https:\/\/pawz.rs\/en\/wp-json\/wp\/v2\/product"}],"about":[{"href":"https:\/\/pawz.rs\/en\/wp-json\/wp\/v2\/types\/product"}],"replies":[{"embeddable":true,"href":"https:\/\/pawz.rs\/en\/wp-json\/wp\/v2\/comments?post=18786"}],"wp:featuredmedia":[{"embeddable":true,"href":"https:\/\/pawz.rs\/en\/wp-json\/wp\/v2\/media\/18772"}],"wp:attachment":[{"href":"https:\/\/pawz.rs\/en\/wp-json\/wp\/v2\/media?parent=18786"}],"wp:term":[{"taxonomy":"pwb-brand","embeddable":true,"href":"https:\/\/pawz.rs\/en\/wp-json\/wp\/v2\/pwb-brand?post=18786"},{"taxonomy":"product_cat","embeddable":true,"href":"https:\/\/pawz.rs\/en\/wp-json\/wp\/v2\/product_cat?post=18786"},{"taxonomy":"product_tag","embeddable":true,"href":"https:\/\/pawz.rs\/en\/wp-json\/wp\/v2\/product_tag?post=18786"}],"curies":[{"name":"wp","href":"https:\/\/api.w.org\/{rel}","templated":true}]}}