{"id":18787,"date":"2023-11-02T10:16:48","date_gmt":"2023-11-02T09:16:48","guid":{"rendered":"https:\/\/pawz.rs\/?post_type=product&#038;p=18787"},"modified":"2024-02-21T14:10:46","modified_gmt":"2024-02-21T13:10:46","slug":"tauro-pro-line-ultra-natural-ultimate-repair-clay-mask-450ml","status":"publish","type":"product","link":"https:\/\/pawz.rs\/en\/tauro-pro-line-ultra-natural-ultimate-repair-clay-mask-450ml\/","title":{"rendered":"Tauro Pro Line Ultra Natural Ultimate Repair Clay Mask &#8211; 450ml"},"content":{"rendered":"<p class=\"my-3 tamnozelena2\"><strong>Tauro Pro Line Ultra Natural Ultimate Repair Clay Mask &#8211; 450ml<\/strong><\/p>\n<p>Maska na bazi gline koja obnavlja, detoksikuje i regeneri\u0161e dlaku ljubimaca.<\/p>\n<p><strong>Benefiti:\u00a0<\/strong><\/p>\n<ul>\n<li>100% prirodni sastojci<\/li>\n<li>Ne sadr\u017ei SLS, parabene, mineralna ulja i silikone<\/li>\n<li>Pogodna za pse i ma\u010dke<\/li>\n<li>Pogodna za sve tipove dlake<\/li>\n<\/ul>\n<p>Ultra Natural Ultimate Repair Clay Maska je napravljena od potpuno prirodnih sastojaka i ne\u0161kodljiva za ljubimce.<\/p>\n<p>Sadr\u017ei Zeolit, mineral koji dubinski \u010disti ko\u017eu od ne\u010disto\u0107a.<\/p>\n<p>Zeolit se ne apsorbuje u ko\u017eu.<\/p>\n<p>Sadr\u017ei najne\u017eniju od svih glina a to je bela glina koja je pogodna za sve tipove ko\u017ee.<\/p>\n<p>Ona ne\u017eno ali efektno hidrira ko\u017eu i snabdeva je mineralima.<\/p>\n<p>Ova maska mo\u017ee pomo\u0107i kod hidratacije ko\u017ee, o\u010duvanja njene prirodne za\u0161titne barijere, pobolj\u0161anja njene strukture.<\/p>\n<p>Tako\u0111e mo\u017ee spre\u010diti pojavu peruti, podstaknuti zdravi rast dlake i obnavljanju folikula.<\/p>\n<p>Poma\u017ee da se o\u017eivi, detoksikuje i regeneri\u0161e iritirana ko\u017ea.<\/p>\n<p><strong>Sastav:<\/strong><br \/>\nZeolit (klinoptiolit), kaolin glina kaolinat (Bela glina), Francuska zelena glina (zeleni montmorillonit)<\/p>\n<p><strong>Uputstvo za upotrebu:<br \/>\n<\/strong>Pome\u0161ati tri supene ka\u0161ike maske sa 200ml alkalne Tauro Pro Line Pure Mist ili obi\u010dne vode.<\/p>\n<p>Dobro prome\u0161ati i naneti na ko\u017eu i dlaku ljubimca.<\/p>\n<p>Obmotati telo ljubimca pe\u0161kirom.<\/p>\n<p>Nakon 20 minuta isprati toplom vodom<\/p>\n<p>Proizvo\u0111a\u010d: AKVATERA LT, UAB; EU<br \/>\nZemlja porekla: Litvanija<\/p>\n\n    <div class=\"xs_social_share_widget xs_share_url after_content \t\tmain_content  wslu-style-1 wslu-share-box-shaped wslu-fill-colored wslu-none wslu-share-horizontal wslu-theme-font-no wslu-main_content\">\n\n\t\t\n        <ul>\n\t\t\t        <\/ul>\n    <\/div>","protected":false},"excerpt":{"rendered":"<p>Maska na bazi gline koja obnavlja, detoksikuje i regeneri\u0161e dlaku ljubimaca.<\/p>","protected":false},"featured_media":18779,"comment_status":"open","ping_status":"closed","template":"","meta":{"_acf_changed":false},"pwb-brand":[374],"product_cat":[344,80,104,389,47,368],"product_tag":[],"class_list":{"0":"post-18787","1":"product","2":"type-product","3":"status-publish","4":"has-post-thumbnail","6":"pwb-brand-tauro-pro-line","7":"product_cat-regeneratori-za-macke","8":"product_cat-higijena-nega-macaka","9":"product_cat-higijena-i-nega-pasa","10":"product_cat-higijenski-proizvodi-higijena-i-nega-pasa","11":"product_cat-psi","12":"product_cat-regeneratori-za-pse","14":"first","15":"instock","16":"taxable","17":"shipping-taxable","18":"purchasable","19":"product-type-simple"},"acf":[],"brands":[{"id":374,"name":"Tauro Pro Line","slug":"tauro-pro-line"}],"_links":{"self":[{"href":"https:\/\/pawz.rs\/en\/wp-json\/wp\/v2\/product\/18787","targetHints":{"allow":["GET"]}}],"collection":[{"href":"https:\/\/pawz.rs\/en\/wp-json\/wp\/v2\/product"}],"about":[{"href":"https:\/\/pawz.rs\/en\/wp-json\/wp\/v2\/types\/product"}],"replies":[{"embeddable":true,"href":"https:\/\/pawz.rs\/en\/wp-json\/wp\/v2\/comments?post=18787"}],"wp:featuredmedia":[{"embeddable":true,"href":"https:\/\/pawz.rs\/en\/wp-json\/wp\/v2\/media\/18779"}],"wp:attachment":[{"href":"https:\/\/pawz.rs\/en\/wp-json\/wp\/v2\/media?parent=18787"}],"wp:term":[{"taxonomy":"pwb-brand","embeddable":true,"href":"https:\/\/pawz.rs\/en\/wp-json\/wp\/v2\/pwb-brand?post=18787"},{"taxonomy":"product_cat","embeddable":true,"href":"https:\/\/pawz.rs\/en\/wp-json\/wp\/v2\/product_cat?post=18787"},{"taxonomy":"product_tag","embeddable":true,"href":"https:\/\/pawz.rs\/en\/wp-json\/wp\/v2\/product_tag?post=18787"}],"curies":[{"name":"wp","href":"https:\/\/api.w.org\/{rel}","templated":true}]}}