{"id":19308,"date":"2023-12-04T13:04:30","date_gmt":"2023-12-04T12:04:30","guid":{"rendered":"https:\/\/pawz.rs\/?post_type=product&#038;p=19308"},"modified":"2026-04-21T21:35:17","modified_gmt":"2026-04-21T19:35:17","slug":"turbo-pancid-1l","status":"publish","type":"product","link":"https:\/\/pawz.rs\/en\/turbo-pancid-1l\/","title":{"rendered":"Turbo Pancid 1l"},"content":{"rendered":"<p><strong>Pancid turbo<\/strong>\u00a0se koristi za suzbijanje gmi\u017eu\u0107ih insekata (<strong>buba\u0161vaba, bubarusa, mrava, krpelja<\/strong>\u00a0i sl.), kao i lete\u0107ih insekata (<strong>muva, komaraca i sl<\/strong>).<\/p>\n<p>Pancid Turbo je te\u010dni koncentrovani insekticid koji se rastvara u vodi i nanosi prskanjem, slabog je mirisa sa brzim efektom i produ\u017eenim dejstvom u suzbijanju \u0161irokog spektra insekata.<\/p>\n<p><strong>Primena: (20ml na 1l vode)\u00a0<\/strong>Upotrebljava se naprskavanjem na povr\u0161ine gde se javljaju insekti.\u00a0<strong>Preparat nema neprijatan miris, ne ostavlja fleke niti masno\u0107e<\/strong>. Radni rastvor je namenjen za primenu u doma\u0107instvu, objektima javnog zdravlja, poslovnim prostorima, skladi\u0161tima, restoranima, kuhinjama, hotelima, farmama i objektima za uzgoj \u017eivotinja.<\/p>\n<p><strong>Aktivna materija:<\/strong>\u00a0Fipronil 5%, Piriproksifen 0,50%.<\/p>\n<p><strong>Prostor primene:<\/strong><\/p>\n<ul>\n<li>Stambenim objektima (uklju\u010duju\u0107i i kuhinjske prostorije),<\/li>\n<li>Objektima za uzgoj i \u010duvanje \u017eivotinja (farmama, \u0161talama, ku\u0107icama\/boxevima za pse i mace, azilima itd.)<\/li>\n<li>Zdravstvenim ustanovama<\/li>\n<li>Prostorijama za obradu i skladi\u0161tenje hrane<\/li>\n<li>Restoranima, kuhinjama i menzama<\/li>\n<li>Magacinima<\/li>\n<li>Maloprodajnim objektima- prodavnicama<\/li>\n<li>Poslovnim prostorima<\/li>\n<li>Javnim objektima &#8211; hotelima<\/li>\n<li>Fabrikama i radionicama<\/li>\n<\/ul>\n<p><strong>Mesta primene:<\/strong><\/p>\n<ul>\n<li>Pukotine u zidu,<\/li>\n<li>Povr\u0161ine i mesta gde su insekti prime\u0107eni,<\/li>\n<li>Skrivena mesta iza name\u0161taja i opreme,<\/li>\n<li>Vla\u017ena i topla mesta (npr iza fri\u017eidera, elektro ormari\u0107a i sl),<\/li>\n<li>Mesta gde postoje izvori hrane za insekte.<\/li>\n<\/ul>\n<p>Proizvodja\u010d: Panagro M&amp;G<br \/>\nZemlja porekla: Srbija<\/p>\n\n    <div class=\"xs_social_share_widget xs_share_url after_content \t\tmain_content  wslu-style-1 wslu-share-box-shaped wslu-fill-colored wslu-none wslu-share-horizontal wslu-theme-font-no wslu-main_content\">\n\n\t\t\n        <ul>\n\t\t\t        <\/ul>\n    <\/div>","protected":false},"excerpt":{"rendered":"<p><strong>Pancid turbo<\/strong>\u00a0se koristi za suzbijanje gmi\u017eu\u0107ih insekata (<strong>buba\u0161vaba, bubarusa, mrava, krpelja<\/strong>\u00a0i sl.), kao i lete\u0107ih insekata (<strong>muva, komaraca i sl<\/strong>).<\/p>","protected":false},"featured_media":19310,"comment_status":"open","ping_status":"closed","template":"","meta":{"_acf_changed":false},"pwb-brand":[],"product_cat":[388,389],"product_tag":[],"class_list":{"0":"post-19308","1":"product","2":"type-product","3":"status-publish","4":"has-post-thumbnail","6":"product_cat-higijenski-proizvodi","7":"product_cat-higijenski-proizvodi-higijena-i-nega-pasa","9":"first","10":"instock","11":"taxable","12":"shipping-taxable","13":"purchasable","14":"product-type-simple"},"acf":[],"brands":[],"_links":{"self":[{"href":"https:\/\/pawz.rs\/en\/wp-json\/wp\/v2\/product\/19308","targetHints":{"allow":["GET"]}}],"collection":[{"href":"https:\/\/pawz.rs\/en\/wp-json\/wp\/v2\/product"}],"about":[{"href":"https:\/\/pawz.rs\/en\/wp-json\/wp\/v2\/types\/product"}],"replies":[{"embeddable":true,"href":"https:\/\/pawz.rs\/en\/wp-json\/wp\/v2\/comments?post=19308"}],"wp:featuredmedia":[{"embeddable":true,"href":"https:\/\/pawz.rs\/en\/wp-json\/wp\/v2\/media\/19310"}],"wp:attachment":[{"href":"https:\/\/pawz.rs\/en\/wp-json\/wp\/v2\/media?parent=19308"}],"wp:term":[{"taxonomy":"pwb-brand","embeddable":true,"href":"https:\/\/pawz.rs\/en\/wp-json\/wp\/v2\/pwb-brand?post=19308"},{"taxonomy":"product_cat","embeddable":true,"href":"https:\/\/pawz.rs\/en\/wp-json\/wp\/v2\/product_cat?post=19308"},{"taxonomy":"product_tag","embeddable":true,"href":"https:\/\/pawz.rs\/en\/wp-json\/wp\/v2\/product_tag?post=19308"}],"curies":[{"name":"wp","href":"https:\/\/api.w.org\/{rel}","templated":true}]}}