{"id":19344,"date":"2023-12-07T09:48:15","date_gmt":"2023-12-07T08:48:15","guid":{"rendered":"https:\/\/pawz.rs\/?post_type=product&#038;p=19344"},"modified":"2025-12-08T09:17:10","modified_gmt":"2025-12-08T08:17:10","slug":"select-gold-cat-adult-classic-fit-chicken","status":"publish","type":"product","link":"https:\/\/pawz.rs\/en\/select-gold-cat-adult-classic-fit-chicken\/","title":{"rendered":"Select Gold Cat Adult Classic Fit &#8211; Chicken"},"content":{"rendered":"<p><strong>Select Gold Cat Adult Classic Fit &#8211; Chicken\u00a0<\/strong><\/p>\n<p>Classic Fit Cat Adult \u017eivina i pirina\u010d \u2013 potpuna hrana za odrasle ma\u010dke od 12 meseci i starije.<\/p>\n<p><strong>Sastav:<\/strong><br \/>\nBelan\u010devine \u017eivinskog mesa (30,5 %, uklju\u010duju\u0107i 26 % piletine), pirina\u010d (26,5 %), sve\u017ee pile\u0107e meso (16 %), \u017eivinska mast (5 %), pirin\u010dano bra\u0161no (5 %), lignoceluloza (3,5 %), su\u0161ena pulpa repe (3 %), %), hidrolizovane belan\u010devine \u017eivine (3 %), laneno seme (2 %), hidrolizovana \u017eivinska jetra (1 %), pivski kvasac (1 %), lososovo ulje (0,5 %), natrijum hlorid (0,5 %), cela jaja u prahu (0,4 %), kalijum hlorid (0,35 %), suncokretovo ulje (0,3 %), inulin cikorije (0,2 %), brusnice (0,2 %), ljuske semena psyllium (0,1 %). %). Mo\u017ee da sadr\u017ei druge sastojke u tragovima.<\/p>\n<p><strong>Analytical composition:<\/strong><br \/>\nBelan\u010devine 32 %, sadr\u017eaj masti 15 %, sirovi pepeo 7,2 %, sirova vlakna 4 %, kalcijum 1,2 %, fosfor 1 %, omega-6 masne kiseline 3,1 %, omega-3 masne kiseline 0,85 %.<\/p>\n<p><strong>Dodaci\/kg: nutritivni dodaci:<\/strong><br \/>\nVitamin A 16000 IU, vitamin D3 1600 IU, DL-metionin 2500 mg, biotin 300 \u00b5g, taurin 2000 mg, bakar (bakrov sulfat, pentahidrat) 15 mg, gvo\u017e\u0111e (sulfat gvo\u017e\u0111a, monohidrat) 250 mg, jod (kalcijum jodat, bezvodni) 1,6 mg, mangan (manganov sulfat, monohidrat) 35 mg, selen (natrijum selenit) 0,38 mg, cink (cinkov sulfat, monohidrat) 100 mg, cink (cink helet glicin hidrat, kruti) 50 mg, antioksidansi.<\/p>\n<p>Ova visokokvalitetna suva hrana s formulom <strong>bez p\u0161enice<\/strong> proizvedena je od ukusnog sve\u017eeg pile\u0107eg mesa i osigurava optimalnu ishranu.<\/p>\n<p>Optimalna ishrana \u2013 sadr\u017ei sve va\u017ene komponente koje odraslim ma\u010dkama osiguravaju potrebne hranljive materije.<\/p>\n<p>Optimalan energetski sadr\u017eaj temeljen na potrebama koji omogu\u0107uje lak\u0161e odr\u017eavanje idealne te\u017eine.<\/p>\n<p>Bez dodatih \u0161e\u0107era ili soje.<\/p>\n<p>Bez ve\u0161ta\u010dkih konzervansa, boja ili aroma.<\/p>\n<p>Stvarne potrebe zavise od rase, dobi i nivou aktivnosti va\u0161eg ljubimca.<\/p>\n<p>Serve food in dry form with available fresh water.<br \/>\nFor your pet&#039;s health, consult a veterinarian regularly.<\/p>\n<p>Proizvo\u0111a\u010d: MultiFit Tiernahrungs GmbH, Deutschland<br \/>\nCountry of origin: Germany<\/p>\n\n    <div class=\"xs_social_share_widget xs_share_url after_content \t\tmain_content  wslu-style-1 wslu-share-box-shaped wslu-fill-colored wslu-none wslu-share-horizontal wslu-theme-font-no wslu-main_content\">\n\n\t\t\n        <ul>\n\t\t\t        <\/ul>\n    <\/div>","protected":false},"excerpt":{"rendered":"<p>Potpuna hrana za odrasle ma\u010dke dobi od pribli\u017eno 12 meseci i starije.<\/p>","protected":false},"featured_media":19391,"comment_status":"open","ping_status":"closed","template":"","meta":{"_acf_changed":false},"pwb-brand":[694,698],"product_cat":[23,21,149],"product_tag":[209],"class_list":{"0":"post-19344","1":"product","2":"type-product","3":"status-publish","4":"has-post-thumbnail","6":"pwb-brand-select-gold","7":"pwb-brand-select-gold-hrana-za-macke","8":"product_cat-macke","9":"product_cat-hrana-za-macke","10":"product_cat-granule-za-macke","11":"product_tag-bez-glutena","13":"first","14":"outofstock","15":"taxable","16":"shipping-taxable","17":"purchasable","18":"product-type-variable","19":"has-default-attributes"},"acf":[],"brands":[{"id":694,"name":"Select Gold","slug":"select-gold"},{"id":698,"name":"Select Gold Cat Food","slug":"select-gold-hrana-za-macke"}],"_links":{"self":[{"href":"https:\/\/pawz.rs\/en\/wp-json\/wp\/v2\/product\/19344","targetHints":{"allow":["GET"]}}],"collection":[{"href":"https:\/\/pawz.rs\/en\/wp-json\/wp\/v2\/product"}],"about":[{"href":"https:\/\/pawz.rs\/en\/wp-json\/wp\/v2\/types\/product"}],"replies":[{"embeddable":true,"href":"https:\/\/pawz.rs\/en\/wp-json\/wp\/v2\/comments?post=19344"}],"wp:featuredmedia":[{"embeddable":true,"href":"https:\/\/pawz.rs\/en\/wp-json\/wp\/v2\/media\/19391"}],"wp:attachment":[{"href":"https:\/\/pawz.rs\/en\/wp-json\/wp\/v2\/media?parent=19344"}],"wp:term":[{"taxonomy":"pwb-brand","embeddable":true,"href":"https:\/\/pawz.rs\/en\/wp-json\/wp\/v2\/pwb-brand?post=19344"},{"taxonomy":"product_cat","embeddable":true,"href":"https:\/\/pawz.rs\/en\/wp-json\/wp\/v2\/product_cat?post=19344"},{"taxonomy":"product_tag","embeddable":true,"href":"https:\/\/pawz.rs\/en\/wp-json\/wp\/v2\/product_tag?post=19344"}],"curies":[{"name":"wp","href":"https:\/\/api.w.org\/{rel}","templated":true}]}}