{"id":19347,"date":"2023-12-07T09:48:15","date_gmt":"2023-12-07T08:48:15","guid":{"rendered":"https:\/\/pawz.rs\/?post_type=product&#038;p=19347"},"modified":"2025-12-08T09:17:09","modified_gmt":"2025-12-08T08:17:09","slug":"select-gold-kitten-chicken-rice","status":"publish","type":"product","link":"https:\/\/pawz.rs\/en\/select-gold-kitten-chicken-rice\/","title":{"rendered":"Select Gold Kitten Chicken &amp; Rice"},"content":{"rendered":"<p><strong>Select Gold Kitten Chicken &amp; Rice<\/strong><\/p>\n<p>Select Gold Kitten \u017eivina i pirina\u010d \u2013 potpuna hrana za ma\u010di\u0107e u drugoj fazi rasta, od 4 do 12 meseci starosti.<\/p>\n<p>Ova visokokvalitetna suva hrana s formulom <strong>bez p\u0161enice<\/strong> proizvedena je od ukusnog sve\u017eeg pile\u0107eg mesa i zbog svog sastava posebno je prikladna za ma\u010di\u0107e u drugoj fazi rasta.<\/p>\n<p>Stvarne potrebe zavise od rase, dobi i nivoa aktivnosti va\u0161eg ljubimca.<\/p>\n<p><strong>Sastav:<\/strong><br \/>\nBelan\u010devine \u017eivinskog mesa (32,5 %, uklju\u010duju\u0107i 27 % piletine), pirina\u010d (25 %), sve\u017ee pile\u0107e meso (16 %), \u017eivinska mast (10 %), hidrolizovane belan\u010devine \u017eivine (3 %), su\u0161ena pulpa repe (2,5 %), laneno seme (2 %), lignoceluloza (1,8 %), hidrolizovana \u017eivinska jetra (1 %), lososovo ulje (1 %), suncokretovo ulje (0,7 %), pivski kvasac (0,5 %), cela jaja u prahu (0,4 %), kalijum hlorid (0,25 %), natrijum hlorid (0,25 %), bra\u0161no od morskih algi (0,2 %), inulin cikorije (0,2 %), \u0107elijski zidovi kvasca (0,2 % = 0,021 % beta-glukani i 0,019 % manan-oligosaharidi (MOS)), brusnice (0,1 %), prah biljke Yucca schidigera (0,02 %), bra\u0161no cveta kadife (0,002 %).<\/p>\n<p>Mo\u017ee da sadr\u017ei druge sastojke u tragovima.<\/p>\n<p><strong>Analytical composition:<br \/>\n<\/strong>Belan\u010devine 33 %, sadr\u017eaj masti 22 %, sirovi pepeo 7 %, sirova vlakna 2,5 %, kalcijum 1,25 %, fosfor 1 %, omega-6 masne kiseline 4,6 %, omega-3 masne kiseline 1,03 %.<\/p>\n<p><strong>Dodaci\/kg, nutritivni dodaci:<\/strong><br \/>\nVitamin A 20000 IU, vitamin D3 1600 IU, DL-metionin 2500 mg, L-karnitin 100 mg, biotin 300 \u00b5g, taurin 2000 mg, bakar (bakrov sulfat, pentahidrat) 15 mg, gvo\u017e\u0111e (sulfat gvo\u017e\u0111a, monohidrat) 250 mg, jod (kalcijum jodat, bezvodni) 1,8 mg, mangan (manganov (II) sulfat, monohidrat) 35 mg, selen (natrijum selenit) 0,38 mg, cink (cinkov sulfat, monohidrat) 100 mg, cink (cink helet glicin hidrat, kruti) 50 mg, antioksidansi<\/p>\n<p>Bez dodatih \u0161e\u0107era ili soje.<\/p>\n<p>Bez ve\u0161ta\u010dkih konzervansa, boja ili aroma.<\/p>\n<p>Serve food in dry form with available fresh water.<br \/>\nFor your pet&#039;s health, consult a veterinarian regularly.<\/p>\n<p>Proizvo\u0111a\u010d: MultiFit Tiernahrungs GmbH, Deutschland<br \/>\nCountry of origin: Germany<\/p>\n\n    <div class=\"xs_social_share_widget xs_share_url after_content \t\tmain_content  wslu-style-1 wslu-share-box-shaped wslu-fill-colored wslu-none wslu-share-horizontal wslu-theme-font-no wslu-main_content\">\n\n\t\t\n        <ul>\n\t\t\t        <\/ul>\n    <\/div>","protected":false},"excerpt":{"rendered":"<p>Potpuna hrana za ma\u010di\u0107e u drugoj fazi rasta, od 4 do 12 meseci starosti.<\/p>","protected":false},"featured_media":19390,"comment_status":"open","ping_status":"closed","template":"","meta":{"_acf_changed":false},"pwb-brand":[694,698],"product_cat":[23,21,149],"product_tag":[209],"class_list":{"0":"post-19347","1":"product","2":"type-product","3":"status-publish","4":"has-post-thumbnail","6":"pwb-brand-select-gold","7":"pwb-brand-select-gold-hrana-za-macke","8":"product_cat-macke","9":"product_cat-hrana-za-macke","10":"product_cat-granule-za-macke","11":"product_tag-bez-glutena","13":"first","14":"instock","15":"taxable","16":"shipping-taxable","17":"purchasable","18":"product-type-variable","19":"has-default-attributes"},"acf":[],"brands":[{"id":694,"name":"Select Gold","slug":"select-gold"},{"id":698,"name":"Select Gold Cat Food","slug":"select-gold-hrana-za-macke"}],"_links":{"self":[{"href":"https:\/\/pawz.rs\/en\/wp-json\/wp\/v2\/product\/19347","targetHints":{"allow":["GET"]}}],"collection":[{"href":"https:\/\/pawz.rs\/en\/wp-json\/wp\/v2\/product"}],"about":[{"href":"https:\/\/pawz.rs\/en\/wp-json\/wp\/v2\/types\/product"}],"replies":[{"embeddable":true,"href":"https:\/\/pawz.rs\/en\/wp-json\/wp\/v2\/comments?post=19347"}],"wp:featuredmedia":[{"embeddable":true,"href":"https:\/\/pawz.rs\/en\/wp-json\/wp\/v2\/media\/19390"}],"wp:attachment":[{"href":"https:\/\/pawz.rs\/en\/wp-json\/wp\/v2\/media?parent=19347"}],"wp:term":[{"taxonomy":"pwb-brand","embeddable":true,"href":"https:\/\/pawz.rs\/en\/wp-json\/wp\/v2\/pwb-brand?post=19347"},{"taxonomy":"product_cat","embeddable":true,"href":"https:\/\/pawz.rs\/en\/wp-json\/wp\/v2\/product_cat?post=19347"},{"taxonomy":"product_tag","embeddable":true,"href":"https:\/\/pawz.rs\/en\/wp-json\/wp\/v2\/product_tag?post=19347"}],"curies":[{"name":"wp","href":"https:\/\/api.w.org\/{rel}","templated":true}]}}