{"id":19351,"date":"2023-12-07T09:48:50","date_gmt":"2023-12-07T08:48:50","guid":{"rendered":"https:\/\/pawz.rs\/?post_type=product&#038;p=19351"},"modified":"2025-12-08T09:17:08","modified_gmt":"2025-12-08T08:17:08","slug":"select-gold-dog-adult-maxi-beef-12-kg","status":"publish","type":"product","link":"https:\/\/pawz.rs\/en\/select-gold-dog-adult-maxi-beef-12-kg\/","title":{"rendered":"Select Gold Dog Adult Maxi-Beef 12 kg"},"content":{"rendered":"<p><strong>Select Gold Dog Adult Maxi-Beef\u00a0<\/strong><\/p>\n<p>Select Gold Dog Adult Maxi je uravnote\u017eena suva hrana za velike odrasle pse (te\u017eine&gt;25 kg) od 15 meseci i starije.<\/p>\n<p>Ova visokokvalitetna suva hrana proizvedena je od ukusnog sve\u017eeg gove\u0111eg mesa.<\/p>\n<p><strong>Sastav:<\/strong><br \/>\nSve\u017ea govedina (20 %), belan\u010devine \u017eivinskog mesa (19,5 %), kukuruz (19 %), kukuruzno bra\u0161no (16,5 %), pirina\u010d (6,3 %), sirak (4 %), su\u0161ena pulpa repe (3 %), hidrolizovane belan\u010devine \u017eivine (3 %), laneno seme (2 %), \u017eivinska mast (1,7 %), kukuruzni gluten (1 %), lignoceluloza (0,9 %), pivski kvasac (0,5 %), kamena so, kalijum hlorid, kalcijum karbonat, cela jaja u prahu, \u0107elijski zidovi kvasca, lososovo ulje (0,2 %), suncokretovo ulje (0,1 %), inulin cikorije (0,1 %), glukozamin iz \u017eivotinjskog tkiva (0,02 %), hondroitin sulfat (0,01 %).<\/p>\n<p>Mo\u017ee da sadr\u017ei druge sastojke u tragovima.<\/p>\n<p><strong>Analytical composition:<br \/>\n<\/strong>Belan\u010devine 25 %, sadr\u017eaj masti 13 %, sirovi pepeo 6,6 %, sirova vlakna 2,5 %, kalcijum 1,2 %, fosfor 0,88 %, omega-6 masne kiseline 2,7 %, omega-3 masne kiseline 0,71 %.<\/p>\n<p><strong>Dodaci\/kg; nutritivni dodaci:<br \/>\n<\/strong>Vitamin A 12000 IU, vitamin D3 1500 IU, bakar (bakrov sulfat, pentahidrat) 12,5 mg, gvo\u017e\u0111e (sulfat gvo\u017e\u0111e, monohidrat) 250 mg, jod (kalcijum jodat, bezvodni) 2 mg, mangan (manganov sulfat, monohidrat) 35 mg, selen (natrijum selenit) 0,35 mg, cink (cinkov sulfat, monohidrat) 100 mg, cink (cink helet glicin hidrat, kruti) 60 mg.<\/p>\n<p><strong>Tehnolo\u0161ki dodaci:<\/strong> Antioksidansi.<\/p>\n<p>Bez dodatih \u0161e\u0107era ili soje.<\/p>\n<p>Bez ve\u0161ta\u010dkih konzervansa, boja ili aroma.<\/p>\n<p>Serve food in dry form with available fresh water.<br \/>\nFor your pet&#039;s health, consult a veterinarian regularly.<\/p>\n<p>Proizvo\u0111a\u010d: MultiFit Tiernahrungs GmbH, Deutschland<br \/>\nCountry of origin: Germany<\/p>\n\n    <div class=\"xs_social_share_widget xs_share_url after_content \t\tmain_content  wslu-style-1 wslu-share-box-shaped wslu-fill-colored wslu-none wslu-share-horizontal wslu-theme-font-no wslu-main_content\">\n\n\t\t\n        <ul>\n\t\t\t        <\/ul>\n    <\/div>","protected":false},"excerpt":{"rendered":"<p>Uravnote\u017eena suva hrana za velike odrasle pse (te\u017eine&gt;25 kg)od 15 meseci i starije.<\/p>","protected":false},"featured_media":19377,"comment_status":"open","ping_status":"closed","template":"","meta":{"_acf_changed":false},"pwb-brand":[694,697],"product_cat":[47,48,49],"product_tag":[],"class_list":{"0":"post-19351","1":"product","2":"type-product","3":"status-publish","4":"has-post-thumbnail","6":"pwb-brand-select-gold","7":"pwb-brand-select-gold-hrana-za-pse","8":"product_cat-psi","9":"product_cat-hrana-za-pse","10":"product_cat-granule-za-pse","12":"first","13":"instock","14":"taxable","15":"shipping-taxable","16":"purchasable","17":"product-type-simple"},"acf":[],"brands":[{"id":694,"name":"Select Gold","slug":"select-gold"},{"id":697,"name":"Select Gold Dog Food","slug":"select-gold-hrana-za-pse"}],"_links":{"self":[{"href":"https:\/\/pawz.rs\/en\/wp-json\/wp\/v2\/product\/19351","targetHints":{"allow":["GET"]}}],"collection":[{"href":"https:\/\/pawz.rs\/en\/wp-json\/wp\/v2\/product"}],"about":[{"href":"https:\/\/pawz.rs\/en\/wp-json\/wp\/v2\/types\/product"}],"replies":[{"embeddable":true,"href":"https:\/\/pawz.rs\/en\/wp-json\/wp\/v2\/comments?post=19351"}],"wp:featuredmedia":[{"embeddable":true,"href":"https:\/\/pawz.rs\/en\/wp-json\/wp\/v2\/media\/19377"}],"wp:attachment":[{"href":"https:\/\/pawz.rs\/en\/wp-json\/wp\/v2\/media?parent=19351"}],"wp:term":[{"taxonomy":"pwb-brand","embeddable":true,"href":"https:\/\/pawz.rs\/en\/wp-json\/wp\/v2\/pwb-brand?post=19351"},{"taxonomy":"product_cat","embeddable":true,"href":"https:\/\/pawz.rs\/en\/wp-json\/wp\/v2\/product_cat?post=19351"},{"taxonomy":"product_tag","embeddable":true,"href":"https:\/\/pawz.rs\/en\/wp-json\/wp\/v2\/product_tag?post=19351"}],"curies":[{"name":"wp","href":"https:\/\/api.w.org\/{rel}","templated":true}]}}