{"id":19356,"date":"2023-12-07T09:48:57","date_gmt":"2023-12-07T08:48:57","guid":{"rendered":"https:\/\/pawz.rs\/?post_type=product&#038;p=19356"},"modified":"2025-12-08T09:17:01","modified_gmt":"2025-12-08T08:17:01","slug":"select-gold-dog-adult-medium-beef-12-kg","status":"publish","type":"product","link":"https:\/\/pawz.rs\/en\/select-gold-dog-adult-medium-beef-12-kg\/","title":{"rendered":"Select Gold Dog Adult Medium-Beef 12 kg"},"content":{"rendered":"<p><strong>Select Gold Dog Adult Medium-Beef\u00a0<\/strong><\/p>\n<p>Select Gold Dog Adult Medium je posebno je razvijena, uravnote\u017eena suva hrana za odrasle pse srednje rase (te\u017eine 11\u201325 kg)od 12 meseci i starije.<\/p>\n<p>Ova visokokvalitetna suva hrana proizvedena je od ukusnog sve\u017eeg gove\u0111eg mesa.<\/p>\n<p>Razvijeno u saradnji sa veterinarskim stru\u010dnjacima.<\/p>\n<p><strong>Sastav:<\/strong><br \/>\nSve\u017ee gove\u0111e meso (20 %), belan\u010devine piletine (20 %), kukuruz (18 %), kukuruzno bra\u0161no (17 %), pirina\u010d (5,5 %), sirak (4 %), hidrolizovane belan\u010devine piletine (3 %), su\u0161ena pulpa repe (3 %), lignoceluloza (1,8 %), \u017eivinska mast (1,5%), laneno seme (1,3 %), kukuruzni gluten (1%), pivski kvasac (0,5 %), kamena so, \u0107elijski zidovi kvasca (0,4%=0,076% manan-oligooligosaharidi (MOS) i 0,084% beta-glukan), lososovo ulje (0,35 %), kalcijum karbonat, kalijum hlorid, cela jaja u prahu, inulin cikorije (0,2 %), suncokretovo ulje (0,2 %). Mo\u017ee da sadr\u017ei druge sastojke u tragovima.<\/p>\n<p><strong>Analiti\u010dki sastav<\/strong>:<br \/>\nBelan\u010devine 25 %, sadr\u017eaj masti 13 %, sirovi pepeo 6,8 %, sirova vlakna 3,5 %, kalcijum 1,25 %, fosfor 0,88 %, omega-6 masne kiseline 2,6 %, omega-3 masne kiseline 0,55 %.<\/p>\n<p><strong>Dodaci\/kg; nutritivni dodaci:<\/strong><br \/>\nVitamin A 12000 IU, vitamin D3 1500 IU, bakar (bakrov sulfat, pentahidrat) 12,5 mg, gvo\u017e\u0111e (sulfat gvo\u017e\u0111a, monohidrat) 250 mg, jod (kalcijum jodat, bezvodni) 2 mg, mangan (manganov sulfat, monohidrat) 35 mg, selen (natrijum selenit) 0,35 mg, cink (cinkov sulfat, monohidrat) 100 mg, cink (cink helet glicin hidrat, kruti) 60 mg.<\/p>\n<p><strong>Tehnolo\u0161ki dodaci:<\/strong> Antioksidansi.<\/p>\n<p>Mo\u017ee pobolj\u0161ati razvoj i odr\u017eavanje stabilne crevne flore s prebiotik inulinom.<\/p>\n<p>S lanenim semenom i vrednim vlaknastim biljnim materijalima za podr\u0161ku i pospe\u0161ivanje zdrave crevne flore.<\/p>\n<p>Bez dodatih \u0161e\u0107era ili soje.<\/p>\n<p>Bez ve\u0161ta\u010dkih konzervansa, boja ili aroma.<\/p>\n<p>Optimalna energetska vrednost koja omogu\u0107uje lak\u0161e odr\u017eavanje idealne te\u017eine.<\/p>\n<p>Vredne omega-3 i omega-6 masne kiseline iz lososovog ulja i suncokretovog ulja uz dodatak cinka i pivskog kvasca doprinose zdravlju ko\u017ee i lepom izgledu krzna.<\/p>\n<p>Serve food in dry form with available fresh water.<br \/>\nFor your pet&#039;s health, consult a veterinarian regularly.<\/p>\n<p>Proizvo\u0111a\u010d: MultiFit Tiernahrungs GmbH, Deutschland<br \/>\nCountry of origin: Germany<\/p>\n<p>&nbsp;<\/p>\n\n    <div class=\"xs_social_share_widget xs_share_url after_content \t\tmain_content  wslu-style-1 wslu-share-box-shaped wslu-fill-colored wslu-none wslu-share-horizontal wslu-theme-font-no wslu-main_content\">\n\n\t\t\n        <ul>\n\t\t\t        <\/ul>\n    <\/div>","protected":false},"excerpt":{"rendered":"<p>Uravnote\u017eena suva hrana za odrasle pse srednje rase (te\u017eine 11\u201325 kg)od 12 meseci i starije.<\/p>","protected":false},"featured_media":19379,"comment_status":"open","ping_status":"closed","template":"","meta":{"_acf_changed":false},"pwb-brand":[694,697],"product_cat":[47,48,49],"product_tag":[],"class_list":{"0":"post-19356","1":"product","2":"type-product","3":"status-publish","4":"has-post-thumbnail","6":"pwb-brand-select-gold","7":"pwb-brand-select-gold-hrana-za-pse","8":"product_cat-psi","9":"product_cat-hrana-za-pse","10":"product_cat-granule-za-pse","12":"first","13":"instock","14":"taxable","15":"shipping-taxable","16":"purchasable","17":"product-type-simple"},"acf":[],"brands":[{"id":694,"name":"Select Gold","slug":"select-gold"},{"id":697,"name":"Select Gold Dog Food","slug":"select-gold-hrana-za-pse"}],"_links":{"self":[{"href":"https:\/\/pawz.rs\/en\/wp-json\/wp\/v2\/product\/19356","targetHints":{"allow":["GET"]}}],"collection":[{"href":"https:\/\/pawz.rs\/en\/wp-json\/wp\/v2\/product"}],"about":[{"href":"https:\/\/pawz.rs\/en\/wp-json\/wp\/v2\/types\/product"}],"replies":[{"embeddable":true,"href":"https:\/\/pawz.rs\/en\/wp-json\/wp\/v2\/comments?post=19356"}],"wp:featuredmedia":[{"embeddable":true,"href":"https:\/\/pawz.rs\/en\/wp-json\/wp\/v2\/media\/19379"}],"wp:attachment":[{"href":"https:\/\/pawz.rs\/en\/wp-json\/wp\/v2\/media?parent=19356"}],"wp:term":[{"taxonomy":"pwb-brand","embeddable":true,"href":"https:\/\/pawz.rs\/en\/wp-json\/wp\/v2\/pwb-brand?post=19356"},{"taxonomy":"product_cat","embeddable":true,"href":"https:\/\/pawz.rs\/en\/wp-json\/wp\/v2\/product_cat?post=19356"},{"taxonomy":"product_tag","embeddable":true,"href":"https:\/\/pawz.rs\/en\/wp-json\/wp\/v2\/product_tag?post=19356"}],"curies":[{"name":"wp","href":"https:\/\/api.w.org\/{rel}","templated":true}]}}