{"id":19357,"date":"2023-12-07T09:48:57","date_gmt":"2023-12-07T08:48:57","guid":{"rendered":"https:\/\/pawz.rs\/?post_type=product&#038;p=19357"},"modified":"2025-12-08T09:17:00","modified_gmt":"2025-12-08T08:17:00","slug":"select-gold-dog-adult-medium-chicken-12-kg","status":"publish","type":"product","link":"https:\/\/pawz.rs\/en\/select-gold-dog-adult-medium-chicken-12-kg\/","title":{"rendered":"Select Gold Dog Adult Medium-Chicken 12 kg"},"content":{"rendered":"<p><strong>Select Gold Dog Adult Medium-Chicken<\/strong><\/p>\n<p>Select Gold Dog Adult Medium je uravnote\u017eena suva hrana za odrasle pse srednje rase (te\u017eine 11\u201325 kg)od 12 meseci i starije.<\/p>\n<p>Ova visokokvalitetna suva hrana proizvedena je od ukusnog sve\u017eeg pile\u0107eg mesa.<\/p>\n<p>Razvijeno u saradnji sa veterinarskim stru\u010dnjacima.<\/p>\n<p><strong>Sastav:<\/strong><br \/>\nSve\u017ee pile\u0107e meso (20%), belan\u010devine pile\u0107eg mesa (19.5%), kukuruz (17.5%), kukuruzno bra\u0161no (17.5%), pirina\u010d (5.5%), sirak (4%), hidrolizovane belan\u010devine \u017eivinskog mesa (3%), pivski kvasac (3%), lignoceluloza (2%), laneno seme (2%), \u017eivinska mast (1.3%), pivski kvasac (0.5%), kamena so, \u0107elijski zidovi kvasca, kalcijum karbonat, kalijum hlorid, inulin cikorije (0.2%), jaja u prahu, lososovo ulje (0.15%), suncokretovo ulje (0.1%).<\/p>\n<p>Mo\u017ee da sadr\u017ei druge sastojke u tragovima.<\/p>\n<p><strong>Analiti\u010dki sastav<\/strong>:<br \/>\nBelan\u010devine 25%; sadr\u017eaj masti 12%; sirovi pepeo 6,8%, sirova vlakna 3,5%; kalcijum 1,25%; fosfor 0,86%; omega-6 masne kiseline 2,9%; omega-3 masne kiseline 0,74%<\/p>\n<p><strong>Dodaci\/kg; nutritivni dodaci:<\/strong><br \/>\nA-vitamin 12000 IU; D3-vitamin 1500; bakar (bakrov sulfrat, pentahidrate)\u00a0 12,5mg; gvo\u017e\u0111e (sulfat gvo\u017e\u0111a, monohidrat) 250mg; jod (kalcijum jod, bezvodni) 2mg mangan (manganov sulfat, monohidrate)\u00a0 35mg; selen (natrijum selenit) 0,35mg;\u00a0 cink (cinkov sulfat, monohidrat) 100mg; cink (cink helet glicin hidrat, kruti) 60mg, antioksidansi<\/p>\n<p>Serve food in dry form with available fresh water.<br \/>\nFor your pet&#039;s health, consult a veterinarian regularly.<\/p>\n<p>Proizvo\u0111a\u010d: MultiFit Tiernahrungs GmbH, Deutschland<br \/>\nCountry of origin: Germany<\/p>\n<p>&nbsp;<\/p>\n\n    <div class=\"xs_social_share_widget xs_share_url after_content \t\tmain_content  wslu-style-1 wslu-share-box-shaped wslu-fill-colored wslu-none wslu-share-horizontal wslu-theme-font-no wslu-main_content\">\n\n\t\t\n        <ul>\n\t\t\t        <\/ul>\n    <\/div>","protected":false},"excerpt":{"rendered":"<p>Uravnote\u017eena suva hrana za odrasle pse srednje rase (te\u017eine 11\u201325 kg) od 12 meseci i starije.<\/p>","protected":false},"featured_media":19380,"comment_status":"open","ping_status":"closed","template":"","meta":{"_acf_changed":false},"pwb-brand":[694,697],"product_cat":[47,48,49],"product_tag":[],"class_list":{"0":"post-19357","1":"product","2":"type-product","3":"status-publish","4":"has-post-thumbnail","6":"pwb-brand-select-gold","7":"pwb-brand-select-gold-hrana-za-pse","8":"product_cat-psi","9":"product_cat-hrana-za-pse","10":"product_cat-granule-za-pse","12":"first","13":"instock","14":"taxable","15":"shipping-taxable","16":"purchasable","17":"product-type-simple"},"acf":[],"brands":[{"id":694,"name":"Select Gold","slug":"select-gold"},{"id":697,"name":"Select Gold Dog Food","slug":"select-gold-hrana-za-pse"}],"_links":{"self":[{"href":"https:\/\/pawz.rs\/en\/wp-json\/wp\/v2\/product\/19357","targetHints":{"allow":["GET"]}}],"collection":[{"href":"https:\/\/pawz.rs\/en\/wp-json\/wp\/v2\/product"}],"about":[{"href":"https:\/\/pawz.rs\/en\/wp-json\/wp\/v2\/types\/product"}],"replies":[{"embeddable":true,"href":"https:\/\/pawz.rs\/en\/wp-json\/wp\/v2\/comments?post=19357"}],"wp:featuredmedia":[{"embeddable":true,"href":"https:\/\/pawz.rs\/en\/wp-json\/wp\/v2\/media\/19380"}],"wp:attachment":[{"href":"https:\/\/pawz.rs\/en\/wp-json\/wp\/v2\/media?parent=19357"}],"wp:term":[{"taxonomy":"pwb-brand","embeddable":true,"href":"https:\/\/pawz.rs\/en\/wp-json\/wp\/v2\/pwb-brand?post=19357"},{"taxonomy":"product_cat","embeddable":true,"href":"https:\/\/pawz.rs\/en\/wp-json\/wp\/v2\/product_cat?post=19357"},{"taxonomy":"product_tag","embeddable":true,"href":"https:\/\/pawz.rs\/en\/wp-json\/wp\/v2\/product_tag?post=19357"}],"curies":[{"name":"wp","href":"https:\/\/api.w.org\/{rel}","templated":true}]}}