{"id":19365,"date":"2023-12-07T09:48:55","date_gmt":"2023-12-07T08:48:55","guid":{"rendered":"https:\/\/pawz.rs\/?post_type=product&#038;p=19365"},"modified":"2025-12-08T09:17:03","modified_gmt":"2025-12-08T08:17:03","slug":"select-gold-dog-adult-mini-chicken","status":"publish","type":"product","link":"https:\/\/pawz.rs\/en\/select-gold-dog-adult-mini-chicken\/","title":{"rendered":"Select Gold Dog Adult Mini-Chicken"},"content":{"rendered":"<p><strong>Select Gold Dog Adult Mini-Chicken<\/strong><\/p>\n<p>Select Gold Dog Adult Mini sa piletinom je izbalansirana suva hrana za male odrasle pse (te\u017eine 5\u201310 kg) od 10 meseci.<\/p>\n<p>Ova visokokvalitetna suva hrana proizvedena je od ukusnog sve\u017eeg pile\u0107eg mesa i ima visoku prihvatljivost i toleranciju.<\/p>\n<p>Nutritivni i fiziolo\u0161ki zahtevi malih odraslih pasa bili su posebno usmereni na razvoj ove vrhunske formule.<\/p>\n<p><strong>Sastav:<\/strong><br \/>\nSve\u017ee pilec\u0301e meso (20%), pilec\u0301i proteini (20%), kukuruz (17,5%), kukuruzno bra\u0161no (17%), \u017eivinska mast (4,2%), pirina\u010d (4%), sirak (4%), pilec\u0301i proteini, hidrolizovana (3%), su\u0161ena pulpa cvekle (3%), laneno seme (2%), lignoceluloza (1,2%), pivski kvasac (0,5%), lososovo ulje (0,45%), kamena so, monokalcijum fosfat, suncokretovo ulje (0,3%) %), kalijum hlorid, celo jaje u prahu, c\u0301elijski zidovi kvasca, inulin cikorije (0,1%).<\/p>\n<p>Mo\u017ee sadr\u017eati tragove drugih sastojaka.<\/p>\n<p><strong>Analiti\u010dki sastojci:<\/strong><br \/>\nBelan\u010devine 25%; sadr\u017eaj masti 12%; sirovi pepeo 6,8%, sirova vlakna 3,5%; kalcijum 1,25%; fosfor 0,86%; omega-6 masne kiseline 2,9%; omega-3 masne kiseline 0,74%<\/p>\n<p><strong>Dodaci\/kg; nutritivni dodaci: <\/strong><br \/>\nA-vitamin 12000 IU; D3-vitamin 1500; bakar (bakrov sulfrat, pentahidrate)\u00a0 12,5mg; gvo\u017e\u0111e (sulfat gvo\u017e\u0111a, monohidrat) 250mg; jod (kalcijum jod, bezvodni) 2mg mangan (manganov sulfat, monohidrate)\u00a0 35mg; selen (natrijum selenit) 0,35mg;\u00a0 cink (cinkov sulfat, monohidrat) 100mg; cink (cink helet glicin hidrat, kruti) 60mg<\/p>\n<p><strong>Tehnolo\u0161ki dodaci:<\/strong> Antioksidansi.<\/p>\n<p>Bez dodatih \u0161e\u0107era ili soje.<\/p>\n<p>Bez ve\u0161ta\u010dkih konzervansa, boja ili aroma.<\/p>\n<p>Tablica za hranjenje nalazi se na pakovanju.<\/p>\n<p>Serve food in dry form with available fresh water.<br \/>\nFor your pet&#039;s health, consult a veterinarian regularly.<\/p>\n<p>Proizvo\u0111a\u010d: MultiFit Tiernahrungs GmbH, Deutschland<br \/>\nCountry of origin: Germany<\/p>\n<p>&nbsp;<\/p>\n\n    <div class=\"xs_social_share_widget xs_share_url after_content \t\tmain_content  wslu-style-1 wslu-share-box-shaped wslu-fill-colored wslu-none wslu-share-horizontal wslu-theme-font-no wslu-main_content\">\n\n\t\t\n        <ul>\n\t\t\t        <\/ul>\n    <\/div>","protected":false},"excerpt":{"rendered":"<p>Select Gold Dog Adult Mini predstavlja suvu hranu za odrasle pse male rase, ukus piletine<\/p>","protected":false},"featured_media":19382,"comment_status":"open","ping_status":"closed","template":"","meta":{"_acf_changed":false},"pwb-brand":[694,697],"product_cat":[47,48,49],"product_tag":[],"class_list":{"0":"post-19365","1":"product","2":"type-product","3":"status-publish","4":"has-post-thumbnail","6":"pwb-brand-select-gold","7":"pwb-brand-select-gold-hrana-za-pse","8":"product_cat-psi","9":"product_cat-hrana-za-pse","10":"product_cat-granule-za-pse","12":"first","13":"instock","14":"taxable","15":"shipping-taxable","16":"purchasable","17":"product-type-variable","18":"has-default-attributes"},"acf":[],"brands":[{"id":694,"name":"Select Gold","slug":"select-gold"},{"id":697,"name":"Select Gold Dog Food","slug":"select-gold-hrana-za-pse"}],"_links":{"self":[{"href":"https:\/\/pawz.rs\/en\/wp-json\/wp\/v2\/product\/19365","targetHints":{"allow":["GET"]}}],"collection":[{"href":"https:\/\/pawz.rs\/en\/wp-json\/wp\/v2\/product"}],"about":[{"href":"https:\/\/pawz.rs\/en\/wp-json\/wp\/v2\/types\/product"}],"replies":[{"embeddable":true,"href":"https:\/\/pawz.rs\/en\/wp-json\/wp\/v2\/comments?post=19365"}],"wp:featuredmedia":[{"embeddable":true,"href":"https:\/\/pawz.rs\/en\/wp-json\/wp\/v2\/media\/19382"}],"wp:attachment":[{"href":"https:\/\/pawz.rs\/en\/wp-json\/wp\/v2\/media?parent=19365"}],"wp:term":[{"taxonomy":"pwb-brand","embeddable":true,"href":"https:\/\/pawz.rs\/en\/wp-json\/wp\/v2\/pwb-brand?post=19365"},{"taxonomy":"product_cat","embeddable":true,"href":"https:\/\/pawz.rs\/en\/wp-json\/wp\/v2\/product_cat?post=19365"},{"taxonomy":"product_tag","embeddable":true,"href":"https:\/\/pawz.rs\/en\/wp-json\/wp\/v2\/product_tag?post=19365"}],"curies":[{"name":"wp","href":"https:\/\/api.w.org\/{rel}","templated":true}]}}