{"id":19372,"date":"2023-12-07T09:48:53","date_gmt":"2023-12-07T08:48:53","guid":{"rendered":"https:\/\/pawz.rs\/?post_type=product&#038;p=19372"},"modified":"2025-12-08T09:17:05","modified_gmt":"2025-12-08T08:17:05","slug":"select-gold-dog-maxi-junior","status":"publish","type":"product","link":"https:\/\/pawz.rs\/en\/select-gold-dog-maxi-junior\/","title":{"rendered":"Select Gold Dog Maxi Junior"},"content":{"rendered":"<p><strong>Select Gold Dog Adult Maxi Junior<\/strong><\/p>\n<p><strong> Maxi Junior <\/strong><strong>piletina<\/strong> &#8211; uravnote\u017eena, suva hrana za \u0161tence i mlade pse velike rase(te\u017eine &gt; 25 kg) od prestanka sisanja do 15 meseci starosti (zavisi od veli\u010dine psa), za skotne pse i pse u laktaciji.<\/p>\n<p>Ova visokokvalitetna suva hrana proizvedena je od ukusnog sve\u017eeg pile\u0107eg mesa.<\/p>\n<p>Razvijeno u saradnji sa veterinarskim stru\u010dnjacima.<\/p>\n<p><strong>Sastav:<br \/>\n<\/strong>Belan\u010devine piletine (26,5 %), sve\u017ee pile\u0107e meso (20 %), kukuruz (14,5 %), kukuruzni griz (14 %), pirina\u010d (4 %), sirak (4 %), hidrolizovane belan\u010devine piletine (3 %), \u017eivinska mast (2,7 %), su\u0161ena pulpa repe (2,5 %), laneno seme (2 %), lignoceluloza (1,5 %), lososovo ulje (1,35 %), pivski kvasac (0,5 %), cela jaja u prahu, suncokretovo ulje (0,4 %), kamena so, \u0107elijski zidovi kvasca, kalijum hlodird, inulin cikorije (0,1 %), glukozamin iz \u017eivotinjskog tkiva (0,02 %), hondroitin sulfat (0,01 %). Mo\u017ee da sadr\u017ei druge sastojke u tragovima.<\/p>\n<p><strong>Analytical composition:<\/strong><br \/>\nBelan\u010devine 30\u00a0%, sadr\u017eaj masti 16\u00a0%, sirovi pepeo 6,5\u00a0%, sirova vlakna 3\u00a0%, kalcijum 1,25\u00a0%, fosfor 0,95\u00a0%, omega-6 masne kiseline 3,6\u00a0%, omega-3 masne kiseline 0,95\u00a0%, dokozaheksaenska kiselina (DHA) 0,08\u00a0%.<\/p>\n<p><strong>Dodaci\/kg; nutritivni dodaci:<br \/>\n<\/strong>Vitamin A 15000 IU, vitamin D3 1600 IU, bakar (bakrov sulfat, pentahidrat) 12,5 mg, gvo\u017e\u0111e (sulfat gvo\u017e\u0111a, monohidrat) 250 mg, jod (kalcijum jodat, bezvodni) 2 mg, mangan (manganov sulfat, monohidrat) 35 mg, selen (natrijum selenit) 0,35 mg, cink (cinkov sulfat, monohidrat) 100 mg, cink (cink helet glicin hidrat, kruti) 60 mg.<\/p>\n<p><strong>Tehnolo\u0161ki dodaci:<\/strong>Antioksidansi.<\/p>\n<p>Odr\u017eavanje stabilne crevne flore je sa prebiotikom inulinom.<\/p>\n<p>Formula sadr\u017ei glukozamin i hondroitin sulfat (koji doprinosi zdravlju hrskavice i zglobova).<\/p>\n<p>S lanenim semenom i vrednim vlaknastim biljnim materijalima za podr\u0161ku i pospe\u0161ivanje zdrave crevne funkcije.<\/p>\n<p>Pravilan odnos kalcijuma i fosfora osigurava pravilan razvoj kostiju i zuba.<\/p>\n<p>Bez dodatih \u0161e\u0107era ili soje.<\/p>\n<p>Bez ve\u0161ta\u010dkih konzervansa, boje ili aroma.<\/p>\n<p>Sadr\u017eava omega-3 masnu kiselinu DHA (dokozaheksaenska kiselina) koja pospe\u0161uje razvoj mozga i nervnog sistema.<\/p>\n<p>Serve food in dry form with available fresh water.<br \/>\nFor your pet&#039;s health, consult a veterinarian regularly.<\/p>\n<p>Proizvo\u0111a\u010d: MultiFit Tiernahrungs GmbH, Deutschland<br \/>\nCountry of origin: Germany<\/p>\n<p>&nbsp;<\/p>\n\n    <div class=\"xs_social_share_widget xs_share_url after_content \t\tmain_content  wslu-style-1 wslu-share-box-shaped wslu-fill-colored wslu-none wslu-share-horizontal wslu-theme-font-no wslu-main_content\">\n\n\t\t\n        <ul>\n\t\t\t        <\/ul>\n    <\/div>","protected":false},"excerpt":{"rendered":"<p>Uravnote\u017eena, suva hrana za \u0161tence i mlade pse velike rase (te\u017eine &gt; 25 kg) od prestanka sisanja do 15 meseci starosti (zavisi od veli\u010dine psa)<\/p>","protected":false},"featured_media":19387,"comment_status":"open","ping_status":"closed","template":"","meta":{"_acf_changed":false},"pwb-brand":[694,697],"product_cat":[47,48,49],"product_tag":[],"class_list":{"0":"post-19372","1":"product","2":"type-product","3":"status-publish","4":"has-post-thumbnail","6":"pwb-brand-select-gold","7":"pwb-brand-select-gold-hrana-za-pse","8":"product_cat-psi","9":"product_cat-hrana-za-pse","10":"product_cat-granule-za-pse","12":"first","13":"instock","14":"taxable","15":"shipping-taxable","16":"purchasable","17":"product-type-variable","18":"has-default-attributes"},"acf":[],"brands":[{"id":694,"name":"Select Gold","slug":"select-gold"},{"id":697,"name":"Select Gold Dog Food","slug":"select-gold-hrana-za-pse"}],"_links":{"self":[{"href":"https:\/\/pawz.rs\/en\/wp-json\/wp\/v2\/product\/19372","targetHints":{"allow":["GET"]}}],"collection":[{"href":"https:\/\/pawz.rs\/en\/wp-json\/wp\/v2\/product"}],"about":[{"href":"https:\/\/pawz.rs\/en\/wp-json\/wp\/v2\/types\/product"}],"replies":[{"embeddable":true,"href":"https:\/\/pawz.rs\/en\/wp-json\/wp\/v2\/comments?post=19372"}],"wp:featuredmedia":[{"embeddable":true,"href":"https:\/\/pawz.rs\/en\/wp-json\/wp\/v2\/media\/19387"}],"wp:attachment":[{"href":"https:\/\/pawz.rs\/en\/wp-json\/wp\/v2\/media?parent=19372"}],"wp:term":[{"taxonomy":"pwb-brand","embeddable":true,"href":"https:\/\/pawz.rs\/en\/wp-json\/wp\/v2\/pwb-brand?post=19372"},{"taxonomy":"product_cat","embeddable":true,"href":"https:\/\/pawz.rs\/en\/wp-json\/wp\/v2\/product_cat?post=19372"},{"taxonomy":"product_tag","embeddable":true,"href":"https:\/\/pawz.rs\/en\/wp-json\/wp\/v2\/product_tag?post=19372"}],"curies":[{"name":"wp","href":"https:\/\/api.w.org\/{rel}","templated":true}]}}