{"id":19375,"date":"2023-12-07T09:48:52","date_gmt":"2023-12-07T08:48:52","guid":{"rendered":"https:\/\/pawz.rs\/?post_type=product&#038;p=19375"},"modified":"2025-12-08T09:17:06","modified_gmt":"2025-12-08T08:17:06","slug":"select-gold-dog-medium-junior-12-kg","status":"publish","type":"product","link":"https:\/\/pawz.rs\/en\/select-gold-dog-medium-junior-12-kg\/","title":{"rendered":"Select Gold Dog Medium Junior 12 kg"},"content":{"rendered":"<p><strong>Select Gold Dog Medium Junior 12 kg<\/strong><\/p>\n<p><strong>Medium Junior <\/strong><strong>piletina<\/strong> -uravnote\u017eena suva hrana za \u0161tence i mlade pse srednje rase (te\u017eine od 11-25 kg) od prestanka sisanja do 12 meseci starosti, kao i za skotne kuje i kuje u laktaciji.<\/p>\n<p>Ova visokokvalitetna suva hrana proizvedena je od ukusnog sve\u017eeg pile\u0107eg mesa.<\/p>\n<p>Razvijeno u saradnji sa veterinarskim stru\u010dnjacima.<\/p>\n<p><strong>Sastav:<\/strong><br \/>\nBelan\u010devine piletine (27%),sve\u017ee pile\u0107e meso (20%), kukuruz (12%), kukuruzno bra\u0161no (12%), \u017eivinska mast (5,8%), sirak (4%), pirina\u010d (4%), hidrolizovane belan\u010devine piletine (3%), su\u0161ena pulpa repe (2,5%), laneno seme (2%), lignoceluloza (1,6%), lososovo ulje (1,35%), suncokretovo ulje (0,9%), pivski kvasac (0,5%), cela jaja u prahu, kamena so, \u0107elijski zidovi kvasca (0,4%=0,076%, manan-oligosaharidi (MOS) i 0,084% beta-glukan, kalijum hlodird, inulin cikorije (0,2%). Mo\u017ee da sadr\u017ei druge sastojke u tragovima.<\/p>\n<p><strong>Analytical composition:<\/strong><br \/>\nBelan\u010devine 30 %, sadr\u017eaj masti 20%, sirovi pepeo 6,5%, sirova vlakna 3%, kalcijum 1,25%, fosfor 0,95 %, omega-6 masne kiseline 4,6 %, omega-3 masne kiseline 1%, DHA 0,08.<\/p>\n<p><strong>Dodaci\/kg; nutritivni dodaci:<br \/>\n<\/strong>Vitamin A 15000 IU, vitamin D3 1600 IU, bakar (bakrov sulfat, pentahidrat) 12,5 mg, gvo\u017e\u0111e (sulfat gvo\u017e\u0111a, monohidrat) 250 mg, jod (kalcijum jodat, bezvodni) 2 mg, mangan (manganov sulfat, monohidrat) 35 mg, selen (natrijum selenit) 0,35 mg, cink (cinkov sulfat, monohidrat) 100 mg, cink (cink helet glicin hidrat, kruti) 60 mg.<\/p>\n<p><strong>Tehnolo\u0161ki dodaci:<\/strong> Antioksidansi.<\/p>\n<p>Prebiotik inulin pospe\u0161uje razvoj i odr\u017eavanje stabilne crevne flore.<\/p>\n<p>S lanenim semenom i vrednim vlaknastim biljnim materijalima za podr\u0161ku i pospe\u0161ivanje zdrave crevne funkcije.<\/p>\n<p>Bez dodatih \u0161e\u0107era ili soje.<\/p>\n<p>Bez ve\u0161ta\u010dkih konzervansa, boja ili aroma.<\/p>\n<p>Optimalna energetska vrednost koja omogu\u0107uje lak\u0161e odr\u017eavanje idealne te\u017eine.<\/p>\n<p>Vredne omega-3 i omega-6 masne kiseline iz lososovog ulja i suncokretovog ulja uz dodatak cinka i pivskog kvasca doprinose zdravlju ko\u017ee i lepom izgledu krzna.<\/p>\n<p>Serve food in dry form with available fresh water.<br \/>\nFor your pet&#039;s health, consult a veterinarian regularly.<\/p>\n<p>Proizvo\u0111a\u010d: MultiFit Tiernahrungs GmbH, Deutschland<br \/>\nCountry of origin: Germany<\/p>\n<p>&nbsp;<\/p>\n\n    <div class=\"xs_social_share_widget xs_share_url after_content \t\tmain_content  wslu-style-1 wslu-share-box-shaped wslu-fill-colored wslu-none wslu-share-horizontal wslu-theme-font-no wslu-main_content\">\n\n\t\t\n        <ul>\n\t\t\t        <\/ul>\n    <\/div>","protected":false},"excerpt":{"rendered":"<p>Uravnote\u017eena suva hrana za \u0161tence i mlade pse srednje rase (te\u017eine od 11-25 kg) od prestanka sisanja do 12 meseci starosti, kao i za skotne kuje i kuje u laktaciji.<\/p>","protected":false},"featured_media":19386,"comment_status":"open","ping_status":"closed","template":"","meta":{"_acf_changed":false},"pwb-brand":[694,697],"product_cat":[49,48,47],"product_tag":[],"class_list":{"0":"post-19375","1":"product","2":"type-product","3":"status-publish","4":"has-post-thumbnail","6":"pwb-brand-select-gold","7":"pwb-brand-select-gold-hrana-za-pse","8":"product_cat-granule-za-pse","9":"product_cat-hrana-za-pse","10":"product_cat-psi","12":"first","13":"instock","14":"taxable","15":"shipping-taxable","16":"purchasable","17":"product-type-simple"},"acf":[],"brands":[{"id":694,"name":"Select Gold","slug":"select-gold"},{"id":697,"name":"Select Gold Dog Food","slug":"select-gold-hrana-za-pse"}],"_links":{"self":[{"href":"https:\/\/pawz.rs\/en\/wp-json\/wp\/v2\/product\/19375","targetHints":{"allow":["GET"]}}],"collection":[{"href":"https:\/\/pawz.rs\/en\/wp-json\/wp\/v2\/product"}],"about":[{"href":"https:\/\/pawz.rs\/en\/wp-json\/wp\/v2\/types\/product"}],"replies":[{"embeddable":true,"href":"https:\/\/pawz.rs\/en\/wp-json\/wp\/v2\/comments?post=19375"}],"wp:featuredmedia":[{"embeddable":true,"href":"https:\/\/pawz.rs\/en\/wp-json\/wp\/v2\/media\/19386"}],"wp:attachment":[{"href":"https:\/\/pawz.rs\/en\/wp-json\/wp\/v2\/media?parent=19375"}],"wp:term":[{"taxonomy":"pwb-brand","embeddable":true,"href":"https:\/\/pawz.rs\/en\/wp-json\/wp\/v2\/pwb-brand?post=19375"},{"taxonomy":"product_cat","embeddable":true,"href":"https:\/\/pawz.rs\/en\/wp-json\/wp\/v2\/product_cat?post=19375"},{"taxonomy":"product_tag","embeddable":true,"href":"https:\/\/pawz.rs\/en\/wp-json\/wp\/v2\/product_tag?post=19375"}],"curies":[{"name":"wp","href":"https:\/\/api.w.org\/{rel}","templated":true}]}}