{"id":19413,"date":"2023-12-08T13:44:42","date_gmt":"2023-12-08T12:44:42","guid":{"rendered":"https:\/\/pawz.rs\/?post_type=product&#038;p=19413"},"modified":"2023-12-08T13:44:43","modified_gmt":"2023-12-08T12:44:43","slug":"inodorina-refresh-citronella-40-kom","status":"publish","type":"product","link":"https:\/\/pawz.rs\/en\/inodorina-refresh-citronella-40-kom\/","title":{"rendered":"Inodorina Refresh Citronella 40 kom"},"content":{"rendered":"<p><strong>Inodorina Refresh Citronella\u00a0<\/strong><\/p>\n<p>Vla\u017ene maramice sa limunovom travom namenjene psima, ma\u010dkama i \u0161tencima.<\/p>\n<p>Veoma prakti\u010dne za sve situacije, ne\u017eno \u010diste i neguju krzno, ostavljaju\u0107i veoma prijatan miris za sobom.<\/p>\n<p>Ne sadr\u017ee alkohol.<\/p>\n<p>Pakovanje od 40 komada.<\/p>\n<p>Proizvo\u0111a\u010d: Pet Village Srl, Via Stradello, Italy<br \/>\nZemlja porekla: Italija (EU)<\/p>\n\n    <div class=\"xs_social_share_widget xs_share_url after_content \t\tmain_content  wslu-style-1 wslu-share-box-shaped wslu-fill-colored wslu-none wslu-share-horizontal wslu-theme-font-no wslu-main_content\">\n\n\t\t\n        <ul>\n\t\t\t        <\/ul>\n    <\/div>","protected":false},"excerpt":{"rendered":"<p>Vla\u017ene maramice sa limunovom travom namenjene psima, ma\u010dkama i \u0161tencima.<\/p>","protected":false},"featured_media":19416,"comment_status":"open","ping_status":"closed","template":"","meta":{"_acf_changed":false},"pwb-brand":[702],"product_cat":[80,104,388,389,23,47],"product_tag":[],"class_list":{"0":"post-19413","1":"product","2":"type-product","3":"status-publish","4":"has-post-thumbnail","6":"pwb-brand-inodorina","7":"product_cat-higijena-nega-macaka","8":"product_cat-higijena-i-nega-pasa","9":"product_cat-higijenski-proizvodi","10":"product_cat-higijenski-proizvodi-higijena-i-nega-pasa","11":"product_cat-macke","12":"product_cat-psi","14":"first","15":"instock","16":"taxable","17":"shipping-taxable","18":"purchasable","19":"product-type-simple"},"acf":[],"brands":[{"id":702,"name":"Inodorina","slug":"inodorina"}],"_links":{"self":[{"href":"https:\/\/pawz.rs\/en\/wp-json\/wp\/v2\/product\/19413","targetHints":{"allow":["GET"]}}],"collection":[{"href":"https:\/\/pawz.rs\/en\/wp-json\/wp\/v2\/product"}],"about":[{"href":"https:\/\/pawz.rs\/en\/wp-json\/wp\/v2\/types\/product"}],"replies":[{"embeddable":true,"href":"https:\/\/pawz.rs\/en\/wp-json\/wp\/v2\/comments?post=19413"}],"wp:featuredmedia":[{"embeddable":true,"href":"https:\/\/pawz.rs\/en\/wp-json\/wp\/v2\/media\/19416"}],"wp:attachment":[{"href":"https:\/\/pawz.rs\/en\/wp-json\/wp\/v2\/media?parent=19413"}],"wp:term":[{"taxonomy":"pwb-brand","embeddable":true,"href":"https:\/\/pawz.rs\/en\/wp-json\/wp\/v2\/pwb-brand?post=19413"},{"taxonomy":"product_cat","embeddable":true,"href":"https:\/\/pawz.rs\/en\/wp-json\/wp\/v2\/product_cat?post=19413"},{"taxonomy":"product_tag","embeddable":true,"href":"https:\/\/pawz.rs\/en\/wp-json\/wp\/v2\/product_tag?post=19413"}],"curies":[{"name":"wp","href":"https:\/\/api.w.org\/{rel}","templated":true}]}}