{"id":19417,"date":"2023-12-08T13:44:41","date_gmt":"2023-12-08T12:44:41","guid":{"rendered":"https:\/\/pawz.rs\/?post_type=product&#038;p=19417"},"modified":"2025-11-27T10:56:31","modified_gmt":"2025-11-27T09:56:31","slug":"inodorina-refresh-chlorhexidine-vlazne-maramice-sa-antiseptikom","status":"publish","type":"product","link":"https:\/\/pawz.rs\/en\/inodorina-refresh-chlorhexidine-vlazne-maramice-sa-antiseptikom\/","title":{"rendered":"Inodorina Refresh Chlorhexidine Vla\u017ene Maramice Sa Antiseptikom"},"content":{"rendered":"<p><strong>Inodorina Refresh Chlorhexidine Vla\u017ene Maramice Sa Antiseptikom<\/strong><\/p>\n<p>Vla\u017ene maramice sa hloreksidinom, namenjene su psima, ma\u010dkama i \u0161tencima.<\/p>\n<p>Sadr\u017ee hlorheksidin, antiseptik koji se koristi za \u010di\u0161\u0107enje ko\u017ee i sluzoko\u017ee od raznih mikroba (bakterija, virusa i gljivica).<\/p>\n<p>Veoma prakti\u010dne za sve situacije, ne\u017eno \u010diste i neguju krzno, ostavljaju\u0107i veoma prijatan miris za sobom.<\/p>\n<p>Ne sadr\u017ee alkohol.<\/p>\n<p>Proizvo\u0111a\u010d: Pet Village Srl, Via Stradello, Italy<br \/>\nZemlja porekla: Italija (EU)<\/p>\n\n    <div class=\"xs_social_share_widget xs_share_url after_content \t\tmain_content  wslu-style-1 wslu-share-box-shaped wslu-fill-colored wslu-none wslu-share-horizontal wslu-theme-font-no wslu-main_content\">\n\n\t\t\n        <ul>\n\t\t\t        <\/ul>\n    <\/div>","protected":false},"excerpt":{"rendered":"<p>Vla\u017ene maramice sa hloreksidinom, namenjene su psima, ma\u010dkama i \u0161tencima.<\/p>","protected":false},"featured_media":19421,"comment_status":"open","ping_status":"closed","template":"","meta":{"_acf_changed":false},"pwb-brand":[702],"product_cat":[80,104,388,389,23,47],"product_tag":[],"class_list":{"0":"post-19417","1":"product","2":"type-product","3":"status-publish","4":"has-post-thumbnail","6":"pwb-brand-inodorina","7":"product_cat-higijena-nega-macaka","8":"product_cat-higijena-i-nega-pasa","9":"product_cat-higijenski-proizvodi","10":"product_cat-higijenski-proizvodi-higijena-i-nega-pasa","11":"product_cat-macke","12":"product_cat-psi","14":"first","15":"instock","16":"taxable","17":"shipping-taxable","18":"purchasable","19":"product-type-variable","20":"has-default-attributes"},"acf":[],"brands":[{"id":702,"name":"Inodorina","slug":"inodorina"}],"_links":{"self":[{"href":"https:\/\/pawz.rs\/en\/wp-json\/wp\/v2\/product\/19417","targetHints":{"allow":["GET"]}}],"collection":[{"href":"https:\/\/pawz.rs\/en\/wp-json\/wp\/v2\/product"}],"about":[{"href":"https:\/\/pawz.rs\/en\/wp-json\/wp\/v2\/types\/product"}],"replies":[{"embeddable":true,"href":"https:\/\/pawz.rs\/en\/wp-json\/wp\/v2\/comments?post=19417"}],"wp:featuredmedia":[{"embeddable":true,"href":"https:\/\/pawz.rs\/en\/wp-json\/wp\/v2\/media\/19421"}],"wp:attachment":[{"href":"https:\/\/pawz.rs\/en\/wp-json\/wp\/v2\/media?parent=19417"}],"wp:term":[{"taxonomy":"pwb-brand","embeddable":true,"href":"https:\/\/pawz.rs\/en\/wp-json\/wp\/v2\/pwb-brand?post=19417"},{"taxonomy":"product_cat","embeddable":true,"href":"https:\/\/pawz.rs\/en\/wp-json\/wp\/v2\/product_cat?post=19417"},{"taxonomy":"product_tag","embeddable":true,"href":"https:\/\/pawz.rs\/en\/wp-json\/wp\/v2\/product_tag?post=19417"}],"curies":[{"name":"wp","href":"https:\/\/api.w.org\/{rel}","templated":true}]}}