{"id":19422,"date":"2023-12-08T14:22:02","date_gmt":"2023-12-08T13:22:02","guid":{"rendered":"https:\/\/pawz.rs\/?post_type=product&#038;p=19422"},"modified":"2023-12-08T14:22:03","modified_gmt":"2023-12-08T13:22:03","slug":"inodorina-refresh-vlazne-maramice-za-stence-40-kom","status":"publish","type":"product","link":"https:\/\/pawz.rs\/en\/inodorina-refresh-vlazne-maramice-za-stence-40-kom\/","title":{"rendered":"Inodorina Refresh Vla\u017ene Maramice Za \u0160tence 40 kom"},"content":{"rendered":"<p><strong>Inodorina Refresh Vla\u017ene Maramice Za \u0160tence 40 kom<\/strong><\/p>\n<p>Vla\u017ene maramice za ne\u017eno \u010di\u0161c\u0301enje i hidrataciju dlake va\u0161eg \u0161teneta, napravljene od otporne tkanine.<\/p>\n<div>Proizvod sadr\u017ei med, poznat po umirujuc\u0301im svojstvima, i vidove trave, poznate po umirujuc\u0301im i osve\u017eavajuc\u0301im svojstvima.<\/div>\n<div><\/div>\n<div>Redovna upotreba odr\u017eava sve\u017ee, \u010disto i prijatno mirisno krzno va\u0161eg ljubimca.<\/div>\n<div><\/div>\n<div>Bez alkohola, nema parabena, nema SLS.<\/div>\n<p>Proizvo\u0111a\u010d: Pet Village Srl, Via Stradello, Italy<br \/>\nZemlja porekla: Italija (EU)<\/p>\n\n    <div class=\"xs_social_share_widget xs_share_url after_content \t\tmain_content  wslu-style-1 wslu-share-box-shaped wslu-fill-colored wslu-none wslu-share-horizontal wslu-theme-font-no wslu-main_content\">\n\n\t\t\n        <ul>\n\t\t\t        <\/ul>\n    <\/div>","protected":false},"excerpt":{"rendered":"<p>Vla\u017ene maramice za ne\u017eno \u010di\u0161c\u0301enje i hidrataciju dlake va\u0161eg \u0161teneta, napravljene od otporne tkanine.<\/p>","protected":false},"featured_media":19469,"comment_status":"open","ping_status":"closed","template":"","meta":{"_acf_changed":false},"pwb-brand":[702],"product_cat":[104,389,47],"product_tag":[],"class_list":{"0":"post-19422","1":"product","2":"type-product","3":"status-publish","4":"has-post-thumbnail","6":"pwb-brand-inodorina","7":"product_cat-higijena-i-nega-pasa","8":"product_cat-higijenski-proizvodi-higijena-i-nega-pasa","9":"product_cat-psi","11":"first","12":"instock","13":"taxable","14":"shipping-taxable","15":"purchasable","16":"product-type-simple"},"acf":[],"brands":[{"id":702,"name":"Inodorina","slug":"inodorina"}],"_links":{"self":[{"href":"https:\/\/pawz.rs\/en\/wp-json\/wp\/v2\/product\/19422","targetHints":{"allow":["GET"]}}],"collection":[{"href":"https:\/\/pawz.rs\/en\/wp-json\/wp\/v2\/product"}],"about":[{"href":"https:\/\/pawz.rs\/en\/wp-json\/wp\/v2\/types\/product"}],"replies":[{"embeddable":true,"href":"https:\/\/pawz.rs\/en\/wp-json\/wp\/v2\/comments?post=19422"}],"wp:featuredmedia":[{"embeddable":true,"href":"https:\/\/pawz.rs\/en\/wp-json\/wp\/v2\/media\/19469"}],"wp:attachment":[{"href":"https:\/\/pawz.rs\/en\/wp-json\/wp\/v2\/media?parent=19422"}],"wp:term":[{"taxonomy":"pwb-brand","embeddable":true,"href":"https:\/\/pawz.rs\/en\/wp-json\/wp\/v2\/pwb-brand?post=19422"},{"taxonomy":"product_cat","embeddable":true,"href":"https:\/\/pawz.rs\/en\/wp-json\/wp\/v2\/product_cat?post=19422"},{"taxonomy":"product_tag","embeddable":true,"href":"https:\/\/pawz.rs\/en\/wp-json\/wp\/v2\/product_tag?post=19422"}],"curies":[{"name":"wp","href":"https:\/\/api.w.org\/{rel}","templated":true}]}}