{"id":19427,"date":"2023-12-08T14:22:04","date_gmt":"2023-12-08T13:22:04","guid":{"rendered":"https:\/\/pawz.rs\/?post_type=product&#038;p=19427"},"modified":"2023-12-08T14:22:05","modified_gmt":"2023-12-08T13:22:05","slug":"inodorina-refresh-white-musk-vlazne-maramice","status":"publish","type":"product","link":"https:\/\/pawz.rs\/en\/inodorina-refresh-white-musk-vlazne-maramice\/","title":{"rendered":"Inodorina Refresh White Musk Vla\u017ene Maramice"},"content":{"rendered":"<p><strong>Inodorina Refresh White Musk Vla\u017ene Maramice<\/strong><\/p>\n<p>Vla\u017ene maramice sa belim mo\u0161usom, namenjene su psima, ma\u010dkama i \u0161tencima.<\/p>\n<p>Veoma prakti\u010dne za sve situacije, ne\u017eno \u010diste i neguju krzno, ostavljaju\u0107i veoma prijatan miris za sobom.<\/p>\n<p>Ne sadr\u017ee alkohol.<\/p>\n<p>Proizvo\u0111a\u010d: Pet Village Srl, Via Stradello, Italy<br \/>\nZemlja porekla: Italija (EU)<\/p>\n\n    <div class=\"xs_social_share_widget xs_share_url after_content \t\tmain_content  wslu-style-1 wslu-share-box-shaped wslu-fill-colored wslu-none wslu-share-horizontal wslu-theme-font-no wslu-main_content\">\n\n\t\t\n        <ul>\n\t\t\t        <\/ul>\n    <\/div>","protected":false},"excerpt":{"rendered":"<p>Vla\u017ene maramice sa belim mo\u0161usom, namenjene su psima, ma\u010dkama i \u0161tencima.<\/p>","protected":false},"featured_media":19467,"comment_status":"open","ping_status":"closed","template":"","meta":{"_acf_changed":false},"pwb-brand":[702],"product_cat":[23,80,388,47,104,389],"product_tag":[],"class_list":{"0":"post-19427","1":"product","2":"type-product","3":"status-publish","4":"has-post-thumbnail","6":"pwb-brand-inodorina","7":"product_cat-macke","8":"product_cat-higijena-nega-macaka","9":"product_cat-higijenski-proizvodi","10":"product_cat-psi","11":"product_cat-higijena-i-nega-pasa","12":"product_cat-higijenski-proizvodi-higijena-i-nega-pasa","14":"first","15":"instock","16":"taxable","17":"shipping-taxable","18":"purchasable","19":"product-type-variable","20":"has-default-attributes"},"acf":[],"brands":[{"id":702,"name":"Inodorina","slug":"inodorina"}],"_links":{"self":[{"href":"https:\/\/pawz.rs\/en\/wp-json\/wp\/v2\/product\/19427","targetHints":{"allow":["GET"]}}],"collection":[{"href":"https:\/\/pawz.rs\/en\/wp-json\/wp\/v2\/product"}],"about":[{"href":"https:\/\/pawz.rs\/en\/wp-json\/wp\/v2\/types\/product"}],"replies":[{"embeddable":true,"href":"https:\/\/pawz.rs\/en\/wp-json\/wp\/v2\/comments?post=19427"}],"wp:featuredmedia":[{"embeddable":true,"href":"https:\/\/pawz.rs\/en\/wp-json\/wp\/v2\/media\/19467"}],"wp:attachment":[{"href":"https:\/\/pawz.rs\/en\/wp-json\/wp\/v2\/media?parent=19427"}],"wp:term":[{"taxonomy":"pwb-brand","embeddable":true,"href":"https:\/\/pawz.rs\/en\/wp-json\/wp\/v2\/pwb-brand?post=19427"},{"taxonomy":"product_cat","embeddable":true,"href":"https:\/\/pawz.rs\/en\/wp-json\/wp\/v2\/product_cat?post=19427"},{"taxonomy":"product_tag","embeddable":true,"href":"https:\/\/pawz.rs\/en\/wp-json\/wp\/v2\/product_tag?post=19427"}],"curies":[{"name":"wp","href":"https:\/\/api.w.org\/{rel}","templated":true}]}}