{"id":19432,"date":"2023-12-08T14:22:01","date_gmt":"2023-12-08T13:22:01","guid":{"rendered":"https:\/\/pawz.rs\/?post_type=product&#038;p=19432"},"modified":"2024-04-15T13:05:25","modified_gmt":"2024-04-15T11:05:25","slug":"inodorina-sensitive-micellar-water-vlazne-maramice-40-kom","status":"publish","type":"product","link":"https:\/\/pawz.rs\/en\/inodorina-sensitive-micellar-water-vlazne-maramice-40-kom\/","title":{"rendered":"Inodorina Sensitive Micellar Water Vla\u017ene Maramice 40 kom"},"content":{"rendered":"<p><strong>Inodorina Sensitive Micellar Water Vla\u017ene Maramice<\/strong><\/p>\n<p>Vla\u017ene maramice za ne\u017eno \u010di\u0161c\u0301enje i hidrataciju dlake va\u0161eg psa, napravljene od otporne tkanine.<\/p>\n<p>Proizvod sadr\u017ei med, poznat po umirujuc\u0301im svojstvima, i vidove trave, poznate po umirujuc\u0301im i osve\u017eavajuc\u0301im svojstvima.<\/p>\n<p>Veoma prakti\u010dne za sve situacije, ne\u017eno \u010diste i neguju krzno, ostavljaju\u0107i veoma prijatan miris za sobom.<\/p>\n<p>Ne sadr\u017ee alkohol.<\/p>\n<p>Pakovanje od 40 komada.<\/p>\n<p>Proizvo\u0111a\u010d: Pet Village Srl, Via Stradello, Italy<br \/>\nZemlja porekla: Italija (EU)<\/p>\n\n    <div class=\"xs_social_share_widget xs_share_url after_content \t\tmain_content  wslu-style-1 wslu-share-box-shaped wslu-fill-colored wslu-none wslu-share-horizontal wslu-theme-font-no wslu-main_content\">\n\n\t\t\n        <ul>\n\t\t\t        <\/ul>\n    <\/div>","protected":false},"excerpt":{"rendered":"<p>Vla\u017ene maramice za ne\u017eno \u010di\u0161c\u0301enje i negu krzna Va\u0161eg ljubimca<\/p>","protected":false},"featured_media":19470,"comment_status":"open","ping_status":"closed","template":"","meta":{"_acf_changed":false},"pwb-brand":[702],"product_cat":[23,80,388,47,104,389],"product_tag":[],"class_list":{"0":"post-19432","1":"product","2":"type-product","3":"status-publish","4":"has-post-thumbnail","6":"pwb-brand-inodorina","7":"product_cat-macke","8":"product_cat-higijena-nega-macaka","9":"product_cat-higijenski-proizvodi","10":"product_cat-psi","11":"product_cat-higijena-i-nega-pasa","12":"product_cat-higijenski-proizvodi-higijena-i-nega-pasa","14":"first","15":"instock","16":"taxable","17":"shipping-taxable","18":"purchasable","19":"product-type-simple"},"acf":[],"brands":[{"id":702,"name":"Inodorina","slug":"inodorina"}],"_links":{"self":[{"href":"https:\/\/pawz.rs\/en\/wp-json\/wp\/v2\/product\/19432","targetHints":{"allow":["GET"]}}],"collection":[{"href":"https:\/\/pawz.rs\/en\/wp-json\/wp\/v2\/product"}],"about":[{"href":"https:\/\/pawz.rs\/en\/wp-json\/wp\/v2\/types\/product"}],"replies":[{"embeddable":true,"href":"https:\/\/pawz.rs\/en\/wp-json\/wp\/v2\/comments?post=19432"}],"wp:featuredmedia":[{"embeddable":true,"href":"https:\/\/pawz.rs\/en\/wp-json\/wp\/v2\/media\/19470"}],"wp:attachment":[{"href":"https:\/\/pawz.rs\/en\/wp-json\/wp\/v2\/media?parent=19432"}],"wp:term":[{"taxonomy":"pwb-brand","embeddable":true,"href":"https:\/\/pawz.rs\/en\/wp-json\/wp\/v2\/pwb-brand?post=19432"},{"taxonomy":"product_cat","embeddable":true,"href":"https:\/\/pawz.rs\/en\/wp-json\/wp\/v2\/product_cat?post=19432"},{"taxonomy":"product_tag","embeddable":true,"href":"https:\/\/pawz.rs\/en\/wp-json\/wp\/v2\/product_tag?post=19432"}],"curies":[{"name":"wp","href":"https:\/\/api.w.org\/{rel}","templated":true}]}}