{"id":19433,"date":"2023-12-08T13:44:27","date_gmt":"2023-12-08T12:44:27","guid":{"rendered":"https:\/\/pawz.rs\/?post_type=product&#038;p=19433"},"modified":"2024-08-26T16:36:42","modified_gmt":"2024-08-26T14:36:42","slug":"inodorina-balzam-za-pse-250-ml","status":"publish","type":"product","link":"https:\/\/pawz.rs\/en\/inodorina-balzam-za-pse-250-ml\/","title":{"rendered":"Inodorina Balzam za pse 250 ml"},"content":{"rendered":"<p><strong>Inodorina Balzam za pse 250 ml<\/strong><\/p>\n<p>Balzam namenjen psima za sve tipove krzna.<\/p>\n<p>Sa biljnim ekstraktima hmelja koji obnavlja krzno i \u010dini ga elasti\u010dnijim i ja\u010dim, i jojobe koja umiruje svrab i iritaciju ko\u017ee.<\/p>\n<p>Veoma prijatnog mirisa, \u0161titi krzno, \u010dine\u0107i ga mekim i sjajnim.<\/p>\n<p><strong>Uputstvo za upotrebu:<\/strong><br \/>\nNaneti balzam na mokru dlaku nakon \u0161amponirana, i zatim dobro isprati krzno.<\/p>\n<p><strong>Zapremina:<\/strong>\u00a0250 ml<\/p>\n<p>Proizvo\u0111a\u010d: Pet Village Srl, Via Stradello, Italy<br \/>\nZemlja porekla: Italija (EU)<\/p>\n\n    <div class=\"xs_social_share_widget xs_share_url after_content \t\tmain_content  wslu-style-1 wslu-share-box-shaped wslu-fill-colored wslu-none wslu-share-horizontal wslu-theme-font-no wslu-main_content\">\n\n\t\t\n        <ul>\n\t\t\t        <\/ul>\n    <\/div>","protected":false},"excerpt":{"rendered":"<p>Balzam namenjen psima za sve tipove krzna.<\/p>","protected":false},"featured_media":19434,"comment_status":"open","ping_status":"closed","template":"","meta":{"_acf_changed":false},"pwb-brand":[702],"product_cat":[47,104,368],"product_tag":[],"class_list":{"0":"post-19433","1":"product","2":"type-product","3":"status-publish","4":"has-post-thumbnail","6":"pwb-brand-inodorina","7":"product_cat-psi","8":"product_cat-higijena-i-nega-pasa","9":"product_cat-regeneratori-za-pse","11":"first","12":"instock","13":"taxable","14":"shipping-taxable","15":"purchasable","16":"product-type-simple"},"acf":[],"brands":[{"id":702,"name":"Inodorina","slug":"inodorina"}],"_links":{"self":[{"href":"https:\/\/pawz.rs\/en\/wp-json\/wp\/v2\/product\/19433","targetHints":{"allow":["GET"]}}],"collection":[{"href":"https:\/\/pawz.rs\/en\/wp-json\/wp\/v2\/product"}],"about":[{"href":"https:\/\/pawz.rs\/en\/wp-json\/wp\/v2\/types\/product"}],"replies":[{"embeddable":true,"href":"https:\/\/pawz.rs\/en\/wp-json\/wp\/v2\/comments?post=19433"}],"wp:featuredmedia":[{"embeddable":true,"href":"https:\/\/pawz.rs\/en\/wp-json\/wp\/v2\/media\/19434"}],"wp:attachment":[{"href":"https:\/\/pawz.rs\/en\/wp-json\/wp\/v2\/media?parent=19433"}],"wp:term":[{"taxonomy":"pwb-brand","embeddable":true,"href":"https:\/\/pawz.rs\/en\/wp-json\/wp\/v2\/pwb-brand?post=19433"},{"taxonomy":"product_cat","embeddable":true,"href":"https:\/\/pawz.rs\/en\/wp-json\/wp\/v2\/product_cat?post=19433"},{"taxonomy":"product_tag","embeddable":true,"href":"https:\/\/pawz.rs\/en\/wp-json\/wp\/v2\/product_tag?post=19433"}],"curies":[{"name":"wp","href":"https:\/\/api.w.org\/{rel}","templated":true}]}}