{"id":19444,"date":"2023-12-08T13:44:37","date_gmt":"2023-12-08T12:44:37","guid":{"rendered":"https:\/\/pawz.rs\/?post_type=product&#038;p=19444"},"modified":"2024-08-26T16:39:54","modified_gmt":"2024-08-26T14:39:54","slug":"inodorina-sampon-za-stence-i-osetljivu-kozu-i-dlaku-250","status":"publish","type":"product","link":"https:\/\/pawz.rs\/en\/inodorina-sampon-za-stence-i-osetljivu-kozu-i-dlaku-250\/","title":{"rendered":"Inodorina \u0160ampon Za \u0160tence I Osetljivu Ko\u017eu I Dlaku 250"},"content":{"rendered":"<p><strong>Inodorina \u0160ampon Za \u0160tence I Osetljivu Ko\u017eu I Dlaku\u00a0<\/strong><\/p>\n<p>\u0160ampon namenjen \u0161tencima i psima sa osetljivom dlakom i ko\u017eom.<\/p>\n<p>Sa ekstraktom meda i kamilice deluje umiruju\u0107e na o\u0161te\u0107enu ko\u017eu i dlaku.<\/p>\n<p>Veoma prijatnog mirisa, revitalizuje i \u0161titi krzno, \u010dine\u0107i ga mekim i sjajnim.<\/p>\n<p><strong>Uputstvo za upotrebu:<\/strong><br \/>\nUtrljati \u0161ampon na pokva\u0161eno krzno, i zatim dobro isprati.<\/p>\n<p><strong>Zapremina:<\/strong>\u00a0250 ml<\/p>\n<p>Proizvo\u0111a\u010d: Pet Village Srl, Via Stradello, Italy<br \/>\nZemlja porekla: Italija (EU)<\/p>\n\n    <div class=\"xs_social_share_widget xs_share_url after_content \t\tmain_content  wslu-style-1 wslu-share-box-shaped wslu-fill-colored wslu-none wslu-share-horizontal wslu-theme-font-no wslu-main_content\">\n\n\t\t\n        <ul>\n\t\t\t        <\/ul>\n    <\/div>","protected":false},"excerpt":{"rendered":"<p>\u0160ampon namenjen \u0161tencima i psima sa osetljivom dlakom i ko\u017eom.<\/p>","protected":false},"featured_media":19445,"comment_status":"open","ping_status":"closed","template":"","meta":{"_acf_changed":false},"pwb-brand":[702],"product_cat":[47,104,369],"product_tag":[],"class_list":{"0":"post-19444","1":"product","2":"type-product","3":"status-publish","4":"has-post-thumbnail","6":"pwb-brand-inodorina","7":"product_cat-psi","8":"product_cat-higijena-i-nega-pasa","9":"product_cat-samponi-za-pse","11":"first","12":"instock","13":"taxable","14":"shipping-taxable","15":"purchasable","16":"product-type-simple"},"acf":[],"brands":[{"id":702,"name":"Inodorina","slug":"inodorina"}],"_links":{"self":[{"href":"https:\/\/pawz.rs\/en\/wp-json\/wp\/v2\/product\/19444","targetHints":{"allow":["GET"]}}],"collection":[{"href":"https:\/\/pawz.rs\/en\/wp-json\/wp\/v2\/product"}],"about":[{"href":"https:\/\/pawz.rs\/en\/wp-json\/wp\/v2\/types\/product"}],"replies":[{"embeddable":true,"href":"https:\/\/pawz.rs\/en\/wp-json\/wp\/v2\/comments?post=19444"}],"wp:featuredmedia":[{"embeddable":true,"href":"https:\/\/pawz.rs\/en\/wp-json\/wp\/v2\/media\/19445"}],"wp:attachment":[{"href":"https:\/\/pawz.rs\/en\/wp-json\/wp\/v2\/media?parent=19444"}],"wp:term":[{"taxonomy":"pwb-brand","embeddable":true,"href":"https:\/\/pawz.rs\/en\/wp-json\/wp\/v2\/pwb-brand?post=19444"},{"taxonomy":"product_cat","embeddable":true,"href":"https:\/\/pawz.rs\/en\/wp-json\/wp\/v2\/product_cat?post=19444"},{"taxonomy":"product_tag","embeddable":true,"href":"https:\/\/pawz.rs\/en\/wp-json\/wp\/v2\/product_tag?post=19444"}],"curies":[{"name":"wp","href":"https:\/\/api.w.org\/{rel}","templated":true}]}}