{"id":19448,"date":"2023-12-08T13:44:35","date_gmt":"2023-12-08T12:44:35","guid":{"rendered":"https:\/\/pawz.rs\/?post_type=product&#038;p=19448"},"modified":"2024-08-26T16:42:37","modified_gmt":"2024-08-26T14:42:37","slug":"inodorina-pena-za-suvo-kupanje-mousse-aloe-vera-300-ml","status":"publish","type":"product","link":"https:\/\/pawz.rs\/en\/inodorina-pena-za-suvo-kupanje-mousse-aloe-vera-300-ml\/","title":{"rendered":"Inodorina Pena Za Suvo Kupanje Mousse Aloe Vera 300 ml"},"content":{"rendered":"<p><strong>Inodorina Pena Za Suvo Kupanje Mousse Aloe Vera<\/strong><\/p>\n<p>\u0160ampon za suvo kupanje, u vidu pene, namenjen je psima, ma\u010dkama i \u0161tencima.<\/p>\n<p>Neutrali\u0161e lo\u0161e mirise i \u010dini dlaku lepom i negovanom, ostavljaju\u0107i prijatan miris Aloe za sobom.<\/p>\n<p>Sa svojom PH neutralno\u0161\u0107u, pogodan je za \u010destu upotrebu.<\/p>\n<p><strong>Uputstvo za upotrebu:<\/strong><br \/>\nNe\u017eno naneti sloj pene na krzno ljubimca. Sa\u010dekati da krzno skroz upije, i zatim ras\u010de\u0161ljati krzno.<\/p>\n<p><strong>Zapremina:<\/strong> 300 ml<\/p>\n<p>Proizvo\u0111a\u010d: Pet Village Srl, Via Stradello, Italy<br \/>\nZemlja porekla: Italija (EU)<\/p>\n\n    <div class=\"xs_social_share_widget xs_share_url after_content \t\tmain_content  wslu-style-1 wslu-share-box-shaped wslu-fill-colored wslu-none wslu-share-horizontal wslu-theme-font-no wslu-main_content\">\n\n\t\t\n        <ul>\n\t\t\t        <\/ul>\n    <\/div>","protected":false},"excerpt":{"rendered":"<p>\u0160ampon za suvo pranje, sa aloe verom u obliku pene, namenjen psima, ma\u010dkama kao i \u0161tencima<\/p>","protected":false},"featured_media":19449,"comment_status":"open","ping_status":"closed","template":"","meta":{"_acf_changed":false},"pwb-brand":[702],"product_cat":[23,80,343,47,104,369],"product_tag":[],"class_list":{"0":"post-19448","1":"product","2":"type-product","3":"status-publish","4":"has-post-thumbnail","6":"pwb-brand-inodorina","7":"product_cat-macke","8":"product_cat-higijena-nega-macaka","9":"product_cat-samponi-za-macke","10":"product_cat-psi","11":"product_cat-higijena-i-nega-pasa","12":"product_cat-samponi-za-pse","14":"first","15":"instock","16":"taxable","17":"shipping-taxable","18":"purchasable","19":"product-type-simple"},"acf":[],"brands":[{"id":702,"name":"Inodorina","slug":"inodorina"}],"_links":{"self":[{"href":"https:\/\/pawz.rs\/en\/wp-json\/wp\/v2\/product\/19448","targetHints":{"allow":["GET"]}}],"collection":[{"href":"https:\/\/pawz.rs\/en\/wp-json\/wp\/v2\/product"}],"about":[{"href":"https:\/\/pawz.rs\/en\/wp-json\/wp\/v2\/types\/product"}],"replies":[{"embeddable":true,"href":"https:\/\/pawz.rs\/en\/wp-json\/wp\/v2\/comments?post=19448"}],"wp:featuredmedia":[{"embeddable":true,"href":"https:\/\/pawz.rs\/en\/wp-json\/wp\/v2\/media\/19449"}],"wp:attachment":[{"href":"https:\/\/pawz.rs\/en\/wp-json\/wp\/v2\/media?parent=19448"}],"wp:term":[{"taxonomy":"pwb-brand","embeddable":true,"href":"https:\/\/pawz.rs\/en\/wp-json\/wp\/v2\/pwb-brand?post=19448"},{"taxonomy":"product_cat","embeddable":true,"href":"https:\/\/pawz.rs\/en\/wp-json\/wp\/v2\/product_cat?post=19448"},{"taxonomy":"product_tag","embeddable":true,"href":"https:\/\/pawz.rs\/en\/wp-json\/wp\/v2\/product_tag?post=19448"}],"curies":[{"name":"wp","href":"https:\/\/api.w.org\/{rel}","templated":true}]}}