{"id":19454,"date":"2023-12-08T13:44:33","date_gmt":"2023-12-08T12:44:33","guid":{"rendered":"https:\/\/pawz.rs\/?post_type=product&#038;p=19454"},"modified":"2024-08-26T16:44:29","modified_gmt":"2024-08-26T14:44:29","slug":"inodorina-sampon-za-macke-300-ml","status":"publish","type":"product","link":"https:\/\/pawz.rs\/en\/inodorina-sampon-za-macke-300-ml\/","title":{"rendered":"Inodorina \u0160ampon Za Ma\u010dke 300 ml"},"content":{"rendered":"<p><strong>Inodorina \u0160ampon Za Ma\u010dke<\/strong><\/p>\n<p>Dizajniran i napravljen da ne\u017eno \u010disti ko\u017eu i krzno, kako ma\u010dic\u0301a tako i odraslih ma\u010daka.<\/p>\n<p>Njegova formulacija sa ekstraktom ru\u017ee i glicerinom garantuje sjaj, hidrataciju i mekoc\u0301u ma\u010djeg krzna.<\/p>\n<p><strong>Uputstvo za upotrebu:<\/strong><br \/>\n\u0160ampon se mora koristiti u skladu sa veli\u010dinom va\u0161eg ljubimca.<\/p>\n<p>Sun\u0111erom natopljenim vodom i \u0161amponom umasirajte i trljajte celo telo ma\u010dke kako biste \u0161to bolje uklonili prljav\u0161tinu.<\/p>\n<p><strong>Zapremina:<\/strong> 300 ml<\/p>\n<p>Proizvo\u0111a\u010d: Pet Village Srl, Via Stradello, Italy<br \/>\nZemlja porekla: Italija (EU)<\/p>\n\n    <div class=\"xs_social_share_widget xs_share_url after_content \t\tmain_content  wslu-style-1 wslu-share-box-shaped wslu-fill-colored wslu-none wslu-share-horizontal wslu-theme-font-no wslu-main_content\">\n\n\t\t\n        <ul>\n\t\t\t        <\/ul>\n    <\/div>","protected":false},"excerpt":{"rendered":"<p>\u0160ampon koji ne\u017eno \u010disti ko\u017eu i krzno, kako ma\u010dic\u0301a tako i odraslih ma\u010daka.<\/p>","protected":false},"featured_media":19455,"comment_status":"open","ping_status":"closed","template":"","meta":{"_acf_changed":false},"pwb-brand":[702],"product_cat":[23,80,343],"product_tag":[],"class_list":{"0":"post-19454","1":"product","2":"type-product","3":"status-publish","4":"has-post-thumbnail","6":"pwb-brand-inodorina","7":"product_cat-macke","8":"product_cat-higijena-nega-macaka","9":"product_cat-samponi-za-macke","11":"first","12":"instock","13":"taxable","14":"shipping-taxable","15":"purchasable","16":"product-type-simple"},"acf":[],"brands":[{"id":702,"name":"Inodorina","slug":"inodorina"}],"_links":{"self":[{"href":"https:\/\/pawz.rs\/en\/wp-json\/wp\/v2\/product\/19454","targetHints":{"allow":["GET"]}}],"collection":[{"href":"https:\/\/pawz.rs\/en\/wp-json\/wp\/v2\/product"}],"about":[{"href":"https:\/\/pawz.rs\/en\/wp-json\/wp\/v2\/types\/product"}],"replies":[{"embeddable":true,"href":"https:\/\/pawz.rs\/en\/wp-json\/wp\/v2\/comments?post=19454"}],"wp:featuredmedia":[{"embeddable":true,"href":"https:\/\/pawz.rs\/en\/wp-json\/wp\/v2\/media\/19455"}],"wp:attachment":[{"href":"https:\/\/pawz.rs\/en\/wp-json\/wp\/v2\/media?parent=19454"}],"wp:term":[{"taxonomy":"pwb-brand","embeddable":true,"href":"https:\/\/pawz.rs\/en\/wp-json\/wp\/v2\/pwb-brand?post=19454"},{"taxonomy":"product_cat","embeddable":true,"href":"https:\/\/pawz.rs\/en\/wp-json\/wp\/v2\/product_cat?post=19454"},{"taxonomy":"product_tag","embeddable":true,"href":"https:\/\/pawz.rs\/en\/wp-json\/wp\/v2\/product_tag?post=19454"}],"curies":[{"name":"wp","href":"https:\/\/api.w.org\/{rel}","templated":true}]}}