{"id":19456,"date":"2023-12-08T13:44:32","date_gmt":"2023-12-08T12:44:32","guid":{"rendered":"https:\/\/pawz.rs\/?post_type=product&#038;p=19456"},"modified":"2023-12-08T13:44:33","modified_gmt":"2023-12-08T12:44:33","slug":"inodorina-sprej-za-zastitu-sapa-200-ml","status":"publish","type":"product","link":"https:\/\/pawz.rs\/en\/inodorina-sprej-za-zastitu-sapa-200-ml\/","title":{"rendered":"Inodorina Sprej Za Za\u0161titu \u0160apa 200 ml"},"content":{"rendered":"<p><strong>Inodorina Sprej Za Za\u0161titu \u0160apa<\/strong><\/p>\n<p>Zahvaljujuc\u0301i prisustvu glicerina i provitamina B-5, sprej za za\u0161titu \u0161apa je najbolja odbrana od spolja\u0161njih uslova kao \u0161to su sneg, led, so, \u0161ljunak, toplota i hladnoc\u0301a.<\/p>\n<p>Vla\u017ei i omek\u0161ava jastu\u010dic\u0301e na \u0161apama na\u0161ih \u010detvorono\u017enih prijatelja, \u0161titec\u0301i ih od pucanja i ogrebotina.<\/p>\n<p><strong>Uputstvo za upotrebu:<br \/>\n<\/strong>Svakodnevno prskajte u malim koli\u010dinama na plantarne jastu\u010dic\u0301e psa ili ma\u010dke na udaljenosti od 20 cm.<\/p>\n<p><strong>Zapremina:<\/strong> 200 ml<\/p>\n<p>Proizvo\u0111a\u010d: Pet Village Srl, Via Stradello, Italy<br \/>\nZemlja porekla: Italija (EU)<\/p>\n\n    <div class=\"xs_social_share_widget xs_share_url after_content \t\tmain_content  wslu-style-1 wslu-share-box-shaped wslu-fill-colored wslu-none wslu-share-horizontal wslu-theme-font-no wslu-main_content\">\n\n\t\t\n        <ul>\n\t\t\t        <\/ul>\n    <\/div>","protected":false},"excerpt":{"rendered":"<p>Sprej za za\u0161titu \u0161apa Va\u0161eg ljubimca sa glicerinom i provitaminom B-5<\/p>","protected":false},"featured_media":19457,"comment_status":"open","ping_status":"closed","template":"","meta":{"_acf_changed":false},"pwb-brand":[702],"product_cat":[80,104,388,389,23,47],"product_tag":[],"class_list":{"0":"post-19456","1":"product","2":"type-product","3":"status-publish","4":"has-post-thumbnail","6":"pwb-brand-inodorina","7":"product_cat-higijena-nega-macaka","8":"product_cat-higijena-i-nega-pasa","9":"product_cat-higijenski-proizvodi","10":"product_cat-higijenski-proizvodi-higijena-i-nega-pasa","11":"product_cat-macke","12":"product_cat-psi","14":"first","15":"instock","16":"taxable","17":"shipping-taxable","18":"purchasable","19":"product-type-simple"},"acf":[],"brands":[{"id":702,"name":"Inodorina","slug":"inodorina"}],"_links":{"self":[{"href":"https:\/\/pawz.rs\/en\/wp-json\/wp\/v2\/product\/19456","targetHints":{"allow":["GET"]}}],"collection":[{"href":"https:\/\/pawz.rs\/en\/wp-json\/wp\/v2\/product"}],"about":[{"href":"https:\/\/pawz.rs\/en\/wp-json\/wp\/v2\/types\/product"}],"replies":[{"embeddable":true,"href":"https:\/\/pawz.rs\/en\/wp-json\/wp\/v2\/comments?post=19456"}],"wp:featuredmedia":[{"embeddable":true,"href":"https:\/\/pawz.rs\/en\/wp-json\/wp\/v2\/media\/19457"}],"wp:attachment":[{"href":"https:\/\/pawz.rs\/en\/wp-json\/wp\/v2\/media?parent=19456"}],"wp:term":[{"taxonomy":"pwb-brand","embeddable":true,"href":"https:\/\/pawz.rs\/en\/wp-json\/wp\/v2\/pwb-brand?post=19456"},{"taxonomy":"product_cat","embeddable":true,"href":"https:\/\/pawz.rs\/en\/wp-json\/wp\/v2\/product_cat?post=19456"},{"taxonomy":"product_tag","embeddable":true,"href":"https:\/\/pawz.rs\/en\/wp-json\/wp\/v2\/product_tag?post=19456"}],"curies":[{"name":"wp","href":"https:\/\/api.w.org\/{rel}","templated":true}]}}