{"id":19460,"date":"2023-12-08T13:44:31","date_gmt":"2023-12-08T12:44:31","guid":{"rendered":"https:\/\/pawz.rs\/?post_type=product&#038;p=19460"},"modified":"2024-04-15T13:01:42","modified_gmt":"2024-04-15T11:01:42","slug":"inodorina-magic-home-lavander-sredstvo-za-ciscenje-1-l","status":"publish","type":"product","link":"https:\/\/pawz.rs\/en\/inodorina-magic-home-lavander-sredstvo-za-ciscenje-1-l\/","title":{"rendered":"Inodorina Magic Home Lavander Sredstvo Za \u010ci\u0161\u0107enje 1 l"},"content":{"rendered":"<p><strong>Inodorina Magic Home Lavander Sredstvo Za \u010ci\u0161\u0107enje\u00a0<\/strong><\/p>\n<p>Sredstvo za \u010di\u0161\u0107enje sa aktivnom antibakterijskom formulom koja je visoko koncentrovana, \u010dini ovaj proizvod idealnim za \u010di\u0161\u0107enje svih mesta u kojima borave \u017eivotinje.<\/p>\n<p>Pogodan je za \u010di\u0161\u0107enje transportera, sanitetskih kutija, boksova, kaveza kao i bilo kojih delova ku\u0107e.<\/p>\n<p>Mo\u017ee se koristiti kao osnovno sredstvo za \u010di\u0161\u0107enje ku\u0107e.<\/p>\n<p>\u010cisti i dezinfikuje bilo koju povr\u0161inu ostavljaju\u0107i prijatan miris lavande.<\/p>\n<p><strong>Uputstvo za upotrebu:<br \/>\n<\/strong>Za svakodnevnu higijenu: razbla\u017eiti sa vodom od 1% do 10%, u zavisosti koliko je povr\u0161ina zaprljana.<\/p>\n<p>Za tvrdokorne i uporne mrlje: Upotrebiti nerazre\u0111en koncentrat direktno na sun\u0111er, potom isprati sa vodom.<\/p>\n<p><strong>Zapremina<\/strong>: 1 l<\/p>\n<p>Proizvo\u0111a\u010d: Pet Village Srl, Via Stradello, Italy<br \/>\nZemlja porekla: Italija (EU)<\/p>\n\n    <div class=\"xs_social_share_widget xs_share_url after_content \t\tmain_content  wslu-style-1 wslu-share-box-shaped wslu-fill-colored wslu-none wslu-share-horizontal wslu-theme-font-no wslu-main_content\">\n\n\t\t\n        <ul>\n\t\t\t        <\/ul>\n    <\/div>","protected":false},"excerpt":{"rendered":"<p>Sredstvo za \u010di\u0161\u0107enje mesta gde borave \u017eivotinje, sa mirisom lavande<\/p>","protected":false},"featured_media":19461,"comment_status":"open","ping_status":"closed","template":"","meta":{"_acf_changed":false},"pwb-brand":[702],"product_cat":[80,104,388,389,23,47],"product_tag":[],"class_list":{"0":"post-19460","1":"product","2":"type-product","3":"status-publish","4":"has-post-thumbnail","6":"pwb-brand-inodorina","7":"product_cat-higijena-nega-macaka","8":"product_cat-higijena-i-nega-pasa","9":"product_cat-higijenski-proizvodi","10":"product_cat-higijenski-proizvodi-higijena-i-nega-pasa","11":"product_cat-macke","12":"product_cat-psi","14":"first","15":"instock","16":"taxable","17":"shipping-taxable","18":"purchasable","19":"product-type-simple"},"acf":[],"brands":[{"id":702,"name":"Inodorina","slug":"inodorina"}],"_links":{"self":[{"href":"https:\/\/pawz.rs\/en\/wp-json\/wp\/v2\/product\/19460","targetHints":{"allow":["GET"]}}],"collection":[{"href":"https:\/\/pawz.rs\/en\/wp-json\/wp\/v2\/product"}],"about":[{"href":"https:\/\/pawz.rs\/en\/wp-json\/wp\/v2\/types\/product"}],"replies":[{"embeddable":true,"href":"https:\/\/pawz.rs\/en\/wp-json\/wp\/v2\/comments?post=19460"}],"wp:featuredmedia":[{"embeddable":true,"href":"https:\/\/pawz.rs\/en\/wp-json\/wp\/v2\/media\/19461"}],"wp:attachment":[{"href":"https:\/\/pawz.rs\/en\/wp-json\/wp\/v2\/media?parent=19460"}],"wp:term":[{"taxonomy":"pwb-brand","embeddable":true,"href":"https:\/\/pawz.rs\/en\/wp-json\/wp\/v2\/pwb-brand?post=19460"},{"taxonomy":"product_cat","embeddable":true,"href":"https:\/\/pawz.rs\/en\/wp-json\/wp\/v2\/product_cat?post=19460"},{"taxonomy":"product_tag","embeddable":true,"href":"https:\/\/pawz.rs\/en\/wp-json\/wp\/v2\/product_tag?post=19460"}],"curies":[{"name":"wp","href":"https:\/\/api.w.org\/{rel}","templated":true}]}}