{"id":19466,"date":"2023-12-08T13:44:28","date_gmt":"2023-12-08T12:44:28","guid":{"rendered":"https:\/\/pawz.rs\/?post_type=product&#038;p=19466"},"modified":"2024-04-15T09:50:26","modified_gmt":"2024-04-15T07:50:26","slug":"inodorina-carbon-prostirke-60x60cm-40-kom","status":"publish","type":"product","link":"https:\/\/pawz.rs\/en\/inodorina-carbon-prostirke-60x60cm-40-kom\/","title":{"rendered":"Inodorina Carbon Prostirke 60x60cm 40 kom"},"content":{"rendered":"<p><strong>Inodorina Carbon Prostirke 60x60cm<\/strong><\/p>\n<p>Super upijaju\u0107e podloge sa polimerima, koji kontroli\u0161u mirise i obezbe\u0111uju higijenu.<\/p>\n<p>Unutra\u0161nji sloj je napravljen od celuloze i super upijajuc\u0301ih aktivnih polimera, dok spoljni deo od PE izoluje pod i spre\u010dava curenje te\u010dnosti.<\/p>\n<p>\u010cestice aktivnog ugljenika poma\u017eu da se razbiju lo\u0161i mirisi i neutrali\u0161u ru\u017ene \u017eute mrlje od urina.<\/p>\n<p>Neklizajuc\u0301e lepljive trake obezbe\u0111uju maksimalnu stabilnost.<\/p>\n<p>Ove pelene su idealne za ljubimce koji u\u010de da vr\u0161e nu\u017edu na odre\u0111enom mestu, za \u017eenke u teranju, za putovanja, kao prostirka za posude za ljubimce, i kao prostirka za krevet ili transporter ljubimaca.<\/p>\n<p>Pakovanje od 40 komada.<\/p>\n<p>Proizvo\u0111a\u010d: Pet Village Srl, Via Stradello, Italy<br \/>\nZemlja porekla: Italija (EU)<\/p>\n\n    <div class=\"xs_social_share_widget xs_share_url after_content \t\tmain_content  wslu-style-1 wslu-share-box-shaped wslu-fill-colored wslu-none wslu-share-horizontal wslu-theme-font-no wslu-main_content\">\n\n\t\t\n        <ul>\n\t\t\t        <\/ul>\n    <\/div>","protected":false},"excerpt":{"rendered":"<p>Super upijaju\u0107e podloge sa polimerima i \u010desticama aktivnog uglja koji kontroli\u0161u mirise i obezbe\u0111uju higijenu, dimenzije 60 x 60 cm<\/p>","protected":false},"featured_media":19465,"comment_status":"open","ping_status":"closed","template":"","meta":{"_acf_changed":false,"_aa_vp_cena":"","_aa_online_cena":""},"pwb-brand":[702],"product_cat":[23,770,771,765,202,47],"product_tag":[],"class_list":{"0":"post-19466","1":"product","2":"type-product","3":"status-publish","4":"has-post-thumbnail","6":"pwb-brand-inodorina","7":"product_cat-macke","8":"product_cat-higijena-macaka","9":"product_cat-oprema-higijena-psi","10":"product_cat-oprema-za-macke","11":"product_cat-oprema-za-pse","12":"product_cat-psi","14":"first","15":"instock","16":"taxable","17":"shipping-taxable","18":"purchasable","19":"product-type-simple"},"acf":[],"brands":[{"id":702,"name":"Inodorina","slug":"inodorina"}],"_links":{"self":[{"href":"https:\/\/pawz.rs\/en\/wp-json\/wp\/v2\/product\/19466","targetHints":{"allow":["GET"]}}],"collection":[{"href":"https:\/\/pawz.rs\/en\/wp-json\/wp\/v2\/product"}],"about":[{"href":"https:\/\/pawz.rs\/en\/wp-json\/wp\/v2\/types\/product"}],"replies":[{"embeddable":true,"href":"https:\/\/pawz.rs\/en\/wp-json\/wp\/v2\/comments?post=19466"}],"wp:featuredmedia":[{"embeddable":true,"href":"https:\/\/pawz.rs\/en\/wp-json\/wp\/v2\/media\/19465"}],"wp:attachment":[{"href":"https:\/\/pawz.rs\/en\/wp-json\/wp\/v2\/media?parent=19466"}],"wp:term":[{"taxonomy":"pwb-brand","embeddable":true,"href":"https:\/\/pawz.rs\/en\/wp-json\/wp\/v2\/pwb-brand?post=19466"},{"taxonomy":"product_cat","embeddable":true,"href":"https:\/\/pawz.rs\/en\/wp-json\/wp\/v2\/product_cat?post=19466"},{"taxonomy":"product_tag","embeddable":true,"href":"https:\/\/pawz.rs\/en\/wp-json\/wp\/v2\/product_tag?post=19466"}],"curies":[{"name":"wp","href":"https:\/\/api.w.org\/{rel}","templated":true}]}}