{"id":19472,"date":"2023-12-08T17:35:30","date_gmt":"2023-12-08T16:35:30","guid":{"rendered":"https:\/\/pawz.rs\/?post_type=product&#038;p=19472"},"modified":"2025-12-08T09:16:52","modified_gmt":"2025-12-08T08:16:52","slug":"select-gold-dog-sensitive-maxi-adult-jagnjetina-pirinac-12-kg","status":"publish","type":"product","link":"https:\/\/pawz.rs\/en\/select-gold-dog-sensitive-maxi-adult-jagnjetina-pirinac-12-kg\/","title":{"rendered":"Select Gold Dog Sensitive Maxi Adult Jagnjetina &#038; Pirina\u010d 12 kg"},"content":{"rendered":"<p><strong>Select Gold Dog Sensitive Maxi Adult Jagnjetina &amp; Pirina\u010d 12 kg<\/strong><\/p>\n<p>Select Gold Sensitive Maxi Adult s jagnjetinom i pirin\u010dem je posebno razvijena, uravnote\u017eena potpuna suva hrana za velike odrasle pse (te\u017eine &gt; 25 kg) od pribli\u017eno 15 meseci i starije (zavisi od veli\u010dini psa).<\/p>\n<p>Ova visokokvalitetna suva hrana sadr\u017eava lako svarljive sastojke te je stoga savr\u0161ena za pse s intolerancijom na odre\u0111ene sastojke i osetljivim stomakom.<\/p>\n<p>Razvoj vrhunske formule posebno je temeljen na hranljivim i fiziolo\u0161kim potrebama velikih odraslih pasa.<\/p>\n<p><strong>Sastav:<\/strong><br \/>\nBelan\u010devine jagnjetine (21 %), pirin\u010dano bra\u0161no (20,5 %), pirina\u010d (20,5 %), jagnje\u0107e meso (hidrolizovano, 10 %), belan\u010devine pirin\u010da, \u017eivinska masta, pulpa repe, melasirana (bez \u0161e\u0107era, 4 %), hidrolizat jetre, laneno seme (1,5 %), komina jabuke, suncokretovo ulje, morska so, ulje repice, cikorija u prahu (0,15 % = 0,1 % inulin), kvasac (ekstrakt, 0,1 % = 0,017 % beta-glukani i 0,016 % manan-oligosaharidi), morske alge (0,05 %), bra\u0161no od zelenousne \u0161koljke (0,05 %), biljka Yucca schidigera (0,05 %), anis (0,025 %), kim (0,025 %). Mo\u017ee sadr\u017eavati druge sastojke u tragovima.<\/p>\n<p><strong>Analytical composition:<\/strong><br \/>\nBelan\u010devine 23,5 %, sadr\u017eaj masti 13 %, sirovi pepeo 7,5 %, sirova vlakna 2,5 %, kalcijum 1,7 %, fosfor 1,05 %, omega-6 masne kiseline 2,5 %, omega-3 masne kiseline 0,55 %.<\/p>\n<p><strong>Nutritivni dodaci:<br \/>\n<\/strong>Vitamin A 10000 IU, vitamin D3 1000 IU, vitamin E (all-rac-alfa-tokoferol acetat) 80 mg, vitamin C (natrijum kalcijum askorbil fosfat) 20 mg, L-karnitin 300 mg, bakar (bakrov sulfat, pentahidrat) 13 mg, gvo\u017e\u0111e (sulfat gvo\u017e\u0111e, monohidrat) 130 mg, jod (kalcijum jod, bezvodni) 1,5 mg, mangan (manganov oksid) 16 mg, selen (natrijum selenit) 0,15 mg, cink (cinkov oksid) 110 mg, biotin 500 \u03bcg.<\/p>\n<p><strong>Tehnolo\u0161ki dodaci:<\/strong>\u00a0Antioksidansi.<\/p>\n<p>Bez dodatih \u0161e\u0107era ili soje.<\/p>\n<p>Bez ve\u0161ta\u010dkih konzervansa, boje ili aroma.<\/p>\n<p>Sadr\u017ei omega-3 masnu kiselinu DHA (dokozaheksaenska kiselina) koja pospe\u0161uje razvoj mozga i nervnog sistema.<\/p>\n<p>Serve food in dry form with available fresh water.<br \/>\nFor your pet&#039;s health, consult a veterinarian regularly.<\/p>\n<p>Proizvo\u0111a\u010d: MultiFit Tiernahrungs GmbH, Deutschland<br \/>\nCountry of origin: Germany<\/p>\n\n    <div class=\"xs_social_share_widget xs_share_url after_content \t\tmain_content  wslu-style-1 wslu-share-box-shaped wslu-fill-colored wslu-none wslu-share-horizontal wslu-theme-font-no wslu-main_content\">\n\n\t\t\n        <ul>\n\t\t\t        <\/ul>\n    <\/div>","protected":false},"excerpt":{"rendered":"<p>Select Gold Sensitive Maxi Adult s jagnjetinom i pirin\u010dem je posebno razvijena, uravnote\u017eena potpuna suva hrana za velike odrasle pse (te\u017eine &gt; 25 kg) od pribli\u017eno 15 meseci i starije.<\/p>","protected":false},"featured_media":19473,"comment_status":"open","ping_status":"closed","template":"","meta":{"_acf_changed":false},"pwb-brand":[694,697],"product_cat":[47,48,49],"product_tag":[],"class_list":{"0":"post-19472","1":"product","2":"type-product","3":"status-publish","4":"has-post-thumbnail","6":"pwb-brand-select-gold","7":"pwb-brand-select-gold-hrana-za-pse","8":"product_cat-psi","9":"product_cat-hrana-za-pse","10":"product_cat-granule-za-pse","12":"first","13":"instock","14":"taxable","15":"shipping-taxable","16":"purchasable","17":"product-type-simple"},"acf":[],"brands":[{"id":694,"name":"Select Gold","slug":"select-gold"},{"id":697,"name":"Select Gold Dog Food","slug":"select-gold-hrana-za-pse"}],"_links":{"self":[{"href":"https:\/\/pawz.rs\/en\/wp-json\/wp\/v2\/product\/19472","targetHints":{"allow":["GET"]}}],"collection":[{"href":"https:\/\/pawz.rs\/en\/wp-json\/wp\/v2\/product"}],"about":[{"href":"https:\/\/pawz.rs\/en\/wp-json\/wp\/v2\/types\/product"}],"replies":[{"embeddable":true,"href":"https:\/\/pawz.rs\/en\/wp-json\/wp\/v2\/comments?post=19472"}],"wp:featuredmedia":[{"embeddable":true,"href":"https:\/\/pawz.rs\/en\/wp-json\/wp\/v2\/media\/19473"}],"wp:attachment":[{"href":"https:\/\/pawz.rs\/en\/wp-json\/wp\/v2\/media?parent=19472"}],"wp:term":[{"taxonomy":"pwb-brand","embeddable":true,"href":"https:\/\/pawz.rs\/en\/wp-json\/wp\/v2\/pwb-brand?post=19472"},{"taxonomy":"product_cat","embeddable":true,"href":"https:\/\/pawz.rs\/en\/wp-json\/wp\/v2\/product_cat?post=19472"},{"taxonomy":"product_tag","embeddable":true,"href":"https:\/\/pawz.rs\/en\/wp-json\/wp\/v2\/product_tag?post=19472"}],"curies":[{"name":"wp","href":"https:\/\/api.w.org\/{rel}","templated":true}]}}