{"id":19474,"date":"2023-12-08T17:35:27","date_gmt":"2023-12-08T16:35:27","guid":{"rendered":"https:\/\/pawz.rs\/?post_type=product&#038;p=19474"},"modified":"2025-12-08T09:16:54","modified_gmt":"2025-12-08T08:16:54","slug":"select-gold-dog-sensitive-medium-adult-jagnjetina-pirinac","status":"publish","type":"product","link":"https:\/\/pawz.rs\/en\/select-gold-dog-sensitive-medium-adult-jagnjetina-pirinac\/","title":{"rendered":"Select Gold Dog Sensitive Medium Adult Jagnjetina &amp; Pirina\u010d"},"content":{"rendered":"<p><strong>Select Gold Dog Sensitive Medium Adult Jagnjetina &amp; Pirina\u010d\u00a0<\/strong><\/p>\n<p>Select Gold Sensitive Medium Adult sa jagnjetinom i pirin\u010dem posebno je razvijena, uravnote\u017eena potpuna vrhunska suva hrana za odrasle pse srednje veli\u010dine (te\u017eine 11 \u2013 25 kg) od 12 meseci i starije.<\/p>\n<p>Ova visokokvalitetna suva hrana sadr\u017ei lako svarljive sastojke te je stoga savr\u0161ena za pse sa intolerancijom na odre\u0111ene sastojke i sa osetljivim stomakom.<\/p>\n<p>Razvoj vrhunske formule posebno je temeljen na hranljivim i fiziolo\u0161kim potrebama odraslih pasa srednje veli\u010dine.<\/p>\n<p>Jagnjetina kao odabrani izvor \u017eivotinjskih belan\u010devina i pirina\u010d kao izvor ugljenih hidrata savr\u0161eni su za pse s intolerancijom na odre\u0111ene sastojke i osetljivim stomakom.<\/p>\n<p>Sadr\u017eava manan-oligosaharide i prebiotik inulina koji mogu pospe\u0161itii razvoj i odr\u017eavanje stabilne crevne flore.<\/p>\n<p>Ve\u0107i sadr\u017eaj vitamina E i C, manan-oligosaharida i beta-glukana mogu osna\u017eiti prirodne odbrambene mehanizme tela.<\/p>\n<p>Posebna biljna vlakna, semenke anisa, kima i lana sadr\u017eane u hrani mogu pomo\u0107i u pospe\u0161ivanju optimalne probave.<\/p>\n<p><strong>Sastav:<\/strong><br \/>\nBelan\u010devine jagnjetine (21 %), pirin\u010dano bra\u0161no (20 %), ri\u017ea (20 %), belan\u010devine pirin\u010da, jagnje\u0107e meso (hidrolizovano, 10 %), \u017eivinska mast, pulpa repe, melasirana (bez \u0161e\u0107era, 4 %), hidrolizat jetre, laneno seme (1,5 %), komina jabuke, suncokretovo ulje, \u0161argarepa (0,5 %), ulje repice, kvasac (ekstrakt, 0,2 % = 0,05 % beta-glukani i 0,036 % manan-oligosaharidi), cikorija u prahu (0,15 % = 0,1 % inulin), morske alge (0,05 %), Yucca schidigera (0,05 %), anis (0,025 %), kim (0,025 %). Mo\u017ee sadr\u017eati druge sastojke u tragovima.<\/p>\n<p><strong>Analytical composition:<\/strong><br \/>\nBelan\u010devine 23,5 %, sadr\u017eaj masti 14 %, sirovi pepeo 7,5 %, sirova vlakna 2,5 %, kalcijum 1,7 %, fosfor 1,05 %, omega-3 masne kiseline 0,5 %, omega-6 masne kiseline 2,4 %.<\/p>\n<p><strong>Nutritivni dodaci:<br \/>\n<\/strong>Vitamin A 10000 IU, vitamin D3 1000 IU, vitamin E (all-rac-alfa-tokoferol acetat) 200 mg, vitamin C (natrijev kalcijev askorbil fosfat) 100 mg, bakar (bakrov sulfat, pentahidrat) 13 mg, gvo\u017e\u0111e (sulfat gvo\u017e\u0111a, monohidrat) 130 mg, jod (kalcijum jod, bezvodni) 1,5 mg, mangan (manganov oksid) 16 mg, selen (natrijev selenit) 0,15 mg, cink (cinkov oksid) 125 mg, biotin 750 \u03bcg.<\/p>\n<p><strong>Tehnolo\u0161ki dodaci:<\/strong>\u00a0Antioksidansi.<\/p>\n<p>Bez dodatih \u0161e\u0107era ili soje.<\/p>\n<p>Bez ve\u0161ta\u010dkih konzervansa, boje ili aroma.<\/p>\n<p>Sadr\u017ei omega-3 masnu kiselinu DHA (dokozaheksaenska kiselina) koja pospe\u0161uje razvoj mozga i nervnog sistema.<\/p>\n<p>Serve food in dry form with available fresh water.<br \/>\nFor your pet&#039;s health, consult a veterinarian regularly.<\/p>\n<p>Proizvo\u0111a\u010d: MultiFit Tiernahrungs GmbH, Deutschland<br \/>\nCountry of origin: Germany<\/p>\n\n    <div class=\"xs_social_share_widget xs_share_url after_content \t\tmain_content  wslu-style-1 wslu-share-box-shaped wslu-fill-colored wslu-none wslu-share-horizontal wslu-theme-font-no wslu-main_content\">\n\n\t\t\n        <ul>\n\t\t\t        <\/ul>\n    <\/div>","protected":false},"excerpt":{"rendered":"<p>Select Gold Sensitive Medium Adult sa jagnjetinom i pirin\u010dem posebno je razvijena, uravnote\u017eena potpuna vrhunska suva hrana za odrasle pse srednje veli\u010dine (te\u017eine 11 \u2013 25 kg) od 12 meseci i starije.<\/p>","protected":false},"featured_media":19475,"comment_status":"open","ping_status":"closed","template":"","meta":{"_acf_changed":false},"pwb-brand":[694,697],"product_cat":[47,48,49],"product_tag":[],"class_list":{"0":"post-19474","1":"product","2":"type-product","3":"status-publish","4":"has-post-thumbnail","6":"pwb-brand-select-gold","7":"pwb-brand-select-gold-hrana-za-pse","8":"product_cat-psi","9":"product_cat-hrana-za-pse","10":"product_cat-granule-za-pse","12":"first","13":"instock","14":"taxable","15":"shipping-taxable","16":"purchasable","17":"product-type-variable","18":"has-default-attributes"},"acf":[],"brands":[{"id":694,"name":"Select Gold","slug":"select-gold"},{"id":697,"name":"Select Gold Dog Food","slug":"select-gold-hrana-za-pse"}],"_links":{"self":[{"href":"https:\/\/pawz.rs\/en\/wp-json\/wp\/v2\/product\/19474","targetHints":{"allow":["GET"]}}],"collection":[{"href":"https:\/\/pawz.rs\/en\/wp-json\/wp\/v2\/product"}],"about":[{"href":"https:\/\/pawz.rs\/en\/wp-json\/wp\/v2\/types\/product"}],"replies":[{"embeddable":true,"href":"https:\/\/pawz.rs\/en\/wp-json\/wp\/v2\/comments?post=19474"}],"wp:featuredmedia":[{"embeddable":true,"href":"https:\/\/pawz.rs\/en\/wp-json\/wp\/v2\/media\/19475"}],"wp:attachment":[{"href":"https:\/\/pawz.rs\/en\/wp-json\/wp\/v2\/media?parent=19474"}],"wp:term":[{"taxonomy":"pwb-brand","embeddable":true,"href":"https:\/\/pawz.rs\/en\/wp-json\/wp\/v2\/pwb-brand?post=19474"},{"taxonomy":"product_cat","embeddable":true,"href":"https:\/\/pawz.rs\/en\/wp-json\/wp\/v2\/product_cat?post=19474"},{"taxonomy":"product_tag","embeddable":true,"href":"https:\/\/pawz.rs\/en\/wp-json\/wp\/v2\/product_tag?post=19474"}],"curies":[{"name":"wp","href":"https:\/\/api.w.org\/{rel}","templated":true}]}}