{"id":19482,"date":"2023-12-08T17:35:29","date_gmt":"2023-12-08T16:35:29","guid":{"rendered":"https:\/\/pawz.rs\/?post_type=product&#038;p=19482"},"modified":"2025-12-08T09:16:52","modified_gmt":"2025-12-08T08:16:52","slug":"select-gold-dog-sensitive-medium-senior-jagnjetina-pirinac","status":"publish","type":"product","link":"https:\/\/pawz.rs\/en\/select-gold-dog-sensitive-medium-senior-jagnjetina-pirinac\/","title":{"rendered":"Select Gold Dog Sensitive Medium Senior Jagnjetina &#038; Pirina\u010d"},"content":{"rendered":"<p><strong>Select Gold Dog Sensitive Medium Senior Jagnjetina &amp; Pirina\u010d 12 kg<\/strong><\/p>\n<p>Select Gold Medium Senior jagnjetina i pirina\u010d &#8211; posebno je razvijena, uravnote\u017eena potpuna suva hrana za starije pse srednje veli\u010dine (te\u017eine 11 \u2013 25 kg) dobi od pribli\u017eno 7 godina i starije.<\/p>\n<p>Ova visokokvalitetna suva hrana sadr\u017ei lako svarljive sastojke te je stoga savr\u0161ena za pse s intolerancijom na odre\u0111ene sastojke i osetljivim stomakom.<\/p>\n<p>Razvoj vrhunske formule posebno je temeljen na hranljivim i fiziolo\u0161kim potrebama starijih pasa srednje veli\u010dine.<\/p>\n<p>Potpuna hrana za starije pse srednje veli\u010dine (te\u017eine 11\u201325 kg) dobi od pribli\u017eno 7 godina i starije.<\/p>\n<p><strong>Sastav:<br \/>\n<\/strong>Krompir (43 %), belan\u010devine jagnjetine (16,5 %), belan\u010devine pirina\u010d, jagnje\u0107e meso (hidrolizovano, 10 %), \u017eivinska mast, pulpa repe, melasirana (bez \u0161e\u0107era), hidrolizat jetre, laneno seme (1,5 %), komina jabuke, suncokretovo ulje, \u0161argarepa (0,5 %), ulje repice, kvasac (ekstrakt, 0,2 % = 0,05 % beta-glukani i 0,036 % manan-oligosaharidi), cikorija u prahu (0,15 % = 0,1 % inulin), morske alge (0,05 %), bra\u0161no od zelenousne \u0161koljke (0,05 %), Yucca schidigera (0,05 %), zeleni \u010daj u prahu (0,04 %), anis (0,025 %), kim (0,025 %).<\/p>\n<p>Mo\u017ee sadr\u017eati druge sastojke u tragovima.<\/p>\n<p><strong>Analytical composition:<\/strong><br \/>\nBelan\u010devine 22 %, sadr\u017eaj masti 12 %, sirovi pepeo 6,5 %, sirova vlakna 2,5 %, kalcijum 1,35 %, fosfor 0,85 %.Dodaci\/kg; nutritivni dodaci: vitamin A 14000 IU, vitamin D3 1400 IU, vitamin E (all-rac-alfa-tokoferol acetat) 300 mg, vitamin C (natrijev kalcijev askorbil fosfat) 200 mg, bakar (bakrov sulfat, pentahidrat) 13 mg, gvo\u017e\u0111e (sulfat gvo\u017e\u0111a, monohidrat) 130 mg, jod (kalcijum jod, bezvodni) 1,5 mg, mangan (manganov oksid) 16 mg, selen (natrijum selenit) 0,15 mg, cink (cinkov oksid) 125 mg.<\/p>\n<p><strong>Tehnolo\u0161ki dodaci:<\/strong>\u00a0Antioksidansi.<\/p>\n<p>Bez dodatih \u0161e\u0107era ili soje.<\/p>\n<p>Bez ve\u0161ta\u010dkih konzervansa, boje ili aroma.<\/p>\n<p>Serve food in dry form with available fresh water.<br \/>\nFor your pet&#039;s health, consult a veterinarian regularly.<\/p>\n<p>Proizvo\u0111a\u010d: MultiFit Tiernahrungs GmbH, Deutschland<br \/>\nCountry of origin: Germany<\/p>\n\n    <div class=\"xs_social_share_widget xs_share_url after_content \t\tmain_content  wslu-style-1 wslu-share-box-shaped wslu-fill-colored wslu-none wslu-share-horizontal wslu-theme-font-no wslu-main_content\">\n\n\t\t\n        <ul>\n\t\t\t        <\/ul>\n    <\/div>","protected":false},"excerpt":{"rendered":"<p>Select Gold Medium Senior jagnjetina i pirina\u010d &#8211; posebno je razvijena, uravnote\u017eena potpuna suva hrana za starije pse srednje veli\u010dine (te\u017eine 11 \u2013 25 kg) dobi od pribli\u017eno 7 godina i starije.<\/p>","protected":false},"featured_media":19485,"comment_status":"open","ping_status":"closed","template":"","meta":{"_acf_changed":false},"pwb-brand":[694,697],"product_cat":[47,48,49],"product_tag":[],"class_list":{"0":"post-19482","1":"product","2":"type-product","3":"status-publish","4":"has-post-thumbnail","6":"pwb-brand-select-gold","7":"pwb-brand-select-gold-hrana-za-pse","8":"product_cat-psi","9":"product_cat-hrana-za-pse","10":"product_cat-granule-za-pse","12":"first","13":"instock","14":"taxable","15":"shipping-taxable","16":"purchasable","17":"product-type-variable","18":"has-default-attributes"},"acf":[],"brands":[{"id":694,"name":"Select Gold","slug":"select-gold"},{"id":697,"name":"Select Gold Dog Food","slug":"select-gold-hrana-za-pse"}],"_links":{"self":[{"href":"https:\/\/pawz.rs\/en\/wp-json\/wp\/v2\/product\/19482","targetHints":{"allow":["GET"]}}],"collection":[{"href":"https:\/\/pawz.rs\/en\/wp-json\/wp\/v2\/product"}],"about":[{"href":"https:\/\/pawz.rs\/en\/wp-json\/wp\/v2\/types\/product"}],"replies":[{"embeddable":true,"href":"https:\/\/pawz.rs\/en\/wp-json\/wp\/v2\/comments?post=19482"}],"wp:featuredmedia":[{"embeddable":true,"href":"https:\/\/pawz.rs\/en\/wp-json\/wp\/v2\/media\/19485"}],"wp:attachment":[{"href":"https:\/\/pawz.rs\/en\/wp-json\/wp\/v2\/media?parent=19482"}],"wp:term":[{"taxonomy":"pwb-brand","embeddable":true,"href":"https:\/\/pawz.rs\/en\/wp-json\/wp\/v2\/pwb-brand?post=19482"},{"taxonomy":"product_cat","embeddable":true,"href":"https:\/\/pawz.rs\/en\/wp-json\/wp\/v2\/product_cat?post=19482"},{"taxonomy":"product_tag","embeddable":true,"href":"https:\/\/pawz.rs\/en\/wp-json\/wp\/v2\/product_tag?post=19482"}],"curies":[{"name":"wp","href":"https:\/\/api.w.org\/{rel}","templated":true}]}}