{"id":19486,"date":"2023-12-08T17:35:28","date_gmt":"2023-12-08T16:35:28","guid":{"rendered":"https:\/\/pawz.rs\/?post_type=product&#038;p=19486"},"modified":"2025-12-08T09:16:53","modified_gmt":"2025-12-08T08:16:53","slug":"select-gold-dog-sensitive-mini-junior-jagnjetina-losos-i-krompir","status":"publish","type":"product","link":"https:\/\/pawz.rs\/en\/select-gold-dog-sensitive-mini-junior-jagnjetina-losos-i-krompir\/","title":{"rendered":"Select Gold Dog Sensitive Mini Junior Jagnjetina, Losos I Krompir"},"content":{"rendered":"<p><strong>Select Gold Dog Sensitive Mini Junior Jagnjetina, Losos I Krompir<\/strong><\/p>\n<p>Select Gold Sensitive Mini Junior sa jagnjetinom, lososom i krompirom je posebno razvijena, uravnote\u017eena potpuna suva hrana za \u0161tence i mlade pse od prestanka sisanja do 10 meseci starosti te za skotne pse i pse u laktaciji malih rasa (te\u017eine 5\u201310 kg).<\/p>\n<p>Jagnjetina i losos kao odabrani izvori \u017eivotinjskih belan\u010devina i krompir kao izvor ugljenih hidrata savr\u0161eni su za pse sa intolerancijom na odre\u0111ene sastojke i osetljivim stomakom.<\/p>\n<p>Sadr\u017ei manan-oligosaharide i prebiotik inulin koji mogu pospe\u0161iti razvoj i odr\u017eavanje stabilne crevne flore.<\/p>\n<p>Hrskavi, tvrdi kroketi i biljna vlakna mogu pridodati mehani\u010dkom \u010di\u0161\u0107enju zuba, dok izbalansiran odnos kalcijuma i fosfora osigurava pravilan razvoj kostiju i zuba.<\/p>\n<p><strong>Sastav:<\/strong><br \/>\nKrompirove pahuljice (21 %), jagnje\u0107e meso (hidrolizivano, 12 %), belan\u010devine krompira (12 %), \u017eivinska mast, belan\u010devine jagnjetine (9 %), bra\u0161no od lososa (9 %), su\u0161eni krompir (8 %), pulpa repe, melasirana (bez \u0161e\u0107era), laneno seme (1,5 %), celuloza u prahu (1,5 %), komina jabuke, suncokretovo ulje, ulje repice, cikorija u prahu (0,15 % = 0,1 % inulin), kvasac (ekstrakt, 0,1 % = 0,016 % manan-oligosaharidi), morske alge (0,1 %), Yucca schidigera (0,05 %)<\/p>\n<p>Mo\u017ee sadr\u017eati druge sastojke u tragovima.<\/p>\n<p><strong>Analytical composition:<\/strong><br \/>\nBelan\u010devine 28%, sadr\u017eaj masti 18%, sirovi pepeo 7,5%, sirova vlakna 3%, kalcijum 1,35 %, fosfor 0,95%.<\/p>\n<p><strong>Nutritivni dodaci:<br \/>\n<\/strong>Vitamin A 12000 IU, vitamin D3 1200 IU, vitamin E (all-rac-alfa-tokoferol acetat) 120 mg, vitamin C (natrijum kalcijum askorbil fosfat) 20 mg, bakar (bakrov sulfat, pentahidrat) 13 mg, gvo\u017e\u0111e (sulfat gvo\u017e\u0111a, monohidrat) 130 mg, jod (kalcijum jod, bezvodni) 1,5 mg, mangan (manganov sulfat, monohidrat) 16 mg, selen (natrijum selenit) 0,15 mg, cink (cinkov oksid) 110 mg, biotin 500 \u03bcg.<\/p>\n<p><strong>Tehnolo\u0161ki dodaci:<\/strong>\u00a0Antioksidansi.<\/p>\n<p>Bez dodatih \u0161e\u0107era ili soje.<\/p>\n<p>Bez ve\u0161ta\u010dkih konzervansa, boje ili aroma.<\/p>\n<p>Sadr\u017ei omega-3 masnu kiselinu DHA (dokozaheksaenska kiselina) koja pospe\u0161uje razvoj mozga i nervnog sistema.<\/p>\n<p>Serve food in dry form with available fresh water.<br \/>\nFor your pet&#039;s health, consult a veterinarian regularly.<\/p>\n<p>Proizvo\u0111a\u010d: MultiFit Tiernahrungs GmbH, Deutschland<br \/>\nCountry of origin: Germany<\/p>\n\n    <div class=\"xs_social_share_widget xs_share_url after_content \t\tmain_content  wslu-style-1 wslu-share-box-shaped wslu-fill-colored wslu-none wslu-share-horizontal wslu-theme-font-no wslu-main_content\">\n\n\t\t\n        <ul>\n\t\t\t        <\/ul>\n    <\/div>","protected":false},"excerpt":{"rendered":"<p>Select Gold Sensitive Mini Adult sa jagnjetinom, lososom i krompirom je posebno razvijena, uravnote\u017eena potpuna suva hrana za \u0161tence i mlade pse od prestanka sisanja do 10 meseci starosti te za skotne pse i pse u laktaciji malih rasa (te\u017eine 5\u201310 kg).<\/p>","protected":false},"featured_media":19489,"comment_status":"open","ping_status":"closed","template":"","meta":{"_acf_changed":false},"pwb-brand":[694,697],"product_cat":[49,48,47],"product_tag":[],"class_list":{"0":"post-19486","1":"product","2":"type-product","3":"status-publish","4":"has-post-thumbnail","6":"pwb-brand-select-gold","7":"pwb-brand-select-gold-hrana-za-pse","8":"product_cat-granule-za-pse","9":"product_cat-hrana-za-pse","10":"product_cat-psi","12":"first","13":"instock","14":"taxable","15":"shipping-taxable","16":"purchasable","17":"product-type-variable","18":"has-default-attributes"},"acf":[],"brands":[{"id":694,"name":"Select Gold","slug":"select-gold"},{"id":697,"name":"Select Gold Dog Food","slug":"select-gold-hrana-za-pse"}],"_links":{"self":[{"href":"https:\/\/pawz.rs\/en\/wp-json\/wp\/v2\/product\/19486","targetHints":{"allow":["GET"]}}],"collection":[{"href":"https:\/\/pawz.rs\/en\/wp-json\/wp\/v2\/product"}],"about":[{"href":"https:\/\/pawz.rs\/en\/wp-json\/wp\/v2\/types\/product"}],"replies":[{"embeddable":true,"href":"https:\/\/pawz.rs\/en\/wp-json\/wp\/v2\/comments?post=19486"}],"wp:featuredmedia":[{"embeddable":true,"href":"https:\/\/pawz.rs\/en\/wp-json\/wp\/v2\/media\/19489"}],"wp:attachment":[{"href":"https:\/\/pawz.rs\/en\/wp-json\/wp\/v2\/media?parent=19486"}],"wp:term":[{"taxonomy":"pwb-brand","embeddable":true,"href":"https:\/\/pawz.rs\/en\/wp-json\/wp\/v2\/pwb-brand?post=19486"},{"taxonomy":"product_cat","embeddable":true,"href":"https:\/\/pawz.rs\/en\/wp-json\/wp\/v2\/product_cat?post=19486"},{"taxonomy":"product_tag","embeddable":true,"href":"https:\/\/pawz.rs\/en\/wp-json\/wp\/v2\/product_tag?post=19486"}],"curies":[{"name":"wp","href":"https:\/\/api.w.org\/{rel}","templated":true}]}}