{"id":19498,"date":"2023-12-08T17:35:24","date_gmt":"2023-12-08T16:35:24","guid":{"rendered":"https:\/\/pawz.rs\/?post_type=product&#038;p=19498"},"modified":"2025-12-08T09:16:57","modified_gmt":"2025-12-08T08:16:57","slug":"select-gold-dog-sensitive-xs-junior-jagnjetina-losos-i-krompir-1-kg","status":"publish","type":"product","link":"https:\/\/pawz.rs\/en\/select-gold-dog-sensitive-xs-junior-jagnjetina-losos-i-krompir-1-kg\/","title":{"rendered":"Select Gold Dog Sensitive XS Junior Jagnjetina, Losos i Krompir 1 kg"},"content":{"rendered":"<p><strong>Select Gold Dog Sensitive XS Junior Jagnjetina, Losos i Krompir 1 kg<\/strong><\/p>\n<p>Select Gold Dog Sensitive XS Junior jagnjetina, losos, krompir \u2013 potpuna hrana za \u0161tence i mlade pse od prestanka sisanja do\u00a0 8 meseci starosti te za skotne pse i pse u laktaciji vrlo malih rasa do 4 kg.<\/p>\n<p>Ova visokokvalitetna suva hrana sadr\u017ei lako svarljive sastojke te je stoga savr\u0161ena za pse sa intolerancijom na odre\u0111ene sastojke i osetljivim stomakom.<\/p>\n<p>Razvoj vrhunske formule posebno je temeljen na ranljivim i fiziolo\u0161kim potrebama \u0161tenaca i mladih pasa u fazi rasta.<\/p>\n<p><strong>Sastav:<\/strong><br \/>\nkrompirove pahuljice (21 %), jagnje\u0107e meso (hidrolizovano, 12 %), belan\u010devine krompira (12 %), \u017eivinsko meso, belan\u010devine jagnjetine (9 %), bra\u0161no od lososa (9 %), su\u0161eni krompir (8 %), pulpa repe, melasirana (bez \u0161e\u0107era), celuloza u prahu (2,5 %), laneno seme (1,5 %), komina jabuke, suncokretovo ulje (0,9 %), brusnica (0,2 %), cikorija u prahu (0,15 % = 0,1 % inulin), orahovo ulje (0,1 %), kvasac (ekstrakt, 0,1 % = 0,016 % manan-oligosaharidi), morske alge (0,1 %), Yucca schidigera (0,05 %).<\/p>\n<p>Mo\u017ee sadr\u017eati druge sastojke u tragovima.<\/p>\n<p><strong>Analytical composition:<\/strong><br \/>\nBelan\u010devine 28 %, sadr\u017eaj masti 18 %, sirovi pepeo 7,5 %, sirova vlakna 4 %, kalcij 1,35 %, fosfor 0,95 %.Dodaci\/kg; nutritivni dodaci: vitamin A 12000 IU, vitamin D3 1200 IU, vitamin E (all-rac-alfa-tokoferol acetat) 120 mg, vitamin C (natrijum kalcijum askorbil fosfat) 20 mg, bakar (bakrov sulfat, pentahidrat) 13 mg, gvo\u017e\u0111e (sulfat gvo\u017e\u0111a, monohidrat) 130 mg, jod (kalcijum jod, bezvodni) 1,5 mg, mangan (manganov sulfat, monohidrat) 16 mg, selen (natrijum selenit) 0,15 mg, cink (cinkov oksid) 110 mg, biotin 500 \u03bcg.<\/p>\n<p><strong>Tehnolo\u0161ki dodaci:<\/strong>\u00a0Antioksidansi.<\/p>\n<p>Bez dodatih \u0161e\u0107era ili soje.<\/p>\n<p>Bez ve\u0161ta\u010dkih konzervansa, boje ili aroma.<\/p>\n<p>Serve food in dry form with available fresh water.<br \/>\nFor your pet&#039;s health, consult a veterinarian regularly.<\/p>\n<p>Proizvo\u0111a\u010d: MultiFit Tiernahrungs GmbH, Deutschland<br \/>\nCountry of origin: Germany<\/p>\n\n    <div class=\"xs_social_share_widget xs_share_url after_content \t\tmain_content  wslu-style-1 wslu-share-box-shaped wslu-fill-colored wslu-none wslu-share-horizontal wslu-theme-font-no wslu-main_content\">\n\n\t\t\n        <ul>\n\t\t\t        <\/ul>\n    <\/div>","protected":false},"excerpt":{"rendered":"<p>Select Gold Dog Sensitive XS Junior jagnjetina, losos, krompir \u2013 potpuna hrana za \u0161tence i mlade pse od prestanka sisanja do\u00a0 8 meseci starosti te za skotne pse i pse u laktaciji vrlo malih rasa do 4 kg.<\/p>","protected":false},"featured_media":19499,"comment_status":"open","ping_status":"closed","template":"","meta":{"_acf_changed":false,"_aa_vp_cena":"","_aa_online_cena":""},"pwb-brand":[694,697],"product_cat":[49,48,47],"product_tag":[],"class_list":{"0":"post-19498","1":"product","2":"type-product","3":"status-publish","4":"has-post-thumbnail","6":"pwb-brand-select-gold","7":"pwb-brand-select-gold-hrana-za-pse","8":"product_cat-granule-za-pse","9":"product_cat-hrana-za-pse","10":"product_cat-psi","12":"first","13":"instock","14":"taxable","15":"shipping-taxable","16":"purchasable","17":"product-type-simple"},"acf":[],"brands":[{"id":694,"name":"Select Gold","slug":"select-gold"},{"id":697,"name":"Select Gold Dog Food","slug":"select-gold-hrana-za-pse"}],"_links":{"self":[{"href":"https:\/\/pawz.rs\/en\/wp-json\/wp\/v2\/product\/19498","targetHints":{"allow":["GET"]}}],"collection":[{"href":"https:\/\/pawz.rs\/en\/wp-json\/wp\/v2\/product"}],"about":[{"href":"https:\/\/pawz.rs\/en\/wp-json\/wp\/v2\/types\/product"}],"replies":[{"embeddable":true,"href":"https:\/\/pawz.rs\/en\/wp-json\/wp\/v2\/comments?post=19498"}],"wp:featuredmedia":[{"embeddable":true,"href":"https:\/\/pawz.rs\/en\/wp-json\/wp\/v2\/media\/19499"}],"wp:attachment":[{"href":"https:\/\/pawz.rs\/en\/wp-json\/wp\/v2\/media?parent=19498"}],"wp:term":[{"taxonomy":"pwb-brand","embeddable":true,"href":"https:\/\/pawz.rs\/en\/wp-json\/wp\/v2\/pwb-brand?post=19498"},{"taxonomy":"product_cat","embeddable":true,"href":"https:\/\/pawz.rs\/en\/wp-json\/wp\/v2\/product_cat?post=19498"},{"taxonomy":"product_tag","embeddable":true,"href":"https:\/\/pawz.rs\/en\/wp-json\/wp\/v2\/product_tag?post=19498"}],"curies":[{"name":"wp","href":"https:\/\/api.w.org\/{rel}","templated":true}]}}