{"id":19882,"date":"2024-01-13T13:17:22","date_gmt":"2024-01-13T12:17:22","guid":{"rendered":"https:\/\/pawz.rs\/?post_type=product&#038;p=19882"},"modified":"2024-02-23T18:04:53","modified_gmt":"2024-02-23T17:04:53","slug":"trixie-sprej-za-kucnu-dresuru-trening-pasa-175-ml","status":"publish","type":"product","link":"https:\/\/pawz.rs\/en\/trixie-sprej-za-kucnu-dresuru-trening-pasa-175-ml\/","title":{"rendered":"Trixie Sprej Za Ku\u0107nu Dresuru-Trening Pasa 175 ml"},"content":{"rendered":"<p><strong>Trixie Sprej Za Ku\u0107nu Dresuru-Trening Pasa 175 ml<\/strong><\/p>\n<ul>\n<li>Za prskanje na higijensku podlogu<\/li>\n<li>Miris olak\u0161ava psu da prona\u0111e mesto gde se mo\u017ee osloboditi<\/li>\n<\/ul>\n<p><strong>Sastav:\u00a0<\/strong><br \/>\nEsencijalna ulja, tenziti, izopropanolol, destilovana voda<\/p>\n<p><strong>Uputstvo za kori\u0161\u0107enje:<\/strong><\/p>\n<p>Naprskati 5-10 puta na higijensku podlogu ili mesto gde ho\u0107ete da Vas pas vr\u0161i nu\u017edu.<\/p>\n<p>Stavite \u0161tene na podlogu neposredno nakon \u0161to jede ili pije vodu, dok se ne olak\u0161a.<\/p>\n<p>Sprej prskajte svakodnevno, a podlogu svakog dana probli\u017eavajte vratima. Kasnije stavite tu podlogu i van stana.<\/p>\n<p><strong>Napomena:<\/strong><br \/>\nPohvalite Va\u0161e \u0161tene svaki put posle pravilne upotrebe.<\/p>\n<p>\u010cuvati van doma\u0161aja dece.<\/p>\n<p>Porizvo\u0111a\u010d: Trixie GmbH &amp; Co. KG<br \/>\nCountry of origin: Germany<\/p>\n\n    <div class=\"xs_social_share_widget xs_share_url after_content \t\tmain_content  wslu-style-1 wslu-share-box-shaped wslu-fill-colored wslu-none wslu-share-horizontal wslu-theme-font-no wslu-main_content\">\n\n\t\t\n        <ul>\n\t\t\t        <\/ul>\n    <\/div>","protected":false},"excerpt":{"rendered":"<p>Sprej za ku\u0107nu dresuru-trening pasa<\/p>","protected":false},"featured_media":19884,"comment_status":"open","ping_status":"closed","template":"","meta":{"_acf_changed":false},"pwb-brand":[465],"product_cat":[104,389,47],"product_tag":[],"class_list":{"0":"post-19882","1":"product","2":"type-product","3":"status-publish","4":"has-post-thumbnail","6":"pwb-brand-trixie","7":"product_cat-higijena-i-nega-pasa","8":"product_cat-higijenski-proizvodi-higijena-i-nega-pasa","9":"product_cat-psi","11":"first","12":"instock","13":"taxable","14":"shipping-taxable","15":"purchasable","16":"product-type-simple"},"acf":[],"brands":[{"id":465,"name":"Trixie","slug":"trixie"}],"_links":{"self":[{"href":"https:\/\/pawz.rs\/en\/wp-json\/wp\/v2\/product\/19882","targetHints":{"allow":["GET"]}}],"collection":[{"href":"https:\/\/pawz.rs\/en\/wp-json\/wp\/v2\/product"}],"about":[{"href":"https:\/\/pawz.rs\/en\/wp-json\/wp\/v2\/types\/product"}],"replies":[{"embeddable":true,"href":"https:\/\/pawz.rs\/en\/wp-json\/wp\/v2\/comments?post=19882"}],"wp:featuredmedia":[{"embeddable":true,"href":"https:\/\/pawz.rs\/en\/wp-json\/wp\/v2\/media\/19884"}],"wp:attachment":[{"href":"https:\/\/pawz.rs\/en\/wp-json\/wp\/v2\/media?parent=19882"}],"wp:term":[{"taxonomy":"pwb-brand","embeddable":true,"href":"https:\/\/pawz.rs\/en\/wp-json\/wp\/v2\/pwb-brand?post=19882"},{"taxonomy":"product_cat","embeddable":true,"href":"https:\/\/pawz.rs\/en\/wp-json\/wp\/v2\/product_cat?post=19882"},{"taxonomy":"product_tag","embeddable":true,"href":"https:\/\/pawz.rs\/en\/wp-json\/wp\/v2\/product_tag?post=19882"}],"curies":[{"name":"wp","href":"https:\/\/api.w.org\/{rel}","templated":true}]}}