{"id":20077,"date":"2024-02-04T20:44:01","date_gmt":"2024-02-04T19:44:01","guid":{"rendered":"https:\/\/pawz.rs\/?post_type=product&#038;p=20077"},"modified":"2025-09-30T11:30:49","modified_gmt":"2025-09-30T09:30:49","slug":"miamor-vlazna-hrana-za-macke-curetina-185-g","status":"publish","type":"product","link":"https:\/\/pawz.rs\/en\/miamor-vlazna-hrana-za-macke-curetina-185-g\/","title":{"rendered":"Miamor Vla\u017ena Hrana Za Ma\u010dke \u0106uretina 185 g"},"content":{"rendered":"<p><strong>Miamor Vla\u017ena Hrana Za Ma\u010dke \u0106uretina 185 g<\/strong><\/p>\n<p><strong>Minimalna kupovina 12 komada<\/strong><\/p>\n<p>Kompletna hrana za odrasle ma\u010dke.<\/p>\n<p>Hrana sa visokim sadr\u017eajem mesa, bez \u017eitarica, prilago\u0111enaje potrebama ma\u010daka, isklju\u010divim mesojedima.<\/p>\n<p>Sadr\u017ei 65% mesa i iznutrica.<\/p>\n<p><strong>Sastav:<\/strong><br \/>\n33% \u0107uretina (jetra, meso, srce, stomak), gove\u0111aplu\u0107a, svinjski stomak, jetra \u017eivine, minerali.<\/p>\n<p><strong>Analytical composition:<\/strong><br \/>\nsirovi proteini 10%, sirove masti 8%,pepeo 2%, sirova vlakna 0,5%, vlaga 79%.<\/p>\n<p><strong>Dodaci: Hranljivi dodaci\/kg:<\/strong><br \/>\nVitamin D3 200 IJ, vitamin E 20mg, cink (E6) 5 mg, jod (3b201) 0,2 mg, mangan (3b503) 2 mg, taurin 500 mg.<\/p>\n<p>Nije za ljudsku upotrebu.<\/p>\n<p>Proizvo\u0111a\u010d: FINNERN GmbH &amp; Co. KG Postf.<br \/>\nZemlja porekla: Francuska<\/p>\n\n    <div class=\"xs_social_share_widget xs_share_url after_content \t\tmain_content  wslu-style-1 wslu-share-box-shaped wslu-fill-colored wslu-none wslu-share-horizontal wslu-theme-font-no wslu-main_content\">\n\n\t\t\n        <ul>\n\t\t\t        <\/ul>\n    <\/div>","protected":false},"excerpt":{"rendered":"<p>Kompletna hrana za odrasle ma\u010dke.<\/p>","protected":false},"featured_media":20078,"comment_status":"open","ping_status":"closed","template":"","meta":{"_acf_changed":false},"pwb-brand":[723],"product_cat":[23,21,150],"product_tag":[208],"class_list":{"0":"post-20077","1":"product","2":"type-product","3":"status-publish","4":"has-post-thumbnail","6":"pwb-brand-miamor","7":"product_cat-macke","8":"product_cat-hrana-za-macke","9":"product_cat-vlazna-hrana-za-macke","10":"product_tag-bez-zitarica","12":"first","13":"instock","14":"taxable","15":"shipping-taxable","16":"purchasable","17":"product-type-simple"},"acf":[],"brands":[{"id":723,"name":"Miamor","slug":"miamor"}],"_links":{"self":[{"href":"https:\/\/pawz.rs\/en\/wp-json\/wp\/v2\/product\/20077","targetHints":{"allow":["GET"]}}],"collection":[{"href":"https:\/\/pawz.rs\/en\/wp-json\/wp\/v2\/product"}],"about":[{"href":"https:\/\/pawz.rs\/en\/wp-json\/wp\/v2\/types\/product"}],"replies":[{"embeddable":true,"href":"https:\/\/pawz.rs\/en\/wp-json\/wp\/v2\/comments?post=20077"}],"wp:featuredmedia":[{"embeddable":true,"href":"https:\/\/pawz.rs\/en\/wp-json\/wp\/v2\/media\/20078"}],"wp:attachment":[{"href":"https:\/\/pawz.rs\/en\/wp-json\/wp\/v2\/media?parent=20077"}],"wp:term":[{"taxonomy":"pwb-brand","embeddable":true,"href":"https:\/\/pawz.rs\/en\/wp-json\/wp\/v2\/pwb-brand?post=20077"},{"taxonomy":"product_cat","embeddable":true,"href":"https:\/\/pawz.rs\/en\/wp-json\/wp\/v2\/product_cat?post=20077"},{"taxonomy":"product_tag","embeddable":true,"href":"https:\/\/pawz.rs\/en\/wp-json\/wp\/v2\/product_tag?post=20077"}],"curies":[{"name":"wp","href":"https:\/\/api.w.org\/{rel}","templated":true}]}}