{"id":20115,"date":"2024-02-13T15:55:27","date_gmt":"2024-02-13T14:55:27","guid":{"rendered":"https:\/\/pawz.rs\/?post_type=product&#038;p=20115"},"modified":"2024-02-24T08:45:26","modified_gmt":"2024-02-24T07:45:26","slug":"beaphar-calming-home-spray-cat-dog-125-ml","status":"publish","type":"product","link":"https:\/\/pawz.rs\/en\/beaphar-calming-home-spray-cat-dog-125-ml\/","title":{"rendered":"Beaphar Calming Home Spray Cat &#038; Dog 125 ml"},"content":{"rendered":"<p><strong>Beaphar Calming Home Spray Cat &amp; Dog 125 ml<\/strong><\/p>\n<p>Sprej sa valerijanom podsti\u010de prirodnu smirenost, tako da \u0107e se va\u0161i ljubimci ose\u0107ati opu\u0161tenije u stresnim situacijama.<\/p>\n<p>Poma\u017ee u spre\u010davanju ne\u017eeljenog pona\u0161anja: grebanje, lajanje, obele\u017eavanje urinom itd.<\/p>\n<p>Beaphar Calming Home Spray je posebno koristan kada ljubimci treba da putuju, posete veterinara, tokom grmljavine, vatrometa i sl.<\/p>\n<ul>\n<li>Prirodno umirujuc\u0301e dejstvo<\/li>\n<li>Za ma\u010dke i pse<\/li>\n<li>Dizajniran za upotrebu u kuc\u0301i<\/li>\n<li>Mo\u017ee se koristiti za prskanje transportera va\u0161eg ljubimca pre putovanja automobilom<\/li>\n<\/ul>\n<p><strong>Uputstvo za upotrebu:<br \/>\n<\/strong><\/p>\n<p>Pre upotrebe, testirajte postojanost boje na neupadljivom delu materijala.<\/p>\n<p>Dobro protresti pre upotrebe.<\/p>\n<p>Poprskajte na podru\u010dja gde va\u0161a ma\u010dka ili pas pokazuju ometajuc\u0301e pona\u0161anje, znake stresa ili op\u0161ta osec\u0301anja anksioznosti.<\/p>\n<p>Tako\u0111e se mo\u017ee prskati na c\u0301ebad, igra\u010dke i posteljinu za kuc\u0301ne ljubimce kako bi se pobolj\u0161alo osec\u0301anje smirenosti. Naprskajte unutar transportera za pse ili na c\u0301ebad pre putovanja u automobilu.<\/p>\n<p>Proizvo\u0111a\u010d: Beaphar B.V. Raalte<br \/>\nZemlja porekla: Holandija<\/p>\n\n    <div class=\"xs_social_share_widget xs_share_url after_content \t\tmain_content  wslu-style-1 wslu-share-box-shaped wslu-fill-colored wslu-none wslu-share-horizontal wslu-theme-font-no wslu-main_content\">\n\n\t\t\n        <ul>\n\t\t\t        <\/ul>\n    <\/div>","protected":false},"excerpt":{"rendered":"<p>Sprej sa valerijanom podsti\u010de prirodnu smirenost, tako da \u0107e se va\u0161i ljubimci ose\u0107ati opu\u0161tenije u stresnim situacijama.<\/p>","protected":false},"featured_media":20116,"comment_status":"open","ping_status":"closed","template":"","meta":{"_acf_changed":false},"pwb-brand":[714],"product_cat":[80,104,388,389,23,47],"product_tag":[],"class_list":{"0":"post-20115","1":"product","2":"type-product","3":"status-publish","4":"has-post-thumbnail","6":"pwb-brand-beaphar","7":"product_cat-higijena-nega-macaka","8":"product_cat-higijena-i-nega-pasa","9":"product_cat-higijenski-proizvodi","10":"product_cat-higijenski-proizvodi-higijena-i-nega-pasa","11":"product_cat-macke","12":"product_cat-psi","14":"first","15":"instock","16":"taxable","17":"shipping-taxable","18":"purchasable","19":"product-type-simple"},"acf":[],"brands":[{"id":714,"name":"Beaphar","slug":"beaphar"}],"_links":{"self":[{"href":"https:\/\/pawz.rs\/en\/wp-json\/wp\/v2\/product\/20115","targetHints":{"allow":["GET"]}}],"collection":[{"href":"https:\/\/pawz.rs\/en\/wp-json\/wp\/v2\/product"}],"about":[{"href":"https:\/\/pawz.rs\/en\/wp-json\/wp\/v2\/types\/product"}],"replies":[{"embeddable":true,"href":"https:\/\/pawz.rs\/en\/wp-json\/wp\/v2\/comments?post=20115"}],"wp:featuredmedia":[{"embeddable":true,"href":"https:\/\/pawz.rs\/en\/wp-json\/wp\/v2\/media\/20116"}],"wp:attachment":[{"href":"https:\/\/pawz.rs\/en\/wp-json\/wp\/v2\/media?parent=20115"}],"wp:term":[{"taxonomy":"pwb-brand","embeddable":true,"href":"https:\/\/pawz.rs\/en\/wp-json\/wp\/v2\/pwb-brand?post=20115"},{"taxonomy":"product_cat","embeddable":true,"href":"https:\/\/pawz.rs\/en\/wp-json\/wp\/v2\/product_cat?post=20115"},{"taxonomy":"product_tag","embeddable":true,"href":"https:\/\/pawz.rs\/en\/wp-json\/wp\/v2\/product_tag?post=20115"}],"curies":[{"name":"wp","href":"https:\/\/api.w.org\/{rel}","templated":true}]}}