{"id":20119,"date":"2024-02-13T15:55:25","date_gmt":"2024-02-13T14:55:25","guid":{"rendered":"https:\/\/pawz.rs\/?post_type=product&#038;p=20119"},"modified":"2024-07-28T15:31:22","modified_gmt":"2024-07-28T13:31:22","slug":"beaphar-no-stress-refill-cat-30-ml","status":"publish","type":"product","link":"https:\/\/pawz.rs\/en\/beaphar-no-stress-refill-cat-30-ml\/","title":{"rendered":"Beaphar No Stress Refill Cat 30 ml"},"content":{"rendered":"<p><strong>Beaphar No Stress Refill Cat 30 ml<\/strong><\/p>\n<p>Sadr\u017ei bo\u010dicu rastvora (30ml) kao dopunu za raspr\u0161iva\u010d.<\/p>\n<p>Idealno re\u0161enje za smirenje ma\u010daka svih starosti.<\/p>\n<p>Prirodni ekstrakti valerijane i lavande umanjuju stres i ne\u017eeljeno pona\u0161anje pri promeni sredine, renoviranju stana, tokom oluje sa grmljavinom, vatrometa i u drugim stresnim situacijama.<\/p>\n<p>Jedno punjenje (30ml) smanjuje stres i ne\u017eeljeno pona\u0161anje kod ma\u010daka svih uzrasta i rasa za pribli\u017eno. 4 nedelje.<\/p>\n<p>Proizvo\u0111a\u010d: Beaphar B.V. Raalte<br \/>\nZemlja porekla: Holandija<\/p>\n\n    <div class=\"xs_social_share_widget xs_share_url after_content \t\tmain_content  wslu-style-1 wslu-share-box-shaped wslu-fill-colored wslu-none wslu-share-horizontal wslu-theme-font-no wslu-main_content\">\n\n\t\t\n        <ul>\n\t\t\t        <\/ul>\n    <\/div>","protected":false},"excerpt":{"rendered":"<p>Sadr\u017ei bo\u010dicu rastvora (30ml) kao dopunu za raspr\u0161iva\u010d.<\/p>","protected":false},"featured_media":20120,"comment_status":"open","ping_status":"closed","template":"","meta":{"_acf_changed":false},"pwb-brand":[714],"product_cat":[23,80,388],"product_tag":[],"class_list":{"0":"post-20119","1":"product","2":"type-product","3":"status-publish","4":"has-post-thumbnail","6":"pwb-brand-beaphar","7":"product_cat-macke","8":"product_cat-higijena-nega-macaka","9":"product_cat-higijenski-proizvodi","11":"first","12":"instock","13":"taxable","14":"shipping-taxable","15":"purchasable","16":"product-type-simple"},"acf":[],"brands":[{"id":714,"name":"Beaphar","slug":"beaphar"}],"_links":{"self":[{"href":"https:\/\/pawz.rs\/en\/wp-json\/wp\/v2\/product\/20119","targetHints":{"allow":["GET"]}}],"collection":[{"href":"https:\/\/pawz.rs\/en\/wp-json\/wp\/v2\/product"}],"about":[{"href":"https:\/\/pawz.rs\/en\/wp-json\/wp\/v2\/types\/product"}],"replies":[{"embeddable":true,"href":"https:\/\/pawz.rs\/en\/wp-json\/wp\/v2\/comments?post=20119"}],"wp:featuredmedia":[{"embeddable":true,"href":"https:\/\/pawz.rs\/en\/wp-json\/wp\/v2\/media\/20120"}],"wp:attachment":[{"href":"https:\/\/pawz.rs\/en\/wp-json\/wp\/v2\/media?parent=20119"}],"wp:term":[{"taxonomy":"pwb-brand","embeddable":true,"href":"https:\/\/pawz.rs\/en\/wp-json\/wp\/v2\/pwb-brand?post=20119"},{"taxonomy":"product_cat","embeddable":true,"href":"https:\/\/pawz.rs\/en\/wp-json\/wp\/v2\/product_cat?post=20119"},{"taxonomy":"product_tag","embeddable":true,"href":"https:\/\/pawz.rs\/en\/wp-json\/wp\/v2\/product_tag?post=20119"}],"curies":[{"name":"wp","href":"https:\/\/api.w.org\/{rel}","templated":true}]}}