{"id":20243,"date":"2024-02-22T12:18:19","date_gmt":"2024-02-22T11:18:19","guid":{"rendered":"https:\/\/pawz.rs\/?post_type=product&#038;p=20243"},"modified":"2025-03-07T17:04:43","modified_gmt":"2025-03-07T16:04:43","slug":"platinum-vetactive-light","status":"publish","type":"product","link":"https:\/\/pawz.rs\/en\/platinum-vetactive-light\/","title":{"rendered":"Platinum VetActive Light"},"content":{"rendered":"<p><strong>Platinum VetActive Light<\/strong><\/p>\n<div class=\"col-md-12 text-center\">\n<p>Kompletna so\u010dna suva hrana za sve pse koji imaju prekomernu telesnu te\u017einu ili potrebu da odr\u017eavaju telesnu te\u017einu na optimalnom nivou.<\/p>\n<p><strong>Prednosti<\/strong><\/p>\n<ul>\n<li>70% sve\u017eeg mesa kuvanog na pari u sopstvenom soku<\/li>\n<li>Bez ve\u0161ta\u010dkih boja, poja\u010diva\u010da ukusa i aroma<\/li>\n<li>Bez GMO sastojaka<\/li>\n<li>Ne sadr\u017ei soju, p\u0161enicu i gluten<\/li>\n<li>Proizvodi nisu testirani na \u017eivotinjama<\/li>\n<li>Sastojci pogodni za ljudsku ishranu<\/li>\n<li>Nema nadimanja<\/li>\n<li>18% soka od mesa \u2013 so\u010dna suva hrana<\/li>\n<\/ul>\n<p>U dana\u0161nje vreme mnogi psi pate od gojaznosti i problema sa pankreasom.<\/p>\n<p>Kao rezultat toga, skra\u0107en im je \u017eivotni vek, kvalitet \u017eivota drasti\u010dno naru\u0161en usled problema sa kretanjem i potencilajnim sekundarnim problemima poput dijabetesa, kardio\u2014vaskularnim bolestima i bolestima zglobova.<\/p>\n<p>Sa PLATINUM VETACTIVE Light hranom Va\u0161 pas dobija izbalansiranu ishranu koja ne optere\u0107uje pankreas ali ima pun ukus.<\/p>\n<p>Visoko kvalitetni sastojci uz smanjen nivo energije i masti \u0107e pomo\u0107i Va\u0161em psu da smanji ili odr\u017ei svoju telesnu te\u017einu<\/p>\n<p><strong>Sastav:<br \/>\n<\/strong>Sve\u017ea piletina 70%, mleveni pirina\u010d, su\u0161eni pile\u0107i protein, vlakna povr\u0107a, su\u0161eni gra\u0161ak, su\u0161eno so\u010divo, su\u0161ena pulpa jabuke, kokosovo ulje, su\u0161eni pivski kvasac, hladno presovano ulje semena lana, hladno presovano ulje repice, lososovo ulje, ekstrakt zelenousne \u0161koljke, ekstrakt ruzmarina<\/p>\n<p><strong>Analytical composition:<br \/>\n<\/strong>Sirovi proteini 25%, masti 10,80%, sirova vlakna 8%, sirovi pepeo 5,90%, kalcijum 1,60%, fosfor 0,93%, vlaga ( prirodni sadr\u017eaj ) 18%<\/p>\n<p><strong>Dodaci po kg proizvoda:<br \/>\n<\/strong>Vitamini: 3a672a \/ Vitamin A 10,000 IU, 3a671 \/ Vitamian D3 1,600 IU, 3a700 \/ Vitamin E 150.00 mg; Elementi u tragovima: 3b108 \/ gvo\u017e\u0111e 75.00 mg, 3b413 \/ bakar 19.00 mg, 3b50 \/ mangan 40.00 mg, 3b607 \/ cink 150.00 mg, 3b203 \/ jod 3.00 mg, 3b801 \/ selenijum 0.20 mg<\/p>\n<p><strong>Kalorijska vrednost na 100g proizvoda: <\/strong>275kcal<\/p>\n<p>Serve food in dry form with available fresh water.<br \/>\nFor your pet&#039;s health, consult a veterinarian regularly.<\/p>\n<p>Manufacturer: Platinum GmbH &amp; Co<br \/>\nCountry of origin: Germany<\/p>\n<\/div>\n\n    <div class=\"xs_social_share_widget xs_share_url after_content \t\tmain_content  wslu-style-1 wslu-share-box-shaped wslu-fill-colored wslu-none wslu-share-horizontal wslu-theme-font-no wslu-main_content\">\n\n\t\t\n        <ul>\n\t\t\t        <\/ul>\n    <\/div>","protected":false},"excerpt":{"rendered":"<p>Kompletna so\u010dna suva hrana za sve pse koji imaju prekomernu telesnu te\u017einu ili potrebu da odr\u017eavaju telesnu te\u017einu na optimalnom nivou.<\/p>","protected":false},"featured_media":31982,"comment_status":"open","ping_status":"closed","template":"","meta":{"_acf_changed":false},"pwb-brand":[321,323],"product_cat":[48,47,705],"product_tag":[1251],"class_list":{"0":"post-20243","1":"product","2":"type-product","3":"status-publish","4":"has-post-thumbnail","6":"pwb-brand-platinum","7":"pwb-brand-platinum-hrana-za-pse","8":"product_cat-hrana-za-pse","9":"product_cat-psi","10":"product_cat-veterinarske-dijete-za-pse","11":"product_tag-veterinarske-dijete","13":"first","14":"instock","15":"taxable","16":"shipping-taxable","17":"purchasable","18":"product-type-variable","19":"has-default-attributes"},"acf":[],"brands":[{"id":321,"name":"Platinum","slug":"platinum"},{"id":323,"name":"Platinum Dog Food","slug":"platinum-hrana-za-pse"}],"_links":{"self":[{"href":"https:\/\/pawz.rs\/en\/wp-json\/wp\/v2\/product\/20243","targetHints":{"allow":["GET"]}}],"collection":[{"href":"https:\/\/pawz.rs\/en\/wp-json\/wp\/v2\/product"}],"about":[{"href":"https:\/\/pawz.rs\/en\/wp-json\/wp\/v2\/types\/product"}],"replies":[{"embeddable":true,"href":"https:\/\/pawz.rs\/en\/wp-json\/wp\/v2\/comments?post=20243"}],"wp:featuredmedia":[{"embeddable":true,"href":"https:\/\/pawz.rs\/en\/wp-json\/wp\/v2\/media\/31982"}],"wp:attachment":[{"href":"https:\/\/pawz.rs\/en\/wp-json\/wp\/v2\/media?parent=20243"}],"wp:term":[{"taxonomy":"pwb-brand","embeddable":true,"href":"https:\/\/pawz.rs\/en\/wp-json\/wp\/v2\/pwb-brand?post=20243"},{"taxonomy":"product_cat","embeddable":true,"href":"https:\/\/pawz.rs\/en\/wp-json\/wp\/v2\/product_cat?post=20243"},{"taxonomy":"product_tag","embeddable":true,"href":"https:\/\/pawz.rs\/en\/wp-json\/wp\/v2\/product_tag?post=20243"}],"curies":[{"name":"wp","href":"https:\/\/api.w.org\/{rel}","templated":true}]}}