{"id":20247,"date":"2024-02-22T12:18:18","date_gmt":"2024-02-22T11:18:18","guid":{"rendered":"https:\/\/pawz.rs\/?post_type=product&#038;p=20247"},"modified":"2025-03-07T17:04:44","modified_gmt":"2025-03-07T16:04:44","slug":"platinum-vetactive-senior","status":"publish","type":"product","link":"https:\/\/pawz.rs\/en\/platinum-vetactive-senior\/","title":{"rendered":"Platinum VetActive Senior"},"content":{"rendered":"<p><strong>Platinum VetActive Senior<\/strong><\/p>\n<div class=\"col-md-12 text-center\">\n<div class=\"col-md-12 text-center\">\n<p>Kompletna so\u010dna suva hrana namenjena ishrani pasa u starijim godinama \u017eivota.<\/p>\n<p><strong>Prednosti<\/strong><\/p>\n<ul>\n<li>70% sve\u017eeg mesa kuvanog na pari u sopstvenom soku<\/li>\n<li>Bez ve\u0161ta\u010dkih boja, poja\u010diva\u010da ukusa i aroma<\/li>\n<li>Bez GMO sastojaka<\/li>\n<li>Ne sadr\u017ei soju, p\u0161enicu i gluten<\/li>\n<li>Proizvodi nisu testirani na \u017eivotinjama<\/li>\n<li>Sastojci pogodni za ljudsku ishranu<\/li>\n<li>Nema nadimanja<\/li>\n<li>18% soka od mesa \u2013 so\u010dna suva hrana<\/li>\n<\/ul>\n<p>Kako \u017eivotinja postaje starija njeno telo sve te\u017ee odr\u017eava fiziolo\u0161ke procese u balansu.<\/p>\n<p>Ovo poga\u0111a \u010ditav metabolizam uklju\u010duju\u0107i i varenje, mi\u0161i\u0107nu masu i sagorevanje masti.<\/p>\n<p>Starijim \u017eivotinjama je neophodan izvor visoko kvalitetnih proteina koji ne optere\u0107uju organizam ve\u0107 se suprostavljaju procesu starenja. 70% sve\u017eeg mesa pru\u017ea Va\u0161em senioru dovoljno proteina najvi\u0161eg kvaliteta.<\/p>\n<p>Vredni proteinski lanci i amino kiseline se ne uni\u0161tavaju posebnim PLATINUM VETACTIVE sporim procesom kuvanja i imaju visoku biolo\u0161ku vrednost, \u0161to je posebno va\u017eno za starije pse<\/p>\n<p><strong>Sastav:<br \/>\n<\/strong>Sve\u017ea piletina 70%, mleveni pirina\u010d, su\u0161eni pile\u0107i protein, vlakna povr\u0107a, su\u0161eni gra\u0161ak, su\u0161eno so\u010divo, su\u0161ena pulpa jabuke, kokosovo ulje, su\u0161eni pivski kvasac, hladno presovano ulje semena lana, hladno presovano ulje repice, lososovo ulje, ekstrakt zelenousne \u0161koljke, ekstrakt ruzmarina<\/p>\n<p><strong>Analytical composition:<br \/>\n<\/strong>Sirovi proteini 25,8%, masti 12%, sirova vlakna 4,90%, sirovi pepeo 6%, kalcijum 1,50%, fosfor 0,93%, vlaga ( prirodni sadr\u017eaj ) 18%<\/p>\n<p><strong>Dodaci po kg proizvoda:<br \/>\n<\/strong>Vitamini: 3a672a \/ Vitamin A 10,000 IU, 3a671 \/ Vitamian D3 1,600 IU, 3a700 \/ Vitamin E 150.00 mg; Elementi u tragovima: 3b108 \/ gvo\u017e\u0111e 75.00 mg, 3b413 \/ bakar 19.00 mg, 3b50 \/ mangan 40.00 mg, 3b607 \/ cink 150.00 mg, 3b203 \/ jod 3.00 mg, 3b801 \/ selenijum 0.20 mg<\/p>\n<p><strong>Kalorijska vrednost na 100g proizvoda: <\/strong>292kcal<\/p>\n<\/div>\n<p>Serve food in dry form with available fresh water.<br \/>\nFor your pet&#039;s health, consult a veterinarian regularly.<\/p>\n<p>Manufacturer: Platinum GmbH &amp; Co<br \/>\nCountry of origin: Germany<\/p>\n<\/div>\n\n    <div class=\"xs_social_share_widget xs_share_url after_content \t\tmain_content  wslu-style-1 wslu-share-box-shaped wslu-fill-colored wslu-none wslu-share-horizontal wslu-theme-font-no wslu-main_content\">\n\n\t\t\n        <ul>\n\t\t\t        <\/ul>\n    <\/div>","protected":false},"excerpt":{"rendered":"<p>Kompletna so\u010dna suva hrana namenjena ishrani pasa u starijim godinama \u017eivota.<\/p>","protected":false},"featured_media":31981,"comment_status":"open","ping_status":"closed","template":"","meta":{"_acf_changed":false},"pwb-brand":[321,323],"product_cat":[48,47,705],"product_tag":[1251],"class_list":{"0":"post-20247","1":"product","2":"type-product","3":"status-publish","4":"has-post-thumbnail","6":"pwb-brand-platinum","7":"pwb-brand-platinum-hrana-za-pse","8":"product_cat-hrana-za-pse","9":"product_cat-psi","10":"product_cat-veterinarske-dijete-za-pse","11":"product_tag-veterinarske-dijete","13":"first","14":"instock","15":"taxable","16":"shipping-taxable","17":"purchasable","18":"product-type-variable","19":"has-default-attributes"},"acf":[],"brands":[{"id":321,"name":"Platinum","slug":"platinum"},{"id":323,"name":"Platinum Dog Food","slug":"platinum-hrana-za-pse"}],"_links":{"self":[{"href":"https:\/\/pawz.rs\/en\/wp-json\/wp\/v2\/product\/20247","targetHints":{"allow":["GET"]}}],"collection":[{"href":"https:\/\/pawz.rs\/en\/wp-json\/wp\/v2\/product"}],"about":[{"href":"https:\/\/pawz.rs\/en\/wp-json\/wp\/v2\/types\/product"}],"replies":[{"embeddable":true,"href":"https:\/\/pawz.rs\/en\/wp-json\/wp\/v2\/comments?post=20247"}],"wp:featuredmedia":[{"embeddable":true,"href":"https:\/\/pawz.rs\/en\/wp-json\/wp\/v2\/media\/31981"}],"wp:attachment":[{"href":"https:\/\/pawz.rs\/en\/wp-json\/wp\/v2\/media?parent=20247"}],"wp:term":[{"taxonomy":"pwb-brand","embeddable":true,"href":"https:\/\/pawz.rs\/en\/wp-json\/wp\/v2\/pwb-brand?post=20247"},{"taxonomy":"product_cat","embeddable":true,"href":"https:\/\/pawz.rs\/en\/wp-json\/wp\/v2\/product_cat?post=20247"},{"taxonomy":"product_tag","embeddable":true,"href":"https:\/\/pawz.rs\/en\/wp-json\/wp\/v2\/product_tag?post=20247"}],"curies":[{"name":"wp","href":"https:\/\/api.w.org\/{rel}","templated":true}]}}