{"id":20251,"date":"2024-02-22T12:18:19","date_gmt":"2024-02-22T11:18:19","guid":{"rendered":"https:\/\/pawz.rs\/?post_type=product&#038;p=20251"},"modified":"2025-08-22T10:06:44","modified_gmt":"2025-08-22T08:06:44","slug":"platinum-vetactive-hypoallergenic","status":"publish","type":"product","link":"https:\/\/pawz.rs\/en\/platinum-vetactive-hypoallergenic\/","title":{"rendered":"Platinum VetActive Hypoallergenic"},"content":{"rendered":"<p><strong>Platinum VetActive Hypoallergenic<\/strong><\/p>\n<div class=\"col-md-12 text-center\">\n<div class=\"col-md-12 text-center\">\n<p>Kompletna so\u010dna suva hrana za sve pse sklone alergijama i intoleranciji na hranu.<\/p>\n<p><strong>Prednosti<\/strong><\/p>\n<ul>\n<li>70% sve\u017eeg mesa kuvanog na pari u sopstvenom soku<\/li>\n<li>Bez ve\u0161ta\u010dkih boja, poja\u010diva\u010da ukusa i aroma<\/li>\n<li>Bez GMO sastojaka<\/li>\n<li>Ne sadr\u017ei soju, p\u0161enicu i gluten<\/li>\n<li>Proizvodi nisu testirani na \u017eivotinjama<\/li>\n<li>Sastojci pogodni za ljudsku ishranu<\/li>\n<li>Nema nadimanja<\/li>\n<li>18% soka od mesa \u2013 so\u010dna suva hrana<\/li>\n<\/ul>\n<p>U dana\u0161nje vreme mnogi psi pate alergija i intolerancija na hranu.<\/p>\n<p>Sa PLATINUM VETACTIVE Hypoallergenic Va\u0161 \u010detvorono\u017eni prijatelj dobija zdravu alternativu obi\u010dnim hranama za pse.<\/p>\n<p>Pa\u017eljivo izabrani sastojci na koje psi imaju visok stepen tolerancije, sa samo jednom vrstom mesa, \u010dine na\u0161u hranu pravim kulinarskim iskustvom za osetljive pse.<\/p>\n<p>Zahvaljuju\u0107i ekskluzivnom izvoru mesa, posti\u017eemo veliku toleranciju pasa kako ve\u0107ina njih nije nikada imala priliku da se susretne sa mesom mangulice.<\/p>\n<p>Sadr\u017eaj mesa od 70% \u010dini na\u0161u hranu ako svarljivom.<\/p>\n<p>Ukoliko je Va\u0161 pas sklon alergijama ili ima intolerancije na hranu, preporu\u010dujemo da pre davanja hrane prvo kosultujete veterinara kako se ne bi desilo da neki od sastojaka hrane izazove zdravstvene probleme.<\/p>\n<p><strong>Sastav:<br \/>\n<\/strong>Sve\u017ea svinjetina 70% ( isklju\u010divo meso mangulice ), svinjsko bra\u0161no ( isklju\u010divo od mangulice ), su\u0161eni gra\u0161ak, skrob krompira, su\u0161eno so\u010divo, svinjska mast ( isklju\u010divo od mangulice ), su\u0161ena pulpa jabuke, lososovo ulje, hladno ce\u0111eno ulje lana, ekstrakt ruzmarina<\/p>\n<p><strong>Analytical composition:<br \/>\n<\/strong>Sirovi proteini 24%, masti 13%, sirova vlakna 3,5%, sirovi pepeo 6,90%, kalcijum 1,80%, fosfor 0,93%, vlaga ( prirodni sadr\u017eaj ) 18%<\/p>\n<p><strong>Dodaci po kg proizvoda:<br \/>\n<\/strong>Vitamini: 33a672a\/Vitamin A 10,000 IU, 3a671\/ Vitamin D3 1,600 IU, 3a700 \/Vitamin E 150.00 mg; Elementi u tragovima: 3b108\/gvo\u017e\u0111e 75.00 mg, 3b413\/Bakar 19.00 mg, 3b50\/Mangan 40.00 mg, 3b607\/Cink 150.00 mg, 3b203\/Jod 3.00 mg, 3b801\/Selenijum 0.20 mg<\/p>\n<p><strong>Kalorijska vrednost na 100g proizvoda: <\/strong>300kcal<\/p>\n<\/div>\n<p>Serve food in dry form with available fresh water.<br \/>\nFor your pet&#039;s health, consult a veterinarian regularly.<\/p>\n<p>Manufacturer: Platinum GmbH &amp; Co<br \/>\nCountry of origin: Germany<\/p>\n<\/div>\n\n    <div class=\"xs_social_share_widget xs_share_url after_content \t\tmain_content  wslu-style-1 wslu-share-box-shaped wslu-fill-colored wslu-none wslu-share-horizontal wslu-theme-font-no wslu-main_content\">\n\n\t\t\n        <ul>\n\t\t\t        <\/ul>\n    <\/div>","protected":false},"excerpt":{"rendered":"<p>Kompletna so\u010dna suva hrana za sve pse sklone alergijama i intoleranciji na hranu.<\/p>","protected":false},"featured_media":31980,"comment_status":"open","ping_status":"closed","template":"","meta":{"_acf_changed":false},"pwb-brand":[321,323],"product_cat":[48,47,705],"product_tag":[1251],"class_list":{"0":"post-20251","1":"product","2":"type-product","3":"status-publish","4":"has-post-thumbnail","6":"pwb-brand-platinum","7":"pwb-brand-platinum-hrana-za-pse","8":"product_cat-hrana-za-pse","9":"product_cat-psi","10":"product_cat-veterinarske-dijete-za-pse","11":"product_tag-veterinarske-dijete","13":"first","14":"instock","15":"taxable","16":"shipping-taxable","17":"purchasable","18":"product-type-variable","19":"has-default-attributes"},"acf":[],"brands":[{"id":321,"name":"Platinum","slug":"platinum"},{"id":323,"name":"Platinum Dog Food","slug":"platinum-hrana-za-pse"}],"_links":{"self":[{"href":"https:\/\/pawz.rs\/en\/wp-json\/wp\/v2\/product\/20251","targetHints":{"allow":["GET"]}}],"collection":[{"href":"https:\/\/pawz.rs\/en\/wp-json\/wp\/v2\/product"}],"about":[{"href":"https:\/\/pawz.rs\/en\/wp-json\/wp\/v2\/types\/product"}],"replies":[{"embeddable":true,"href":"https:\/\/pawz.rs\/en\/wp-json\/wp\/v2\/comments?post=20251"}],"wp:featuredmedia":[{"embeddable":true,"href":"https:\/\/pawz.rs\/en\/wp-json\/wp\/v2\/media\/31980"}],"wp:attachment":[{"href":"https:\/\/pawz.rs\/en\/wp-json\/wp\/v2\/media?parent=20251"}],"wp:term":[{"taxonomy":"pwb-brand","embeddable":true,"href":"https:\/\/pawz.rs\/en\/wp-json\/wp\/v2\/pwb-brand?post=20251"},{"taxonomy":"product_cat","embeddable":true,"href":"https:\/\/pawz.rs\/en\/wp-json\/wp\/v2\/product_cat?post=20251"},{"taxonomy":"product_tag","embeddable":true,"href":"https:\/\/pawz.rs\/en\/wp-json\/wp\/v2\/product_tag?post=20251"}],"curies":[{"name":"wp","href":"https:\/\/api.w.org\/{rel}","templated":true}]}}