{"id":20267,"date":"2024-02-23T20:54:37","date_gmt":"2024-02-23T19:54:37","guid":{"rendered":"https:\/\/pawz.rs\/?post_type=product&#038;p=20267"},"modified":"2026-02-01T12:57:37","modified_gmt":"2026-02-01T11:57:37","slug":"oropharma-universal-eye-clean-20-kom","status":"publish","type":"product","link":"https:\/\/pawz.rs\/en\/oropharma-universal-eye-clean-20-kom\/","title":{"rendered":"OROPHARMA Universal Eye Clean 20 kom"},"content":{"rendered":"<p><strong>Oropharma Universal Eye Clean 20 kom<\/strong><\/p>\n<p>Univerzal eye clean su\u00a0vla\u017ene maraice za \u010di\u0161\u0107enje o\u010diju pasa i ma\u010daka.<\/p>\n<p>Vla\u017ene maramice natopljene specijalnim prirodnim losionom namenjene za svako dnevnu negu regije oko o\u010diju pasa i ma\u010daka.<\/p>\n<p>\u010cistite svakodnevno oko o\u010diju ljubimca da biste uklonili i prevenirali fleke i osu\u0161ene suze.<\/p>\n<p>Ovo je jako pouzdan proizvod koji garantuje odli\u010dne rezultate.<\/p>\n<div id=\"tab-description\" class=\"woocommerce-Tabs-panel woocommerce-Tabs-panel--description panel entry-content wc-tab\" role=\"tabpanel\" aria-labelledby=\"tab-title-description\">\n<p><strong>Sastav<\/strong>:<br \/>\nVoda, propilen glikol, glicerin, natrijum hlorid, sok od lista aloe barbadensisa, cetrimonijum hlorid, diazolidinil urea, metilparaben, propilparaben.<\/p>\n<p><strong>Uputstvo za upotrebu:<\/strong><br \/>\nUklonite mrlje od suza i izlu\u010devine iz uglova o\u010diju maramicom.<\/p>\n<p>Pogodno za svakodnevnu upotrebu.<\/p>\n<p>Bacite maramicu nakon upotrebe.<\/p>\n<p>Pakovanje vla\u017enih maramica sadr\u017ei 20 komada.<\/p>\n<p>Proizvo\u0111a\u010d: Versle-Laga, Belgium<br \/>\nCountry of origin: EU<\/p>\n<\/div>\n\n    <div class=\"xs_social_share_widget xs_share_url after_content \t\tmain_content  wslu-style-1 wslu-share-box-shaped wslu-fill-colored wslu-none wslu-share-horizontal wslu-theme-font-no wslu-main_content\">\n\n\t\t\n        <ul>\n\t\t\t        <\/ul>\n    <\/div>","protected":false},"excerpt":{"rendered":"<p>Univerzal eye clean su\u00a0vla\u017ene maraice za \u010di\u0161\u0107enje o\u010diju pasa i ma\u010daka.<\/p>","protected":false},"featured_media":20268,"comment_status":"open","ping_status":"closed","template":"","meta":{"_acf_changed":false},"pwb-brand":[318],"product_cat":[23,80,388,47,104,389],"product_tag":[],"class_list":{"0":"post-20267","1":"product","2":"type-product","3":"status-publish","4":"has-post-thumbnail","6":"pwb-brand-versele-laga","7":"product_cat-macke","8":"product_cat-higijena-nega-macaka","9":"product_cat-higijenski-proizvodi","10":"product_cat-psi","11":"product_cat-higijena-i-nega-pasa","12":"product_cat-higijenski-proizvodi-higijena-i-nega-pasa","14":"first","15":"outofstock","16":"taxable","17":"shipping-taxable","18":"purchasable","19":"product-type-simple"},"acf":[],"brands":[{"id":318,"name":"Versele-Laga","slug":"versele-laga"}],"_links":{"self":[{"href":"https:\/\/pawz.rs\/en\/wp-json\/wp\/v2\/product\/20267","targetHints":{"allow":["GET"]}}],"collection":[{"href":"https:\/\/pawz.rs\/en\/wp-json\/wp\/v2\/product"}],"about":[{"href":"https:\/\/pawz.rs\/en\/wp-json\/wp\/v2\/types\/product"}],"replies":[{"embeddable":true,"href":"https:\/\/pawz.rs\/en\/wp-json\/wp\/v2\/comments?post=20267"}],"wp:featuredmedia":[{"embeddable":true,"href":"https:\/\/pawz.rs\/en\/wp-json\/wp\/v2\/media\/20268"}],"wp:attachment":[{"href":"https:\/\/pawz.rs\/en\/wp-json\/wp\/v2\/media?parent=20267"}],"wp:term":[{"taxonomy":"pwb-brand","embeddable":true,"href":"https:\/\/pawz.rs\/en\/wp-json\/wp\/v2\/pwb-brand?post=20267"},{"taxonomy":"product_cat","embeddable":true,"href":"https:\/\/pawz.rs\/en\/wp-json\/wp\/v2\/product_cat?post=20267"},{"taxonomy":"product_tag","embeddable":true,"href":"https:\/\/pawz.rs\/en\/wp-json\/wp\/v2\/product_tag?post=20267"}],"curies":[{"name":"wp","href":"https:\/\/api.w.org\/{rel}","templated":true}]}}