{"id":20370,"date":"2024-02-24T15:07:52","date_gmt":"2024-02-24T14:07:52","guid":{"rendered":"https:\/\/pawz.rs\/?post_type=product&#038;p=20370"},"modified":"2025-03-07T17:01:44","modified_gmt":"2025-03-07T16:01:44","slug":"platinum-vetactive-snack-hypoallergenic-iberico","status":"publish","type":"product","link":"https:\/\/pawz.rs\/en\/platinum-vetactive-snack-hypoallergenic-iberico\/","title":{"rendered":"Platinum Vetactive Snack Hypoallergenic Iberico 200 g"},"content":{"rendered":"<p class=\"my-3 tamnozelena2\"><strong>Platinum Vetactive Snack Hypoallergenic Iberico 200 g<\/strong><\/p>\n<div class=\"col-md-12 text-center\">\n<div class=\"col-md-12 text-center\">\n<p>Poslastice sa iberiko mangulicom namenjene psima sklonim alergijama na odre\u0111ene sastojke iz hrane.<\/p>\n<\/div>\n<p><strong>Zdrave hipoalergijske poslastice namenjenje psima svih rasa.\u00a0<\/strong><\/p>\n<p>Kako bi psima sklonim alergijama na odre\u0111ene sastojke iz hrane ponudili zdrave i ukusne poslastice mi u PLATINUM VetActive-u smo napravili poslastice sa minimum 70% sve\u017eeg mesa ili ribe i samo najkvalitetnijim, pa\u017eljivo odabranim sastojcima.<\/p>\n<p>70% sve\u017eeg mesa iberiko mangulice sa krompirom, povr\u0107em bogatim vlaknima i lososovim uljem garantuju da su na\u0161e poslastice ne samo zdrave ve\u0107 i neodoljivo ukusne te ih psi vrlo rado jedu.<\/p>\n<p>Savetujemo Vam da se pre davanja ovih poslastica Va\u0161em psu prvo posavetujete sa veterinom.<\/p>\n<p>Tako\u0111e, posavetujte se sa veterinarom i u vezi du\u017eine davanja poslastica.<\/p>\n<p><strong>Prednosti PLATINUM VetActive poslastica:<\/strong><\/p>\n<ul>\n<li>Ne sadr\u017ee poja\u010diva\u010de ukusa, atraktante, ve\u0161ta\u010dke boje i mirise<\/li>\n<li>Nisu testirane na \u017eivotinjama<\/li>\n<li>70% sve\u017eeg mesa kuvanog jedinstvenom metodom sporog kuvanja<\/li>\n<li>Ne uzrokuju nadimanje u stomaku<\/li>\n<li>Ne sadr\u017ee GMO<\/li>\n<li>Ne sadr\u017ee p\u0161enicu soju i gluten<\/li>\n<li>Sastojci su pogodni i za ljudsku ishranu<\/li>\n<li>18% vlage &#8211; so\u010dne suve poslastice<\/li>\n<\/ul>\n<p><strong>Sastav:<\/strong><br \/>\nSve\u017ee meso iberiko mangulice 70%, krompir, \u0161argarepa, brokoli, praziluk, lososovo ulje<\/p>\n<p><strong>Analytical composition:<\/strong><br \/>\nSirovi proteini 23%, masti 12%, sirovi pepeo 8%, vlakna 1,5%, vlaga ( prirodni sadr\u017eaj ) 19%<\/p>\n<p>Store the product in a dry, dark and cool place.<\/p>\n<p>Manufacturer: Platinum GmbH &amp; Co<br \/>\nCountry of origin: Germany<\/p>\n<\/div>\n\n    <div class=\"xs_social_share_widget xs_share_url after_content \t\tmain_content  wslu-style-1 wslu-share-box-shaped wslu-fill-colored wslu-none wslu-share-horizontal wslu-theme-font-no wslu-main_content\">\n\n\t\t\n        <ul>\n\t\t\t        <\/ul>\n    <\/div>","protected":false},"excerpt":{"rendered":"<p>Poslastice sa iberiko mangulicom namenjene psima sklonim alergijama na odre\u0111ene sastojke iz hrane.<\/p>","protected":false},"featured_media":20371,"comment_status":"open","ping_status":"closed","template":"","meta":{"_acf_changed":false},"pwb-brand":[321,323],"product_cat":[48,103,47],"product_tag":[],"class_list":{"0":"post-20370","1":"product","2":"type-product","3":"status-publish","4":"has-post-thumbnail","6":"pwb-brand-platinum","7":"pwb-brand-platinum-hrana-za-pse","8":"product_cat-hrana-za-pse","9":"product_cat-poslastice-za-pse","10":"product_cat-psi","12":"first","13":"instock","14":"taxable","15":"shipping-taxable","16":"purchasable","17":"product-type-variable","18":"has-default-attributes"},"acf":[],"brands":[{"id":321,"name":"Platinum","slug":"platinum"},{"id":323,"name":"Platinum Dog Food","slug":"platinum-hrana-za-pse"}],"_links":{"self":[{"href":"https:\/\/pawz.rs\/en\/wp-json\/wp\/v2\/product\/20370","targetHints":{"allow":["GET"]}}],"collection":[{"href":"https:\/\/pawz.rs\/en\/wp-json\/wp\/v2\/product"}],"about":[{"href":"https:\/\/pawz.rs\/en\/wp-json\/wp\/v2\/types\/product"}],"replies":[{"embeddable":true,"href":"https:\/\/pawz.rs\/en\/wp-json\/wp\/v2\/comments?post=20370"}],"wp:featuredmedia":[{"embeddable":true,"href":"https:\/\/pawz.rs\/en\/wp-json\/wp\/v2\/media\/20371"}],"wp:attachment":[{"href":"https:\/\/pawz.rs\/en\/wp-json\/wp\/v2\/media?parent=20370"}],"wp:term":[{"taxonomy":"pwb-brand","embeddable":true,"href":"https:\/\/pawz.rs\/en\/wp-json\/wp\/v2\/pwb-brand?post=20370"},{"taxonomy":"product_cat","embeddable":true,"href":"https:\/\/pawz.rs\/en\/wp-json\/wp\/v2\/product_cat?post=20370"},{"taxonomy":"product_tag","embeddable":true,"href":"https:\/\/pawz.rs\/en\/wp-json\/wp\/v2\/product_tag?post=20370"}],"curies":[{"name":"wp","href":"https:\/\/api.w.org\/{rel}","templated":true}]}}