{"id":20372,"date":"2024-02-24T15:07:51","date_gmt":"2024-02-24T14:07:51","guid":{"rendered":"https:\/\/pawz.rs\/?post_type=product&#038;p=20372"},"modified":"2025-03-07T17:01:44","modified_gmt":"2025-03-07T16:01:44","slug":"platinum-vetactive-snack-light-turkey","status":"publish","type":"product","link":"https:\/\/pawz.rs\/en\/platinum-vetactive-snack-light-turkey\/","title":{"rendered":"Platinum Vetactive Snack Light Turkey 200 g"},"content":{"rendered":"<p class=\"my-3 tamnozelena2\"><strong>Platinum Vetactive Snack Light Turkey 200 g<\/strong><\/p>\n<div class=\"col-md-12 text-center\">\n<div class=\"col-md-12 text-center\">\n<div class=\"col-md-12 text-center\">\n<p>Poslastice sa \u0107uretinom namenjene psima sa smanjenim nivoima fizi\u010dkih aktivnosti i gojaznim psima<\/p>\n<\/div>\n<\/div>\n<p><strong>Zdrave poslastice namenjene psima sa smanjenim nivoima fizi\u010dkih aktivnosti i gojaznim psima\u00a0<\/strong><\/p>\n<p>70% sve\u017ee \u0107uretine sa krompirom, bobicama, cveklom i lososovim uljem garantuju da su na\u0161e poslastice ne samo zdrave ve\u0107 i neodoljivo ukusne te ih psi vrlo rado jedu.<\/p>\n<p>Savetujemo Vam da se pre davanja ovih poslastica Va\u0161em psu prvo posavetujete sa veterinom. Tako\u0111e, posavetujte se sa veterinarom i u vezi du\u017eine davanja poslastica.<\/p>\n<p><strong>Prednosti PLATINUM VetActive poslastica:<\/strong><\/p>\n<ul>\n<li>Ne sadr\u017ee poja\u010diva\u010de ukusa, atraktante, ve\u0161ta\u010dke boje i mirise<\/li>\n<li>Nisu testirane na \u017eivotinjama<\/li>\n<li>70% sve\u017eeg mesa kuvanog jedinstvenom metodom sporog kuvanja<\/li>\n<li>Ne uzrokuju nadimanje u stomaku<\/li>\n<li>Ne sadr\u017ee GMO<\/li>\n<li>Ne sadr\u017ee p\u0161enicu soju i gluten<\/li>\n<li>Sastojci su pogodni i za ljudsku ishranu<\/li>\n<li>18% vlage &#8211; so\u010dne suve poslastice<\/li>\n<\/ul>\n<p><strong>Sastav:<\/strong><br \/>\nSve\u017ea \u0107uretina 70%, krompir, brusnica, malina, cvekla, lososovo ulje<\/p>\n<p><strong>Analytical composition:<\/strong><br \/>\nSirovi proteini 27%, masti 10%, sirovi pepeo 8%, vlakna 3,5%, vlaga ( prirodni sadr\u017eaj ) 20%<\/p>\n<p>Store the product in a dry, dark and cool place.<\/p>\n<p>Manufacturer: Platinum GmbH &amp; Co<br \/>\nCountry of origin: Germany<\/p>\n<\/div>\n\n    <div class=\"xs_social_share_widget xs_share_url after_content \t\tmain_content  wslu-style-1 wslu-share-box-shaped wslu-fill-colored wslu-none wslu-share-horizontal wslu-theme-font-no wslu-main_content\">\n\n\t\t\n        <ul>\n\t\t\t        <\/ul>\n    <\/div>","protected":false},"excerpt":{"rendered":"<p>Poslastice sa \u0107uretinom namenjene psima sa smanjenim nivoima fizi\u010dkih aktivnosti i gojaznim psima<\/p>","protected":false},"featured_media":20373,"comment_status":"open","ping_status":"closed","template":"","meta":{"_acf_changed":false},"pwb-brand":[321,323],"product_cat":[48,103,47],"product_tag":[],"class_list":{"0":"post-20372","1":"product","2":"type-product","3":"status-publish","4":"has-post-thumbnail","6":"pwb-brand-platinum","7":"pwb-brand-platinum-hrana-za-pse","8":"product_cat-hrana-za-pse","9":"product_cat-poslastice-za-pse","10":"product_cat-psi","12":"first","13":"instock","14":"taxable","15":"shipping-taxable","16":"purchasable","17":"product-type-variable","18":"has-default-attributes"},"acf":[],"brands":[{"id":321,"name":"Platinum","slug":"platinum"},{"id":323,"name":"Platinum Dog Food","slug":"platinum-hrana-za-pse"}],"_links":{"self":[{"href":"https:\/\/pawz.rs\/en\/wp-json\/wp\/v2\/product\/20372","targetHints":{"allow":["GET"]}}],"collection":[{"href":"https:\/\/pawz.rs\/en\/wp-json\/wp\/v2\/product"}],"about":[{"href":"https:\/\/pawz.rs\/en\/wp-json\/wp\/v2\/types\/product"}],"replies":[{"embeddable":true,"href":"https:\/\/pawz.rs\/en\/wp-json\/wp\/v2\/comments?post=20372"}],"wp:featuredmedia":[{"embeddable":true,"href":"https:\/\/pawz.rs\/en\/wp-json\/wp\/v2\/media\/20373"}],"wp:attachment":[{"href":"https:\/\/pawz.rs\/en\/wp-json\/wp\/v2\/media?parent=20372"}],"wp:term":[{"taxonomy":"pwb-brand","embeddable":true,"href":"https:\/\/pawz.rs\/en\/wp-json\/wp\/v2\/pwb-brand?post=20372"},{"taxonomy":"product_cat","embeddable":true,"href":"https:\/\/pawz.rs\/en\/wp-json\/wp\/v2\/product_cat?post=20372"},{"taxonomy":"product_tag","embeddable":true,"href":"https:\/\/pawz.rs\/en\/wp-json\/wp\/v2\/product_tag?post=20372"}],"curies":[{"name":"wp","href":"https:\/\/api.w.org\/{rel}","templated":true}]}}