{"id":20441,"date":"2024-02-26T14:20:59","date_gmt":"2024-02-26T13:20:59","guid":{"rendered":"https:\/\/pawz.rs\/?post_type=product&#038;p=20441"},"modified":"2025-12-08T08:54:03","modified_gmt":"2025-12-08T07:54:03","slug":"platinum-meatcrisp-kitten-fish","status":"publish","type":"product","link":"https:\/\/pawz.rs\/en\/platinum-meatcrisp-kitten-fish\/","title":{"rendered":"Platinum MeatCrisp Kitten Fish"},"content":{"rendered":"<p class=\"my-3 tamnozelena2\"><strong>Platinum MeatCrisp Kitten Fish\u00a0<\/strong><\/p>\n<p>Kompletna hrana sa ribom namenjena ishrani ma\u010di\u0107a i juniora.<\/p>\n<p>Ovo je prva kompletna hrana napravljena Freshmeatdryer-om ( sertifikovana tehnika su\u0161enja sve\u017eeg mesa cirkulacijom vazduha na niskim temperaturama ).<\/p>\n<p>Sadr\u017ei prirodne nutriente i amino kiseline \u0161to je \u010dini najbli\u017eom prirodnoj hrani kojom se ma\u010dke hrane.<\/p>\n<p>Ukoliko hranite Va\u0161u ma\u010dku MeatCrisp-om bi\u0107e zadovoljnija, opu\u0161tenija a samim tim i sre\u0107nija.<\/p>\n<p>Hrskava tekstura i ukus pravog mesa u\u010dini\u0107e da Va\u0161a ma\u010dka ne\u0107e \u017eeleti da jede nijednu drugu hranu za ma\u010dke.<\/p>\n<p>MeatCrisp ne sadr\u017ei atraktante ( poja\u010diva\u010de ukusa ).<\/p>\n<p><strong>Prednosti MeatCrisp-a:<\/strong><\/p>\n<ul>\n<li>86% sve\u017ee ribe ( bez ribljeg bra\u0161na i prera\u0111evina od ribe )<\/li>\n<li>Prirodni sastojci<\/li>\n<li>Ne sadr\u017ei atraktante ( poja\u010diva\u010de ukusa )<\/li>\n<li>Bez \u017eitarica koje sadr\u017ee gluten<\/li>\n<li>Bogata nutrientima i laka za varenje<\/li>\n<li>Optimalan sadr\u017eaj taurina<\/li>\n<\/ul>\n<p><strong>Sastav:<br \/>\n<\/strong>86% sve\u017ee meso ribe, Flor De Maiz ( najfinije kukuruzno bra\u0161no ), hladno ce\u0111eno devi\u010dansko kokosovo ulje (sa 60% lauri\u010dne kiseline), hladno ce\u0111eno devi\u010dansko ulje kanole, su\u0161eni izolat proteina povr\u0107a, pirina\u010d, su\u0161eni kormpir, su\u0161eni pivski kvasac, su\u0161eni gra\u0161ak, su\u0161ena vlakna povr\u0107a<\/p>\n<p><strong>Analytical composition:<\/strong><br \/>\nSirovi proteini 40%, sirova mast 18%, sirovi pepeo 7,5%, sirova vlakna 3%, kalcijum 1,2%, fosfor 1%<\/p>\n<p><strong>Dodaci po kg proizvoda:<\/strong><br \/>\nVitamini: 3a672a\/vitamin A 35,000 IU, 3a671\/vitamin D3 1,500 IU, 3a700i\/vitamin E 200 mg. Eelemnti u tragovima: 3b101\/gvo\u017e\u0111e 40 mg, 3b203\/jod 1.5 mg, 3b405\/bakar 10 mg, 3b505\/mangan 10 mg, 3b502\/mangan 20 mg, 3b603\/cink 80 mg, 3b612\/cink 40 mg, 3b810\/selenijum 0.05 mg, 3b802\/selenijum 0.1 mg, 3a370\/taurin 1,500 mg.<\/p>\n<p><strong>Preporuke za hranjenje:<br \/>\n<\/strong>Sve\u017ea voda mora uvek biti dostupna ma\u010dkama.<\/p>\n<p>Pre\u0111ite na ishranu ovom hranom tako \u0161to \u0107ete ma\u010dki davati, za po\u010detak, najmanju koli\u010dinu hrane iz tabele i to nekoliko dana.<\/p>\n<p>Nakon nedelju dana ma\u010dka \u0107e se u potpunosti navi\u0107i na ovu hranu.<\/p>\n<p>Ukoliko ma\u010dka i dalje odbija ovu hranu, vratite se na hranu koju ho\u0107e da jede i po\u010dnite proces prelaska na na\u0161u hranu ali u du\u017eem vremenskom periodu.<\/p>\n<p>Ne dozvolite da ma\u010dka danima ne jede ni\u0161ta jer to mo\u017ee biti \u0161tetno po njeno zdravlje.<\/p>\n<p>Store the product in a dry, dark and cool place.<\/p>\n<p>Manufacturer: Platinum GmbH &amp; Co<br \/>\nCountry of origin: Germany<\/p>\n\n    <div class=\"xs_social_share_widget xs_share_url after_content \t\tmain_content  wslu-style-1 wslu-share-box-shaped wslu-fill-colored wslu-none wslu-share-horizontal wslu-theme-font-no wslu-main_content\">\n\n\t\t\n        <ul>\n\t\t\t        <\/ul>\n    <\/div>","protected":false},"excerpt":{"rendered":"<p>Kompletna hrana sa ribom namenjena ishrani ma\u010di\u0107a i juniora.<\/p>","protected":false},"featured_media":20449,"comment_status":"open","ping_status":"closed","template":"","meta":{"_acf_changed":false,"_aa_vp_cena":"","_aa_online_cena":""},"pwb-brand":[321,322],"product_cat":[149,21,23],"product_tag":[],"class_list":{"0":"post-20441","1":"product","2":"type-product","3":"status-publish","4":"has-post-thumbnail","6":"pwb-brand-platinum","7":"pwb-brand-platinum-za-macke","8":"product_cat-granule-za-macke","9":"product_cat-hrana-za-macke","10":"product_cat-macke","12":"first","13":"instock","14":"taxable","15":"shipping-taxable","16":"purchasable","17":"product-type-variable","18":"has-default-attributes"},"acf":[],"brands":[{"id":321,"name":"Platinum","slug":"platinum"},{"id":322,"name":"Platinum Cat Food","slug":"platinum-za-macke"}],"_links":{"self":[{"href":"https:\/\/pawz.rs\/en\/wp-json\/wp\/v2\/product\/20441","targetHints":{"allow":["GET"]}}],"collection":[{"href":"https:\/\/pawz.rs\/en\/wp-json\/wp\/v2\/product"}],"about":[{"href":"https:\/\/pawz.rs\/en\/wp-json\/wp\/v2\/types\/product"}],"replies":[{"embeddable":true,"href":"https:\/\/pawz.rs\/en\/wp-json\/wp\/v2\/comments?post=20441"}],"wp:featuredmedia":[{"embeddable":true,"href":"https:\/\/pawz.rs\/en\/wp-json\/wp\/v2\/media\/20449"}],"wp:attachment":[{"href":"https:\/\/pawz.rs\/en\/wp-json\/wp\/v2\/media?parent=20441"}],"wp:term":[{"taxonomy":"pwb-brand","embeddable":true,"href":"https:\/\/pawz.rs\/en\/wp-json\/wp\/v2\/pwb-brand?post=20441"},{"taxonomy":"product_cat","embeddable":true,"href":"https:\/\/pawz.rs\/en\/wp-json\/wp\/v2\/product_cat?post=20441"},{"taxonomy":"product_tag","embeddable":true,"href":"https:\/\/pawz.rs\/en\/wp-json\/wp\/v2\/product_tag?post=20441"}],"curies":[{"name":"wp","href":"https:\/\/api.w.org\/{rel}","templated":true}]}}