{"id":20674,"date":"2024-02-29T07:08:06","date_gmt":"2024-02-29T06:08:06","guid":{"rendered":"https:\/\/pawz.rs\/?post_type=product&#038;p=20674"},"modified":"2026-02-01T15:57:48","modified_gmt":"2026-02-01T14:57:48","slug":"np-mikrozengen-with-calcium","status":"publish","type":"product","link":"https:\/\/pawz.rs\/en\/np-mikrozengen-with-calcium\/","title":{"rendered":"NP MikroZeoGen With Calcium 250 g"},"content":{"rendered":"<p><strong>NP MikroZeoGen With Calcium 250 g<\/strong><\/p>\n<div class=\"col-md-12 text-center\">\n<p>Suplement koji sadr\u017ei Mikrozeogen i kalcijum a namenjen je ja\u010danju kostiju, pravilnom formiranju zuba i spre\u010davanju pojave dijareje.<\/p>\n<\/div>\n<div class=\"col-md-12 text-center\">\n<div class=\"col-md-12 text-center\">\n<p>\u010cisti organizam od nakupljenih toksina, nadokna\u0111uje esencijalne nutriente i poma\u017ee imuni sistem.<\/p>\n<p><strong>Benefiti:<\/strong><\/p>\n<ul>\n<li>Spre\u010davanje dijareje<\/li>\n<li>Podr\u0161ka kostima, zglobovima i zubima<\/li>\n<li>Pogodan i za pse i za ma\u010dke<\/li>\n<li>Nadoknada esencijalnih nutrienata<\/li>\n<li>Prirodan sastav<\/li>\n<\/ul>\n<p><strong>Klju\u010dni sastojci:<\/strong><\/p>\n<ul>\n<li>Mikrozeogen &#8211; klinoptiolit vulkanskog porekla koji poma\u017ee detoks organizma, apsorpciju nutrienata i imunom sistemu<\/li>\n<li>Kalcijum &#8211; poma\u017ee zdrav rast kostiju i zuba, odr\u017eava optimalnu funkciju nevrnog sistema<\/li>\n<li>Sirovi pepeo &#8211; Visok nivo sirovog pepela indikuje kvalitet i udeo minerala kao \u0161to su kalcijum i fosfor koji su neophodni za zdravlje kostiju<\/li>\n<\/ul>\n<p>Bez poja\u010diva\u010da ukusa, ve\u0161ta\u010dkih boja i konzervanasa<\/p>\n<p>Pogodan za kori\u0161\u0107enje kod pasa i ma\u010daka svih uzrasta uklju\u010duju\u0107i i skotne kuje i ma\u010dke i kuje i ma\u010dke koje doje<\/p>\n<\/div>\n<p>Proizvo\u0111a\u010d: Akvatera LT (Nature\u2019s Protection)<br \/>\nZemlja porekla: Litvanija (EU)<\/p>\n<\/div>\n\n    <div class=\"xs_social_share_widget xs_share_url after_content \t\tmain_content  wslu-style-1 wslu-share-box-shaped wslu-fill-colored wslu-none wslu-share-horizontal wslu-theme-font-no wslu-main_content\">\n\n\t\t\n        <ul>\n\t\t\t        <\/ul>\n    <\/div>","protected":false},"excerpt":{"rendered":"<p>Suplement koji sadr\u017ei Mikrozeogen i kalcijum a namenjen je ja\u010danju kostiju, pravilnom formiranju zuba i spre\u010davanju pojave dijareje.<\/p>","protected":false},"featured_media":20675,"comment_status":"open","ping_status":"closed","template":"","meta":{"_acf_changed":false},"pwb-brand":[312],"product_cat":[23,47,414,391],"product_tag":[],"class_list":{"0":"post-20674","1":"product","2":"type-product","3":"status-publish","4":"has-post-thumbnail","6":"pwb-brand-np-natures-protection","7":"product_cat-macke","8":"product_cat-psi","9":"product_cat-vitamini-suplementi-i-preparati-za-macke","10":"product_cat-vitamini-suplementi-i-preparati-za-pse","12":"first","13":"instock","14":"taxable","15":"shipping-taxable","16":"purchasable","17":"product-type-simple"},"acf":[],"brands":[{"id":312,"name":"NP - Natures Protection","slug":"np-natures-protection"}],"_links":{"self":[{"href":"https:\/\/pawz.rs\/en\/wp-json\/wp\/v2\/product\/20674","targetHints":{"allow":["GET"]}}],"collection":[{"href":"https:\/\/pawz.rs\/en\/wp-json\/wp\/v2\/product"}],"about":[{"href":"https:\/\/pawz.rs\/en\/wp-json\/wp\/v2\/types\/product"}],"replies":[{"embeddable":true,"href":"https:\/\/pawz.rs\/en\/wp-json\/wp\/v2\/comments?post=20674"}],"wp:featuredmedia":[{"embeddable":true,"href":"https:\/\/pawz.rs\/en\/wp-json\/wp\/v2\/media\/20675"}],"wp:attachment":[{"href":"https:\/\/pawz.rs\/en\/wp-json\/wp\/v2\/media?parent=20674"}],"wp:term":[{"taxonomy":"pwb-brand","embeddable":true,"href":"https:\/\/pawz.rs\/en\/wp-json\/wp\/v2\/pwb-brand?post=20674"},{"taxonomy":"product_cat","embeddable":true,"href":"https:\/\/pawz.rs\/en\/wp-json\/wp\/v2\/product_cat?post=20674"},{"taxonomy":"product_tag","embeddable":true,"href":"https:\/\/pawz.rs\/en\/wp-json\/wp\/v2\/product_tag?post=20674"}],"curies":[{"name":"wp","href":"https:\/\/api.w.org\/{rel}","templated":true}]}}