{"id":20784,"date":"2024-03-01T14:44:10","date_gmt":"2024-03-01T13:44:10","guid":{"rendered":"https:\/\/pawz.rs\/?post_type=product&#038;p=20784"},"modified":"2026-04-14T21:56:26","modified_gmt":"2026-04-14T19:56:26","slug":"josera-miniwell-10-kg","status":"publish","type":"product","link":"https:\/\/pawz.rs\/en\/josera-miniwell-10-kg\/","title":{"rendered":"Josera Mini Adult with Chicken &#038; Rice-Miniwell 10 kg"},"content":{"rendered":"<p><strong>Josera Mini Adult with Chicken &amp; Rice (Miniwell) 10 kg<\/strong><\/p>\n<p class=\"pdp-info__short-desc\">Specijalna hrana za odrasle pse za na\u0161e male ljubimce koji ne moraju da se kriju od velikih! Mali kroketi pru\u017eaju veliko zadovoljstvo, u kombinaciji sa najboljim sastojcima za odli\u010dnu ko\u017eu i sjajnu dlaku.<\/p>\n<ul class=\"pdp-info__bullets\">\n<li>Uz poseban ukus za malog sladokusca<\/li>\n<li>Smanjuje rizik od kamenca<\/li>\n<li>Uz va\u017ene masne kiseline i biotin za zdravu ko\u017eu i sjajnu dlaku<\/li>\n<\/ul>\n<p><strong>Sastav:<\/strong> Su\u0161eni protein peradi; kukuruz punog zrna; ri\u017ea; masno\u0107e peradi; pulpa \u0161e\u0107erne repe; hidrolizirani proteini peradi; minerali; hidrolizirani \u017eivotinjski proteini; kvasac; prah cikorije;<\/p>\n<p>Serve food in dry form with available fresh water.<br \/>\nFor your pet&#039;s health, consult a veterinarian regularly.<\/p>\n<p>Store the product in a dry, dark and cool place.<\/p>\n<p>Proizvo\u0111a\u010d: Josera petfood GmbH<br \/>\nCountry of origin: Germany<\/p>\n\n    <div class=\"xs_social_share_widget xs_share_url after_content \t\tmain_content  wslu-style-1 wslu-share-box-shaped wslu-fill-colored wslu-none wslu-share-horizontal wslu-theme-font-no wslu-main_content\">\n\n\t\t\n        <ul>\n\t\t\t        <\/ul>\n    <\/div>","protected":false},"excerpt":{"rendered":"<p>Josera Mini Adult with Chicken &amp; Rice Miniwell &#8211; Specijalna hrana za odrasle pse za na\u0161e male ljubimce koji ne moraju da se kriju od velikih! Bez glutena, granule su prilago\u0111ene ustima pasa malih rasa. Sa ukusom piletine<\/p>","protected":false},"featured_media":2814,"comment_status":"open","ping_status":"closed","template":"","meta":{"_acf_changed":false,"_aa_vp_cena":"3242","_aa_online_cena":"4150"},"pwb-brand":[298,300],"product_cat":[49,48,47],"product_tag":[209,1237],"class_list":{"0":"post-20784","1":"product","2":"type-product","3":"status-publish","4":"has-post-thumbnail","6":"pwb-brand-josera","7":"pwb-brand-josera-hrana-za-pse","8":"product_cat-granule-za-pse","9":"product_cat-hrana-za-pse","10":"product_cat-psi","11":"product_tag-bez-glutena","12":"product_tag-bump-psi","14":"first","15":"instock","16":"taxable","17":"shipping-taxable","18":"purchasable","19":"product-type-simple"},"acf":[],"brands":[{"id":298,"name":"Josera","slug":"josera"},{"id":300,"name":"josera Dog Food","slug":"josera-hrana-za-pse"}],"_links":{"self":[{"href":"https:\/\/pawz.rs\/en\/wp-json\/wp\/v2\/product\/20784","targetHints":{"allow":["GET"]}}],"collection":[{"href":"https:\/\/pawz.rs\/en\/wp-json\/wp\/v2\/product"}],"about":[{"href":"https:\/\/pawz.rs\/en\/wp-json\/wp\/v2\/types\/product"}],"replies":[{"embeddable":true,"href":"https:\/\/pawz.rs\/en\/wp-json\/wp\/v2\/comments?post=20784"}],"wp:featuredmedia":[{"embeddable":true,"href":"https:\/\/pawz.rs\/en\/wp-json\/wp\/v2\/media\/2814"}],"wp:attachment":[{"href":"https:\/\/pawz.rs\/en\/wp-json\/wp\/v2\/media?parent=20784"}],"wp:term":[{"taxonomy":"pwb-brand","embeddable":true,"href":"https:\/\/pawz.rs\/en\/wp-json\/wp\/v2\/pwb-brand?post=20784"},{"taxonomy":"product_cat","embeddable":true,"href":"https:\/\/pawz.rs\/en\/wp-json\/wp\/v2\/product_cat?post=20784"},{"taxonomy":"product_tag","embeddable":true,"href":"https:\/\/pawz.rs\/en\/wp-json\/wp\/v2\/product_tag?post=20784"}],"curies":[{"name":"wp","href":"https:\/\/api.w.org\/{rel}","templated":true}]}}