{"id":20791,"date":"2024-03-01T16:16:58","date_gmt":"2024-03-01T15:16:58","guid":{"rendered":"https:\/\/pawz.rs\/?post_type=product&#038;p=20791"},"modified":"2025-10-01T13:12:48","modified_gmt":"2025-10-01T11:12:48","slug":"schesir-dog-piletina-i-kokos","status":"publish","type":"product","link":"https:\/\/pawz.rs\/en\/schesir-dog-piletina-i-kokos\/","title":{"rendered":"Schesir Dog &#8211; Piletina i Kokos"},"content":{"rendered":"<p><strong>Schesir Dog &#8211; Piletina i Kokos<\/strong><\/p>\n<div class=\"col-md-12 text-center\">\n<div class=\"col-md-12 text-center\">\n<div class=\"col-md-12 text-center\">\n<p>Kompletna hrana za odrasle pse sa piletinom, sme\u0111im pirin\u010dem, kokosovim mlekom i povr\u0107em u brodetu<\/p>\n<\/div>\n<\/div>\n<p>Brodet inspirisan \u010duvenim jelom iz Tajlandske kuhinje<\/p>\n<\/div>\n<div class=\"col-md-12 text-center\">\n<div class=\"col-md-12 text-center\">\n<p>Kompletan, ukusan i izbalansiran obrok za Va\u0161eg psa sa dodatkom vitamina i minerala.<\/p>\n<p>Napravljen od prirodnih sastojaka.<\/p>\n<\/div>\n<p><strong>Sastav:<br \/>\n<\/strong>Piletina 42%, pile\u0107i bujon 33%, sme\u0111i pirina\u010d 10%, gra\u0161ak 4%, crvena paprika 3%, kokosovo mleko 3%, rafinisano suncokretovo ulje, minerali, kurkuma u prahu 0,1%, skrob tapioke, \u0111umbir u prahu 0,1%, ulje tune, su\u0161eni bosiljak 0,04%<\/p>\n<p><strong>Analytical composition:<br \/>\n<\/strong>Proteini 8%, sirove masti 3%, sirovi pepeo 2%, sirova vlakna 0,5%, vlaga 82%, kalcijum 0,35%, kalijum 0,22%<\/p>\n<p>For your pet&#039;s health, consult a veterinarian regularly.<\/p>\n<p>Store the product in a dry, dark and cool place.<\/p>\n<p>Proizvo\u0111a\u010d: AGRAS DELIC S.P.A<br \/>\nZemlja porekla: Italija<\/p>\n<\/div>\n\n    <div class=\"xs_social_share_widget xs_share_url after_content \t\tmain_content  wslu-style-1 wslu-share-box-shaped wslu-fill-colored wslu-none wslu-share-horizontal wslu-theme-font-no wslu-main_content\">\n\n\t\t\n        <ul>\n\t\t\t        <\/ul>\n    <\/div>","protected":false},"excerpt":{"rendered":"<p>Kompletna hrana za odrasle pse sa piletinom, sme\u0111im pirin\u010dem, kokosovim mlekom i povr\u0107em u brodetu<\/p>","protected":false},"featured_media":20766,"comment_status":"open","ping_status":"closed","template":"","meta":{"_acf_changed":false},"pwb-brand":[330,332],"product_cat":[47,48,50],"product_tag":[],"class_list":{"0":"post-20791","1":"product","2":"type-product","3":"status-publish","4":"has-post-thumbnail","6":"pwb-brand-schesir","7":"pwb-brand-schesir-hrana-za-pse","8":"product_cat-psi","9":"product_cat-hrana-za-pse","10":"product_cat-vlazna-hrana-za-pse","12":"first","13":"instock","14":"taxable","15":"shipping-taxable","16":"purchasable","17":"product-type-variable","18":"has-default-attributes"},"acf":[],"brands":[{"id":330,"name":"Schesir","slug":"schesir"},{"id":332,"name":"Schesir Dog Food","slug":"schesir-hrana-za-pse"}],"_links":{"self":[{"href":"https:\/\/pawz.rs\/en\/wp-json\/wp\/v2\/product\/20791","targetHints":{"allow":["GET"]}}],"collection":[{"href":"https:\/\/pawz.rs\/en\/wp-json\/wp\/v2\/product"}],"about":[{"href":"https:\/\/pawz.rs\/en\/wp-json\/wp\/v2\/types\/product"}],"replies":[{"embeddable":true,"href":"https:\/\/pawz.rs\/en\/wp-json\/wp\/v2\/comments?post=20791"}],"wp:featuredmedia":[{"embeddable":true,"href":"https:\/\/pawz.rs\/en\/wp-json\/wp\/v2\/media\/20766"}],"wp:attachment":[{"href":"https:\/\/pawz.rs\/en\/wp-json\/wp\/v2\/media?parent=20791"}],"wp:term":[{"taxonomy":"pwb-brand","embeddable":true,"href":"https:\/\/pawz.rs\/en\/wp-json\/wp\/v2\/pwb-brand?post=20791"},{"taxonomy":"product_cat","embeddable":true,"href":"https:\/\/pawz.rs\/en\/wp-json\/wp\/v2\/product_cat?post=20791"},{"taxonomy":"product_tag","embeddable":true,"href":"https:\/\/pawz.rs\/en\/wp-json\/wp\/v2\/product_tag?post=20791"}],"curies":[{"name":"wp","href":"https:\/\/api.w.org\/{rel}","templated":true}]}}