{"id":21055,"date":"2024-03-09T11:16:12","date_gmt":"2024-03-09T10:16:12","guid":{"rendered":"https:\/\/pawz.rs\/?post_type=product&#038;p=21055"},"modified":"2024-10-25T23:40:19","modified_gmt":"2024-10-25T21:40:19","slug":"schesir-baby-cat-piletina-i-pileca-jetra","status":"publish","type":"product","link":"https:\/\/pawz.rs\/en\/schesir-baby-cat-piletina-i-pileca-jetra\/","title":{"rendered":"Schesir Baby Cat &#8211; Piletina i Pile\u0107a Jetra"},"content":{"rendered":"<p><strong>Schesir Baby Cat &#8211; Piletina i Pile\u0107a Jetra<\/strong><\/p>\n<div class=\"col-md-12 text-center\">\n<p>Kompletna vla\u017ena hrana sa piletinom i pile\u0107om jetrom namenjena ma\u010di\u0107ima<\/p>\n<p>Recept posebno formulisan za ma\u010di\u0107e, pun pile\u0107ih proteina, sa dodatom hranljivom i ukusnom pile\u0107om jetrom u ukusnom brodetu.<\/p>\n<ul>\n<li>Sadr\u017ei fino se\u010dene pile\u0107e filete i pile\u0107u jetru.<\/li>\n<li>Dodati taurin potpoma\u017ee rast<\/li>\n<li>DHA poma\u017ee i koriguje razvoj mozga<\/li>\n<li>Bujon poma\u017ee kod hidratacije organizma<\/li>\n<li>Ne sadr\u017ei \u017eitarice<\/li>\n<\/ul>\n<p><strong>Sastav:<br \/>\n<\/strong>Piletina 63%, pile\u0107i bujon 18%, rafinisano suncokretovo ulje, pile\u0107a jetra 4%, skrob tapioke, minerali, inulin iz cikorije, lososovo ulje<\/p>\n<p><strong>Analytical composition:<\/strong><br \/>\nProteini 14%, sirova mast 7%, sirovi pepeo 2%, sirova vlakna 0,1%, vlaga 76%, kalcijum 0,36%, fosfor 0,29%, DHA 0,01%<\/p>\n<p>Proizvo\u0111a\u010d: AGRAS DELIC S.P.A<br \/>\nZemlja porekla: Italija<\/p>\n<\/div>\n\n    <div class=\"xs_social_share_widget xs_share_url after_content \t\tmain_content  wslu-style-1 wslu-share-box-shaped wslu-fill-colored wslu-none wslu-share-horizontal wslu-theme-font-no wslu-main_content\">\n\n\t\t\n        <ul>\n\t\t\t        <\/ul>\n    <\/div>","protected":false},"excerpt":{"rendered":"<p>Kompletna vla\u017ena hrana sa piletinom i pile\u0107om jetrom namenjena ma\u010di\u0107ima<\/p>","protected":false},"featured_media":21058,"comment_status":"open","ping_status":"closed","template":"","meta":{"_acf_changed":false},"pwb-brand":[330,331],"product_cat":[21,23,150],"product_tag":[208],"class_list":{"0":"post-21055","1":"product","2":"type-product","3":"status-publish","4":"has-post-thumbnail","6":"pwb-brand-schesir","7":"pwb-brand-schesir-hrana-za-macke","8":"product_cat-hrana-za-macke","9":"product_cat-macke","10":"product_cat-vlazna-hrana-za-macke","11":"product_tag-bez-zitarica","13":"first","14":"instock","15":"taxable","16":"shipping-taxable","17":"purchasable","18":"product-type-variable","19":"has-default-attributes"},"acf":[],"brands":[{"id":330,"name":"Schesir","slug":"schesir"},{"id":331,"name":"Schesir Cat Food","slug":"schesir-hrana-za-macke"}],"_links":{"self":[{"href":"https:\/\/pawz.rs\/en\/wp-json\/wp\/v2\/product\/21055","targetHints":{"allow":["GET"]}}],"collection":[{"href":"https:\/\/pawz.rs\/en\/wp-json\/wp\/v2\/product"}],"about":[{"href":"https:\/\/pawz.rs\/en\/wp-json\/wp\/v2\/types\/product"}],"replies":[{"embeddable":true,"href":"https:\/\/pawz.rs\/en\/wp-json\/wp\/v2\/comments?post=21055"}],"wp:featuredmedia":[{"embeddable":true,"href":"https:\/\/pawz.rs\/en\/wp-json\/wp\/v2\/media\/21058"}],"wp:attachment":[{"href":"https:\/\/pawz.rs\/en\/wp-json\/wp\/v2\/media?parent=21055"}],"wp:term":[{"taxonomy":"pwb-brand","embeddable":true,"href":"https:\/\/pawz.rs\/en\/wp-json\/wp\/v2\/pwb-brand?post=21055"},{"taxonomy":"product_cat","embeddable":true,"href":"https:\/\/pawz.rs\/en\/wp-json\/wp\/v2\/product_cat?post=21055"},{"taxonomy":"product_tag","embeddable":true,"href":"https:\/\/pawz.rs\/en\/wp-json\/wp\/v2\/product_tag?post=21055"}],"curies":[{"name":"wp","href":"https:\/\/api.w.org\/{rel}","templated":true}]}}