{"id":21071,"date":"2024-03-09T11:16:15","date_gmt":"2024-03-09T10:16:15","guid":{"rendered":"https:\/\/pawz.rs\/?post_type=product&#038;p=21071"},"modified":"2024-10-10T13:21:41","modified_gmt":"2024-10-10T11:21:41","slug":"schesir-baby-cat-piletina-i-losos-multipack-3x55g-165g","status":"publish","type":"product","link":"https:\/\/pawz.rs\/en\/schesir-baby-cat-piletina-i-losos-multipack-3x55g-165g\/","title":{"rendered":"Schesir Baby Cat &#8211; Piletina i Losos Mulitipack 3x55g &#8211; 165g"},"content":{"rendered":"<p><strong>Schesir Baby Cat &#8211; Piletina i Losos Mulitipack 3x55g &#8211; 160g<\/strong><\/p>\n<div class=\"col-md-12 text-center\">\n<div class=\"col-md-12 text-center\">\n<div class=\"col-md-12 text-center\">\n<p>Kompletna vla\u017ena hrana sa piletinom i lososom u finom musu i sa fino seckanom pile\u0107om jetrom namenjena ma\u010di\u0107ima<\/p>\n<\/div>\n<\/div>\n<p>Recept pun proteina i masti kako\u00a0 bi podr\u017eao pravilan rast i razvoj ma\u010di\u0107a.<\/p>\n<ul>\n<li>Sadr\u017ei fino se\u010dene pile\u0107e filete i losos<\/li>\n<li>Dodati taurin potpoma\u017ee rast<\/li>\n<li>DHA poma\u017ee i koriguje razvoj mozga<\/li>\n<li>Bujon poma\u017ee kod hidratacije organizma<\/li>\n<li>Ne sadr\u017ei \u017eitarice<\/li>\n<li>Olak\u0161ava prelazak ma\u010di\u0107a na \u010dvrstu hranu<\/li>\n<\/ul>\n<p><strong>Sastav:<br \/>\n<\/strong>Piletina 49%, losos 19%, pile\u0107i bujon 17%, rafinisano suncokretovo ulje, pile\u0107a jetra 7%, jaja u prahu, skrob tapioke, minerali, inulin iz cikorije, lososovo ulje<\/p>\n<p><strong>Analytical composition:<\/strong><br \/>\nProteini 14%, sirova mast 4%, sirovi pepeo 2%, sirova vlakna 0,1%, vlaga 78%, kalcijum 0,33%, fosfor 0,29%, DHA 0,09%<\/p>\n<p>Proizvo\u0111a\u010d: AGRAS DELIC S.P.A<br \/>\nZemlja porekla: Italija<\/p>\n<\/div>\n\n    <div class=\"xs_social_share_widget xs_share_url after_content \t\tmain_content  wslu-style-1 wslu-share-box-shaped wslu-fill-colored wslu-none wslu-share-horizontal wslu-theme-font-no wslu-main_content\">\n\n\t\t\n        <ul>\n\t\t\t        <\/ul>\n    <\/div>","protected":false},"excerpt":{"rendered":"<p>Kompletna vla\u017ena hrana sa piletinom i lososom u finom musu i sa fino seckanom pile\u0107om jetrom namenjena ma\u010di\u0107ima<\/p>","protected":false},"featured_media":21074,"comment_status":"open","ping_status":"closed","template":"","meta":{"_acf_changed":false},"pwb-brand":[330,331],"product_cat":[23,21,150],"product_tag":[208],"class_list":{"0":"post-21071","1":"product","2":"type-product","3":"status-publish","4":"has-post-thumbnail","6":"pwb-brand-schesir","7":"pwb-brand-schesir-hrana-za-macke","8":"product_cat-macke","9":"product_cat-hrana-za-macke","10":"product_cat-vlazna-hrana-za-macke","11":"product_tag-bez-zitarica","13":"first","14":"instock","15":"taxable","16":"shipping-taxable","17":"purchasable","18":"product-type-simple"},"acf":[],"brands":[{"id":330,"name":"Schesir","slug":"schesir"},{"id":331,"name":"Schesir Cat Food","slug":"schesir-hrana-za-macke"}],"_links":{"self":[{"href":"https:\/\/pawz.rs\/en\/wp-json\/wp\/v2\/product\/21071","targetHints":{"allow":["GET"]}}],"collection":[{"href":"https:\/\/pawz.rs\/en\/wp-json\/wp\/v2\/product"}],"about":[{"href":"https:\/\/pawz.rs\/en\/wp-json\/wp\/v2\/types\/product"}],"replies":[{"embeddable":true,"href":"https:\/\/pawz.rs\/en\/wp-json\/wp\/v2\/comments?post=21071"}],"wp:featuredmedia":[{"embeddable":true,"href":"https:\/\/pawz.rs\/en\/wp-json\/wp\/v2\/media\/21074"}],"wp:attachment":[{"href":"https:\/\/pawz.rs\/en\/wp-json\/wp\/v2\/media?parent=21071"}],"wp:term":[{"taxonomy":"pwb-brand","embeddable":true,"href":"https:\/\/pawz.rs\/en\/wp-json\/wp\/v2\/pwb-brand?post=21071"},{"taxonomy":"product_cat","embeddable":true,"href":"https:\/\/pawz.rs\/en\/wp-json\/wp\/v2\/product_cat?post=21071"},{"taxonomy":"product_tag","embeddable":true,"href":"https:\/\/pawz.rs\/en\/wp-json\/wp\/v2\/product_tag?post=21071"}],"curies":[{"name":"wp","href":"https:\/\/api.w.org\/{rel}","templated":true}]}}