{"id":21092,"date":"2024-03-09T11:16:19","date_gmt":"2024-03-09T10:16:19","guid":{"rendered":"https:\/\/pawz.rs\/?post_type=product&#038;p=21092"},"modified":"2024-10-25T23:33:39","modified_gmt":"2024-10-25T21:33:39","slug":"schesir-special-skincoat-mousse-losos-piletina-kokosovo-ulje","status":"publish","type":"product","link":"https:\/\/pawz.rs\/en\/schesir-special-skincoat-mousse-losos-piletina-kokosovo-ulje\/","title":{"rendered":"Schesir Special Skin&amp;Coat Mousse &#8211; Losos, Piletina, Kokosovo I Losovo Ulje"},"content":{"rendered":"<p><strong>Schesir Special Skin&amp;Coat Mousse &#8211; Losos, Piletina, Kokosovo I Losovo Ulje<\/strong><\/p>\n<div class=\"col-md-12 text-center\">\n<div class=\"col-md-12 text-center\">\n<div class=\"col-md-12 text-center\">\n<div class=\"col-md-12 text-center\">\n<p>Kompletna vla\u017ena hrana u obliku musa koja pru\u017ea potporu ko\u017ei i dlaci<\/p>\n<\/div>\n<p>Kremasti mus posebno formulisan za ma\u010dke \u010dijoj je ko\u017ei i dlaci neophodna potpora na bazi zdravih komada lososa i piletine uz dodatak hranljivih ulja kokosa i lososa<\/p>\n<\/div>\n<\/div>\n<ul>\n<li>Uravnote\u017eena hrana sa proteinima, vitaminima i mineralima<\/li>\n<li>Pru\u017ea potporu ko\u017ei i dlaci<\/li>\n<li>Bogat te\u010dno\u0161\u0107u kako bi se pru\u017eila adekvatna hidratacija organizma ma\u010dke<\/li>\n<li>Ne sadr\u017ei \u017eitarice<\/li>\n<\/ul>\n<p><strong>Sastav:<\/strong><br \/>\nLosos 31%, piletina 23%, bujon lososa 36%, bundeva, rafinisano kokosovo ulje 1%, skrob tapioke, minerali, jaja u prahu, ulje tune<\/p>\n<p><strong>Analytical composition:<\/strong><br \/>\nProteini 9%, sirove masti 5%, sirovi pepeo 2%, sirova vlakna 0,1%, vlaga 82%, kalcijum 0,25%, fosfor 0,23%<\/p>\n<p>Proizvo\u0111a\u010d: AGRAS DELIC S.P.A<br \/>\nZemlja porekla: Italija<\/p>\n<\/div>\n\n    <div class=\"xs_social_share_widget xs_share_url after_content \t\tmain_content  wslu-style-1 wslu-share-box-shaped wslu-fill-colored wslu-none wslu-share-horizontal wslu-theme-font-no wslu-main_content\">\n\n\t\t\n        <ul>\n\t\t\t        <\/ul>\n    <\/div>","protected":false},"excerpt":{"rendered":"<p>Kompletna vla\u017ena hrana u obliku musa koja pru\u017ea potporu ko\u017ei i dlaci<\/p>","protected":false},"featured_media":21086,"comment_status":"open","ping_status":"closed","template":"","meta":{"_acf_changed":false},"pwb-brand":[330,331],"product_cat":[21,23,150],"product_tag":[208],"class_list":{"0":"post-21092","1":"product","2":"type-product","3":"status-publish","4":"has-post-thumbnail","6":"pwb-brand-schesir","7":"pwb-brand-schesir-hrana-za-macke","8":"product_cat-hrana-za-macke","9":"product_cat-macke","10":"product_cat-vlazna-hrana-za-macke","11":"product_tag-bez-zitarica","13":"first","14":"instock","15":"taxable","16":"shipping-taxable","17":"purchasable","18":"product-type-variable","19":"has-default-attributes"},"acf":[],"brands":[{"id":330,"name":"Schesir","slug":"schesir"},{"id":331,"name":"Schesir Cat Food","slug":"schesir-hrana-za-macke"}],"_links":{"self":[{"href":"https:\/\/pawz.rs\/en\/wp-json\/wp\/v2\/product\/21092","targetHints":{"allow":["GET"]}}],"collection":[{"href":"https:\/\/pawz.rs\/en\/wp-json\/wp\/v2\/product"}],"about":[{"href":"https:\/\/pawz.rs\/en\/wp-json\/wp\/v2\/types\/product"}],"replies":[{"embeddable":true,"href":"https:\/\/pawz.rs\/en\/wp-json\/wp\/v2\/comments?post=21092"}],"wp:featuredmedia":[{"embeddable":true,"href":"https:\/\/pawz.rs\/en\/wp-json\/wp\/v2\/media\/21086"}],"wp:attachment":[{"href":"https:\/\/pawz.rs\/en\/wp-json\/wp\/v2\/media?parent=21092"}],"wp:term":[{"taxonomy":"pwb-brand","embeddable":true,"href":"https:\/\/pawz.rs\/en\/wp-json\/wp\/v2\/pwb-brand?post=21092"},{"taxonomy":"product_cat","embeddable":true,"href":"https:\/\/pawz.rs\/en\/wp-json\/wp\/v2\/product_cat?post=21092"},{"taxonomy":"product_tag","embeddable":true,"href":"https:\/\/pawz.rs\/en\/wp-json\/wp\/v2\/product_tag?post=21092"}],"curies":[{"name":"wp","href":"https:\/\/api.w.org\/{rel}","templated":true}]}}