{"id":21144,"date":"2024-03-09T10:33:37","date_gmt":"2024-03-09T09:33:37","guid":{"rendered":"https:\/\/pawz.rs\/?post_type=product&#038;p=21144"},"modified":"2024-08-13T14:11:37","modified_gmt":"2024-08-13T12:11:37","slug":"schesir-kremaste-poslastice-pacetina-6x15g","status":"publish","type":"product","link":"https:\/\/pawz.rs\/en\/schesir-kremaste-poslastice-pacetina-6x15g\/","title":{"rendered":"Schesir Kremaste Poslastice &#8211; Pa\u010detina &#8211; 6x15g"},"content":{"rendered":"<p><strong>Schesir Kremaste Poslastice &#8211; Pa\u010detina<\/strong><strong>\u00a0&#8211; 6x15g<\/strong><\/p>\n<div class=\"col-md-12 text-center\">\n<div>\n<div class=\"col-md-12 text-center\">\n<p>Poslastice sa pa\u010detinom u kremastom musu<\/p>\n<p>Dopunska hrana koja pored obilja ukusa pru\u017ea i hidrataciju<\/p>\n<p>Wheat free<\/p>\n<p>U prakti\u010dnom pakovanju 6x15g<\/p>\n<p>Mo\u017ee se slu\u017eiti samostalno ili u kombinaciji sa drugom hranom<\/p>\n<\/div>\n<\/div>\n<p><strong>Sastav:<\/strong><br \/>\nPa\u010diji bujon 60%, pa\u010detina 19%, piletina 16%, skrob tapioke, jaja u prahu, hidrolizovani pile\u0107i i proteini tune, ekstrakt ribe, minerali<\/p>\n<p><strong>Analytical composition:<\/strong><br \/>\nProteini 7,5%, sirove masti 0,5%, sirovi pepeo 0,5%, sirova vlakna 0,1%, vlaga 89%<\/p>\n<p>Proizvo\u0111a\u010d: AGRAS DELIC S.P.A<br \/>\nZemlja porekla: Italija<\/p>\n<\/div>\n\n    <div class=\"xs_social_share_widget xs_share_url after_content \t\tmain_content  wslu-style-1 wslu-share-box-shaped wslu-fill-colored wslu-none wslu-share-horizontal wslu-theme-font-no wslu-main_content\">\n\n\t\t\n        <ul>\n\t\t\t        <\/ul>\n    <\/div>","protected":false},"excerpt":{"rendered":"<p>Poslastice sa pa\u010detinom u kremastom musu<\/p>","protected":false},"featured_media":21138,"comment_status":"open","ping_status":"closed","template":"","meta":{"_acf_changed":false},"pwb-brand":[330,331],"product_cat":[23,21,184],"product_tag":[208],"class_list":{"0":"post-21144","1":"product","2":"type-product","3":"status-publish","4":"has-post-thumbnail","6":"pwb-brand-schesir","7":"pwb-brand-schesir-hrana-za-macke","8":"product_cat-macke","9":"product_cat-hrana-za-macke","10":"product_cat-poslastice-za-macke","11":"product_tag-bez-zitarica","13":"first","14":"instock","15":"taxable","16":"shipping-taxable","17":"purchasable","18":"product-type-variable","19":"has-default-attributes"},"acf":[],"brands":[{"id":330,"name":"Schesir","slug":"schesir"},{"id":331,"name":"Schesir Cat Food","slug":"schesir-hrana-za-macke"}],"_links":{"self":[{"href":"https:\/\/pawz.rs\/en\/wp-json\/wp\/v2\/product\/21144","targetHints":{"allow":["GET"]}}],"collection":[{"href":"https:\/\/pawz.rs\/en\/wp-json\/wp\/v2\/product"}],"about":[{"href":"https:\/\/pawz.rs\/en\/wp-json\/wp\/v2\/types\/product"}],"replies":[{"embeddable":true,"href":"https:\/\/pawz.rs\/en\/wp-json\/wp\/v2\/comments?post=21144"}],"wp:featuredmedia":[{"embeddable":true,"href":"https:\/\/pawz.rs\/en\/wp-json\/wp\/v2\/media\/21138"}],"wp:attachment":[{"href":"https:\/\/pawz.rs\/en\/wp-json\/wp\/v2\/media?parent=21144"}],"wp:term":[{"taxonomy":"pwb-brand","embeddable":true,"href":"https:\/\/pawz.rs\/en\/wp-json\/wp\/v2\/pwb-brand?post=21144"},{"taxonomy":"product_cat","embeddable":true,"href":"https:\/\/pawz.rs\/en\/wp-json\/wp\/v2\/product_cat?post=21144"},{"taxonomy":"product_tag","embeddable":true,"href":"https:\/\/pawz.rs\/en\/wp-json\/wp\/v2\/product_tag?post=21144"}],"curies":[{"name":"wp","href":"https:\/\/api.w.org\/{rel}","templated":true}]}}