{"id":21211,"date":"2024-03-09T10:33:25","date_gmt":"2024-03-09T09:33:25","guid":{"rendered":"https:\/\/pawz.rs\/?post_type=product&#038;p=21211"},"modified":"2024-10-25T23:22:23","modified_gmt":"2024-10-25T21:22:23","slug":"schesir-after-dark-piletina-i-prepelicija-jaja-u-pasteti","status":"publish","type":"product","link":"https:\/\/pawz.rs\/en\/schesir-after-dark-piletina-i-prepelicija-jaja-u-pasteti\/","title":{"rendered":"Schesir After Dark &#8211; Piletina I Prepeli\u010dija Jaja U Pa\u0161teti"},"content":{"rendered":"<p><strong>Schesir After Dark &#8211; Piletina I Prepeli\u010dija Jaja U Pa\u0161teti<\/strong><\/p>\n<div class=\"col-md-12 text-center\">\n<div class=\"col-md-12 text-center\">\n<div class=\"col-md-12 text-center\">\n<div class=\"col-md-12 text-center\">\n<div class=\"col-md-12 text-center\">\n<p>Kompletna hrana sa piletinom i prepeli\u010dijim jajima u pa\u0161teti namenjena odraslim ma\u010dkama<\/p>\n<\/div>\n<\/div>\n<\/div>\n<\/div>\n<p>Pa\u0161teta puna proteina napravljena od fino mlevenih komada zdrave piletine sa dodatkom hranljivih pile\u0107ih srca, jetre i bubaca.<\/p>\n<p>Uravnote\u017eena hrana sa proteinima, vitaminima i mineralima<\/p>\n<p>Bogata te\u010dno\u0161\u0107u kako bi se pru\u017eila adekvatna hidratacija organizma ma\u010dke<\/p>\n<p>Ne sadr\u017ei \u017eitarice<\/p>\n<p><strong>Sastav:<\/strong><br \/>\nPiletina 52% (bubci 5%, jetra 5%, srca5%), pile\u0107i bujon 35%, prepeli\u010dija jaja 6%, rafinisano suncokretovo ulje, skrob tapioke, minerali<\/p>\n<p><strong>Analytical composition:<br \/>\n<\/strong>Proteini 11%, sirove masti 3%, sirovi pepeo 2%, sirova vlakna 0,5%, vlaga 82%, kalcijum 0,22%, fosfor 0,19%<\/p>\n<p>Proizvo\u0111a\u010d: AGRAS DELIC S.P.A<br \/>\nZemlja porekla: Italija<\/p>\n<\/div>\n\n    <div class=\"xs_social_share_widget xs_share_url after_content \t\tmain_content  wslu-style-1 wslu-share-box-shaped wslu-fill-colored wslu-none wslu-share-horizontal wslu-theme-font-no wslu-main_content\">\n\n\t\t\n        <ul>\n\t\t\t        <\/ul>\n    <\/div>","protected":false},"excerpt":{"rendered":"<p>Kompletna hrana sa piletinom i prepeli\u010dijim jajima u pa\u0161teti namenjena odraslim ma\u010dkama<\/p>","protected":false},"featured_media":21168,"comment_status":"open","ping_status":"closed","template":"","meta":{"_acf_changed":false,"_aa_vp_cena":"","_aa_online_cena":""},"pwb-brand":[330,331],"product_cat":[21,23,150],"product_tag":[208],"class_list":{"0":"post-21211","1":"product","2":"type-product","3":"status-publish","4":"has-post-thumbnail","6":"pwb-brand-schesir","7":"pwb-brand-schesir-hrana-za-macke","8":"product_cat-hrana-za-macke","9":"product_cat-macke","10":"product_cat-vlazna-hrana-za-macke","11":"product_tag-bez-zitarica","13":"first","14":"instock","15":"taxable","16":"shipping-taxable","17":"purchasable","18":"product-type-variable","19":"has-default-attributes"},"acf":[],"brands":[{"id":330,"name":"Schesir","slug":"schesir"},{"id":331,"name":"Schesir Cat Food","slug":"schesir-hrana-za-macke"}],"_links":{"self":[{"href":"https:\/\/pawz.rs\/en\/wp-json\/wp\/v2\/product\/21211","targetHints":{"allow":["GET"]}}],"collection":[{"href":"https:\/\/pawz.rs\/en\/wp-json\/wp\/v2\/product"}],"about":[{"href":"https:\/\/pawz.rs\/en\/wp-json\/wp\/v2\/types\/product"}],"replies":[{"embeddable":true,"href":"https:\/\/pawz.rs\/en\/wp-json\/wp\/v2\/comments?post=21211"}],"wp:featuredmedia":[{"embeddable":true,"href":"https:\/\/pawz.rs\/en\/wp-json\/wp\/v2\/media\/21168"}],"wp:attachment":[{"href":"https:\/\/pawz.rs\/en\/wp-json\/wp\/v2\/media?parent=21211"}],"wp:term":[{"taxonomy":"pwb-brand","embeddable":true,"href":"https:\/\/pawz.rs\/en\/wp-json\/wp\/v2\/pwb-brand?post=21211"},{"taxonomy":"product_cat","embeddable":true,"href":"https:\/\/pawz.rs\/en\/wp-json\/wp\/v2\/product_cat?post=21211"},{"taxonomy":"product_tag","embeddable":true,"href":"https:\/\/pawz.rs\/en\/wp-json\/wp\/v2\/product_tag?post=21211"}],"curies":[{"name":"wp","href":"https:\/\/api.w.org\/{rel}","templated":true}]}}