{"id":21580,"date":"2024-03-23T20:52:19","date_gmt":"2024-03-23T19:52:19","guid":{"rendered":"https:\/\/pawz.rs\/?post_type=product&#038;p=21580"},"modified":"2026-02-25T18:53:10","modified_gmt":"2026-02-25T17:53:10","slug":"trixie-am-xs-s-30-45-cm-crni","status":"publish","type":"product","link":"https:\/\/pawz.rs\/en\/trixie-am-xs-s-30-45-cm-crni\/","title":{"rendered":"Trixie AM XS-S 30-45 cm Crni"},"content":{"rendered":"<p><strong>Trixie AM XS-S 30-45 cm Crni<\/strong><\/p>\n<ul>\n<li>Napravljen od prozra\u010dnog mre\u017eastog materijala i trake<\/li>\n<li>Udoban za no\u0161enje zbog meke podloge<\/li>\n<li>Potpuno podesivi kai\u0161 za stomak<\/li>\n<\/ul>\n<p>Proizvo\u0111a\u010d: Trixie Heimtrierbedarf<br \/>\nCountry of origin: Germany<\/p>\n\n    <div class=\"xs_social_share_widget xs_share_url after_content \t\tmain_content  wslu-style-1 wslu-share-box-shaped wslu-fill-colored wslu-none wslu-share-horizontal wslu-theme-font-no wslu-main_content\">\n\n\t\t\n        <ul>\n\t\t\t        <\/ul>\n    <\/div>","protected":false},"excerpt":{"rendered":"<p>Trixie AM XS-S 30-45 cm Crni Napravljen od prozra\u010dnog mre\u017eastog materijala i trake Udoban za no\u0161enje zbog meke podloge Potpuno podesivi kai\u0161 za stomak Proizvo\u0111a\u010d: Trixie Heimtrierbedarf Zemlja porekla: Nema\u010dka<\/p>","protected":false},"featured_media":21582,"comment_status":"open","ping_status":"closed","template":"","meta":{"_acf_changed":false,"_aa_vp_cena":"","_aa_online_cena":""},"pwb-brand":[465],"product_cat":[47,202,203],"product_tag":[],"class_list":{"0":"post-21580","1":"product","2":"type-product","3":"status-publish","4":"has-post-thumbnail","6":"pwb-brand-trixie","7":"product_cat-psi","8":"product_cat-oprema-za-pse","9":"product_cat-oprema-za-setnju","11":"first","12":"instock","13":"taxable","14":"shipping-taxable","15":"purchasable","16":"product-type-simple"},"acf":[],"brands":[{"id":465,"name":"Trixie","slug":"trixie"}],"_links":{"self":[{"href":"https:\/\/pawz.rs\/en\/wp-json\/wp\/v2\/product\/21580","targetHints":{"allow":["GET"]}}],"collection":[{"href":"https:\/\/pawz.rs\/en\/wp-json\/wp\/v2\/product"}],"about":[{"href":"https:\/\/pawz.rs\/en\/wp-json\/wp\/v2\/types\/product"}],"replies":[{"embeddable":true,"href":"https:\/\/pawz.rs\/en\/wp-json\/wp\/v2\/comments?post=21580"}],"wp:featuredmedia":[{"embeddable":true,"href":"https:\/\/pawz.rs\/en\/wp-json\/wp\/v2\/media\/21582"}],"wp:attachment":[{"href":"https:\/\/pawz.rs\/en\/wp-json\/wp\/v2\/media?parent=21580"}],"wp:term":[{"taxonomy":"pwb-brand","embeddable":true,"href":"https:\/\/pawz.rs\/en\/wp-json\/wp\/v2\/pwb-brand?post=21580"},{"taxonomy":"product_cat","embeddable":true,"href":"https:\/\/pawz.rs\/en\/wp-json\/wp\/v2\/product_cat?post=21580"},{"taxonomy":"product_tag","embeddable":true,"href":"https:\/\/pawz.rs\/en\/wp-json\/wp\/v2\/product_tag?post=21580"}],"curies":[{"name":"wp","href":"https:\/\/api.w.org\/{rel}","templated":true}]}}