{"id":21601,"date":"2024-03-23T20:50:51","date_gmt":"2024-03-23T19:50:51","guid":{"rendered":"https:\/\/pawz.rs\/?post_type=product&#038;p=21601"},"modified":"2025-09-18T13:04:47","modified_gmt":"2025-09-18T11:04:47","slug":"trixie-trasportna-torba-madison-crna","status":"publish","type":"product","link":"https:\/\/pawz.rs\/en\/trixie-trasportna-torba-madison-crna\/","title":{"rendered":"Trixie Trasportna Torba Madison 19x28x42cm Crna"},"content":{"rendered":"<p><strong>Trixie Trasportna Torba Madison Crna<\/strong><\/p>\n<ul>\n<li>Mo\u017ee se pri\u010dvrstiti na kolica<\/li>\n<li>Kop\u010de spre\u010davaju nenamerno otvaranje patent-zatvara\u010da<\/li>\n<li>Ekstra fino mre\u017easta mre\u017ea kao za\u0161tita od insekata<\/li>\n<li>Otvara se sa prednje strane<\/li>\n<li>Remen koji se mo\u017ee ukloniti<\/li>\n<li>Sa integrisanim kratkim kablom<\/li>\n<li>Podstavljena donja plo\u010da, uklonjiva<\/li>\n<li>Reflektujuc\u0301ih elemenata<\/li>\n<li>Poliester<\/li>\n<\/ul>\n<p>Dimenzije torbe: 19 x 28 x 42 cm<\/p>\n<p>Proizvo\u0111a\u010d: Trixie Heimtierbedarf<br \/>\nCountry of origin: Germany<\/p>\n\n    <div class=\"xs_social_share_widget xs_share_url after_content \t\tmain_content  wslu-style-1 wslu-share-box-shaped wslu-fill-colored wslu-none wslu-share-horizontal wslu-theme-font-no wslu-main_content\">\n\n\t\t\n        <ul>\n\t\t\t        <\/ul>\n    <\/div>","protected":false},"excerpt":{"rendered":"<p>Trixie Trasportna Torba Madison Crna Mo\u017ee se pri\u010dvrstiti na kolica Kop\u010de spre\u010davaju nenamerno otvaranje patent-zatvara\u010da Ekstra fino mre\u017easta mre\u017ea kao za\u0161tita od insekata Otvara se sa prednje strane Remen koji se mo\u017ee ukloniti Sa integrisanim kratkim kablom Podstavljena donja plo\u010da, uklonjiva Reflektujuc\u0301ih elemenata Poliester Dimenzije torbe: 19 x 28 x 42 cm Proizvo\u0111a\u010d: Trixie Heimtierbedarf [&hellip;]<\/p>\n","protected":false},"featured_media":21602,"comment_status":"open","ping_status":"closed","template":"","meta":{"_acf_changed":false},"pwb-brand":[465],"product_cat":[47,763,202],"product_tag":[],"class_list":{"0":"post-21601","1":"product","2":"type-product","3":"status-publish","4":"has-post-thumbnail","6":"pwb-brand-trixie","7":"product_cat-psi","8":"product_cat-krevetici-i-transporteri","9":"product_cat-oprema-za-pse","11":"first","12":"instock","13":"taxable","14":"shipping-taxable","15":"purchasable","16":"product-type-simple"},"acf":[],"brands":[{"id":465,"name":"Trixie","slug":"trixie"}],"_links":{"self":[{"href":"https:\/\/pawz.rs\/en\/wp-json\/wp\/v2\/product\/21601","targetHints":{"allow":["GET"]}}],"collection":[{"href":"https:\/\/pawz.rs\/en\/wp-json\/wp\/v2\/product"}],"about":[{"href":"https:\/\/pawz.rs\/en\/wp-json\/wp\/v2\/types\/product"}],"replies":[{"embeddable":true,"href":"https:\/\/pawz.rs\/en\/wp-json\/wp\/v2\/comments?post=21601"}],"wp:featuredmedia":[{"embeddable":true,"href":"https:\/\/pawz.rs\/en\/wp-json\/wp\/v2\/media\/21602"}],"wp:attachment":[{"href":"https:\/\/pawz.rs\/en\/wp-json\/wp\/v2\/media?parent=21601"}],"wp:term":[{"taxonomy":"pwb-brand","embeddable":true,"href":"https:\/\/pawz.rs\/en\/wp-json\/wp\/v2\/pwb-brand?post=21601"},{"taxonomy":"product_cat","embeddable":true,"href":"https:\/\/pawz.rs\/en\/wp-json\/wp\/v2\/product_cat?post=21601"},{"taxonomy":"product_tag","embeddable":true,"href":"https:\/\/pawz.rs\/en\/wp-json\/wp\/v2\/product_tag?post=21601"}],"curies":[{"name":"wp","href":"https:\/\/api.w.org\/{rel}","templated":true}]}}